{"id":1020,"date":"2022-12-15T22:41:20","date_gmt":"2022-12-15T21:41:20","guid":{"rendered":"https:\/\/hs1955.de\/ver2\/?page_id=1020"},"modified":"2025-01-08T13:52:21","modified_gmt":"2025-01-08T12:52:21","slug":"aerm-soeck","status":"publish","type":"page","link":"https:\/\/hs1955.de\/ver2\/die-zuege\/aerm-soeck\/","title":{"rendered":"\u00c4rm S\u00f6ck"},"content":{"rendered":"\n<hr>\n<p>&nbsp;<\/p>\n\n\n\n<p><img loading=\"lazy\" decoding=\"async\" class=\"alignleft wp-image-3267\" src=\"http:\/\/hs1955.de\/ver2\/wp-content\/uploads\/2025\/01\/aerm_soeck.jpg\" alt=\"\" width=\"800\" height=\"533\" srcset=\"https:\/\/hs1955.de\/ver2\/wp-content\/uploads\/2025\/01\/aerm_soeck.jpg 1600w, https:\/\/hs1955.de\/ver2\/wp-content\/uploads\/2025\/01\/aerm_soeck-300x200.jpg 300w, https:\/\/hs1955.de\/ver2\/wp-content\/uploads\/2025\/01\/aerm_soeck-1024x682.jpg 1024w, https:\/\/hs1955.de\/ver2\/wp-content\/uploads\/2025\/01\/aerm_soeck-768x512.jpg 768w, https:\/\/hs1955.de\/ver2\/wp-content\/uploads\/2025\/01\/aerm_soeck-1536x1023.jpg 1536w\" sizes=\"auto, (max-width: 800px) 100vw, 800px\" \/><\/p>\n<table style=\"width: 100%;\">\n<tbody>\n<tr>\n<td style=\"width: 30%;\"><span style=\"font-family: arial, helvetica, sans-serif; color: #1c351c;\">Gr\u00fcndungsjahr:<\/span><\/td>\n<td style=\"width: 70%;\"><span style=\"font-family: arial, helvetica, sans-serif; color: #1c351c;\">2018<\/span><\/td>\n<\/tr>\n<tr>\n<td style=\"width: 30%;\"><span style=\"font-family: arial, helvetica, sans-serif; color: #1c351c;\">Oberleutnant:<\/span><\/td>\n<td style=\"width: 70%;\"><span style=\"font-family: arial, helvetica, sans-serif; color: #1c351c;\">Frank Piel<\/span><\/td>\n<\/tr>\n<tr>\n<td style=\"width: 30%;\"><span style=\"font-family: arial, helvetica, sans-serif; color: #1c351c;\">Leutnant:<\/span><\/td>\n<td style=\"width: 70%;\"><span style=\"font-family: arial, helvetica, sans-serif; color: #1c351c;\">Andr\u00e9 Badur<\/span><\/td>\n<\/tr>\n<tr>\n<td style=\"width: 30%;\"><span style=\"font-family: arial, helvetica, sans-serif; color: #1c351c;\">Feldwebel:<\/span><\/td>\n<td style=\"width: 70%;\"><span style=\"font-family: arial, helvetica, sans-serif; color: #1c351c;\">Kevin H\u00fcsges<\/span><\/td>\n<\/tr>\n<tr>\n<td style=\"width: 30%;\"><span style=\"font-family: arial, helvetica, sans-serif; color: #1c351c;\">K\u00f6nig:<\/span><\/td>\n<td style=\"width: 70%;\"><span style=\"font-family: arial, helvetica, sans-serif;\">&#8211;<\/span><\/td>\n<\/tr>\n<tr>\n<td style=\"width: 30%;\"><span style=\"font-family: arial, helvetica, sans-serif; color: #1c351c;\">Anzahl Aktive<\/span><\/td>\n<td style=\"width: 70%;\"><span style=\"font-family: arial, helvetica, sans-serif; color: #1c351c;\">14<\/span><\/td>\n<\/tr>\n<tr>\n<td style=\"width: 30%;\"><span style=\"font-family: arial, helvetica, sans-serif; color: #1c351c;\">\u00a0<\/span><\/td>\n<td style=\"width: 70%;\"><span style=\"font-family: arial, helvetica, sans-serif; color: #1c351c;\">\u00a0<\/span><\/td>\n<\/tr>\n<\/tbody>\n<\/table>\n<p><span style=\"font-family: arial, helvetica, sans-serif;\">Charakter Famili\u00e4rer Zug Einbeziehung der Frauen und Kinder sind aktiv integriert Unser Motto: Gro\u00dfe Gemeinschaft, in der jeder auf den anderen achtet und unterst\u00fctzt. Der Sch\u00fctzenzug \u00c4rm S\u00f6ck zeichnet sich durch seine herzliche Atmosph\u00e4re und den starken Zusammenhalt aus. Die Mitglieder unterst\u00fctzen sich gegenseitig und schaffen ein Umfeld, in dem sich Familien wohlf\u00fchlen k\u00f6nnen. Der Zug f\u00f6rdert nicht nur das Gemeinschaftsgef\u00fchl, sondern auch die Traditionen des Sch\u00fctzenwesens. Keiner ist alleine, wo einer von uns ist, ist der zweite, dritte \u2026\u2026.. nicht weit.<\/span><\/p>\n","protected":false},"excerpt":{"rendered":"<p>&nbsp; Gr\u00fcndungsjahr: 2018 Oberleutnant: Frank Piel Leutnant: Andr\u00e9 Badur Feldwebel: Kevin H\u00fcsges K\u00f6nig: &#8211; Anzahl Aktive 14 \u00a0 \u00a0 Charakter Famili\u00e4rer Zug Einbeziehung der Frauen und Kinder sind aktiv integriert Unser Motto: Gro\u00dfe Gemeinschaft, in der jeder auf den anderen achtet und unterst\u00fctzt. Der Sch\u00fctzenzug \u00c4rm S\u00f6ck zeichnet sich durch seine herzliche Atmosph\u00e4re und den [&hellip;]<\/p>\n","protected":false},"author":1,"featured_media":0,"parent":137,"menu_order":0,"comment_status":"closed","ping_status":"closed","template":"","meta":{"footnotes":""},"class_list":["post-1020","page","type-page","status-publish","hentry"],"aioseo_notices":[],"_links":{"self":[{"href":"https:\/\/hs1955.de\/ver2\/wp-json\/wp\/v2\/pages\/1020","targetHints":{"allow":["GET"]}}],"collection":[{"href":"https:\/\/hs1955.de\/ver2\/wp-json\/wp\/v2\/pages"}],"about":[{"href":"https:\/\/hs1955.de\/ver2\/wp-json\/wp\/v2\/types\/page"}],"author":[{"embeddable":true,"href":"https:\/\/hs1955.de\/ver2\/wp-json\/wp\/v2\/users\/1"}],"replies":[{"embeddable":true,"href":"https:\/\/hs1955.de\/ver2\/wp-json\/wp\/v2\/comments?post=1020"}],"version-history":[{"count":9,"href":"https:\/\/hs1955.de\/ver2\/wp-json\/wp\/v2\/pages\/1020\/revisions"}],"predecessor-version":[{"id":3353,"href":"https:\/\/hs1955.de\/ver2\/wp-json\/wp\/v2\/pages\/1020\/revisions\/3353"}],"up":[{"embeddable":true,"href":"https:\/\/hs1955.de\/ver2\/wp-json\/wp\/v2\/pages\/137"}],"wp:attachment":[{"href":"https:\/\/hs1955.de\/ver2\/wp-json\/wp\/v2\/media?parent=1020"}],"curies":[{"name":"wp","href":"https:\/\/api.w.org\/{rel}","templated":true}]}}