{"id":127,"date":"2017-02-26T18:40:43","date_gmt":"2017-02-26T17:40:43","guid":{"rendered":"http:\/\/hs1955.de\/ver2\/?page_id=127"},"modified":"2024-12-25T22:34:10","modified_gmt":"2024-12-25T21:34:10","slug":"impressum","status":"publish","type":"page","link":"https:\/\/hs1955.de\/ver2\/impressum\/","title":{"rendered":"Impressum"},"content":{"rendered":"\n<hr \/>\n<p>\u00a0<\/p>\n\n\n<table style=\"border-collapse: collapse; width: 100%;\">\n<tbody>\n<tr>\n<td style=\"width: 100%;\"><span style=\"font-family: arial, helvetica, sans-serif; color: #1c351c;\"><strong>Betreiber &amp; Verantwortlich<\/strong><\/span><\/td>\n<\/tr>\n<tr>\n<td style=\"width: 100%;\"><span style=\"font-family: arial, helvetica, sans-serif; color: #1c351c;\">\u00a0<\/span><\/td>\n<\/tr>\n<tr>\n<td style=\"width: 100%;\"><span style=\"font-family: arial, helvetica, sans-serif; color: #1c351c;\">St. Hubertussch\u00fctzen Neuss-Furth e. V.<\/span><br \/><span style=\"font-family: arial, helvetica, sans-serif; color: #1c351c;\"> Vertreten durch den 1.\u00a0Vorsitzenden:<\/span><br \/><span style=\"font-family: arial, helvetica, sans-serif; color: #1c351c;\"> Marcel H\u00e4hnen<\/span><br \/><span style=\"font-family: arial, helvetica, sans-serif; color: #1c351c;\"> Am Leuchtenhof 6 a<\/span><br \/><span style=\"font-family: arial, helvetica, sans-serif; color: #1c351c;\"> 41462 Neuss<br \/>Vorstand[AT]hs1955.de<\/span><\/td>\n<\/tr>\n<tr>\n<td style=\"width: 100%;\"><span style=\"font-family: arial, helvetica, sans-serif; color: #1c351c;\">\u00a0<\/span><\/td>\n<\/tr>\n<tr>\n<td style=\"width: 100%;\"><span style=\"font-family: arial, helvetica, sans-serif; color: #1c351c;\">Registergericht: AG Neuss<\/span><br \/><span style=\"font-family: arial, helvetica, sans-serif; color: #1c351c;\">Registernummer: VR 2909<\/span><\/td>\n<\/tr>\n<tr>\n<td style=\"width: 100%;\"><span style=\"font-family: arial, helvetica, sans-serif; color: #1c351c;\">\u00a0<\/span><\/td>\n<\/tr>\n<tr>\n<td style=\"width: 100%;\"><span style=\"font-family: arial, helvetica, sans-serif; color: #1c351c;\"><strong>Urheberrecht<\/strong><\/span>\n<p><span style=\"font-family: arial, helvetica, sans-serif; color: #1c351c;\">Die Urheber- und Nutzungsrechte dieser Webseite (Fotos, Grafik, Texte, etc.)\u00a0&#8211; soweit nicht anderweitig angegeben &#8211;\u00a0liegen bei\u00a0den\u00a0St. Hubertussch\u00fctzen Neuss-Furth e. V.. Die nicht-kommerzielle Erstellung, Verwendung und Weitergabe von Kopien in elektronischer oder ausgedruckter Form sind erlaubt, wenn der Inhalt unver\u00e4ndert bleibt, die Quelle angegeben wird (<a style=\"color: #1c351c;\" href=\"http:\/\/www.hs1955.de\" target=\"_blank\" rel=\"noopener\">www.hs1955.de<\/a>) und keine Rechte Dritter betroffen sind.<\/span><\/p>\n<\/td>\n<\/tr>\n<tr>\n<td style=\"width: 100%;\">\u00a0<\/td>\n<\/tr>\n<tr>\n<td style=\"width: 100%;\"><span style=\"font-family: arial, helvetica, sans-serif; color: #1c351c;\"><strong>Haftungsausschluss<\/strong><\/span>\n<p><span style=\"font-family: arial, helvetica, sans-serif; color: #1c351c;\">Die\u00a0St. Hubertussch\u00fctzen Neuss-Furth e. V. erstellen die Informationen f\u00fcr dieses Internetangebot mit gro\u00dfer Sorgfalt und sind\u00a0darum bem\u00fcht, Aktualit\u00e4t, Korrektheit und Vollst\u00e4ndigkeit sicher zu stellen. Alle Inhalte sind zur allgemeinen Information bestimmt und stellen keine gesch\u00e4ftliche, rechtliche oder sonstige Beratungsdienstleistung dar. Die\u00a0St. Hubertussch\u00fctzen Neuss-Furth e. V. \u00fcbernehmen keine Gew\u00e4hr und haften\u00a0nicht f\u00fcr etwaige Sch\u00e4den materieller oder ideeller Art, die durch Nutzung des Dienstes verursacht werden, soweit sie nicht nachweislich durch Vorsatz oder grobe Fahrl\u00e4ssigkeit verschuldet sind.<\/span><\/p>\n<p><span style=\"font-family: arial, helvetica, sans-serif; color: #1c351c;\">Die in diesem Internetangebot ver\u00f6ffentlichten Inhalte sind sorgf\u00e4ltig zusammengestellt, erheben aber keinen Anspruch auf Aktualit\u00e4t beziehungsweise Vollst\u00e4ndigkeit.<\/span><\/p>\n<p><span style=\"font-family: arial, helvetica, sans-serif; color: #1c351c;\">Aus diesem Internetangebot heraus wird auf zahlreiche Angebote im Internet verwiesen. Die Inhalte der verlinkten Seiten sind u. a. von Institutionen gestaltet, auf die die\u00a0St. Hubertussch\u00fctzen Neuss-Furth e. V. keinen Einfluss\u00a0haben. Die\u00a0St. Hubertussch\u00fctzen von 1955 Neuss-Furth\u00a0machen sich die dort aufgef\u00fchrten Inhalte nicht zu eigen. F\u00fcr die Angebote Dritter wird keinerlei Haftung \u00fcbernommen. Sollten Sie auf den Seiten dieses Internetangebotes oder auf solchen, auf die verwiesen wird, bedenkliche oder rechtswidrige Inhalte feststellen, sind die\u00a0St. Hubertussch\u00fctzen Neuss-Furth e. V. f\u00fcr einen entsprechenden Hinweis dankbar.<\/span><\/p>\n<p><span style=\"font-family: arial, helvetica, sans-serif; color: #1c351c;\">Zus\u00e4tzlich weisen wir darauf hin, dass Teile der Seiten oder das gesamte Angebot des dieses Internetangebotes ohne gesonderte Ank\u00fcndigung ver\u00e4ndert, erg\u00e4nzt, oder gel\u00f6scht werden k\u00f6nnen. Auch die vor\u00fcbergehende oder endg\u00fcltige Beendigung der Ver\u00f6ffentlichung ist ohne Ank\u00fcndigung m\u00f6glich.<\/span><\/p>\n<\/td>\n<\/tr>\n<tr>\n<td style=\"width: 100%;\">\u00a0<\/td>\n<\/tr>\n<tr>\n<td style=\"width: 100%;\"><span style=\"font-family: arial, helvetica, sans-serif; color: #1c351c;\"><strong>Datenschutz<\/strong><\/span>\n<p><span style=\"font-family: arial, helvetica, sans-serif; color: #1c351c;\">Sofern innerhalb des Internetangebotes die M\u00f6glichkeit zur Eingabe pers\u00f6nlicher Daten (Emailadressen, Namen, Anschriften) besteht, so erfolgt die Preisgabe dieser Daten seitens des Nutzers auf ausdr\u00fccklich freiwilliger Basis. Die Inanspruchnahme aller angebotenen Dienste ist \u2013 soweit technisch m\u00f6glich und zumutbar \u2013 auch ohne Angabe solcher Daten bzw. unter Angabe anonymisierter Daten oder eines Pseudonyms gestattet. Die Nutzung der im Rahmen des Impressums oder vergleichbarer Angaben ver\u00f6ffentlichten Kontaktdaten wie Postanschriften, Telefon- und Faxnummern sowie Emailadressen durch Dritte zur \u00dcbersendung von nicht ausdr\u00fccklich angeforderten Informationen ist nicht gestattet. Rechtliche Schritte gegen die Versender von sogenannten Spam-Mails bei Verst\u00f6\u00dfen gegen dieses Verbot sind ausdr\u00fccklich vorbehalten.<\/span><\/p>\n<\/td>\n<\/tr>\n<\/tbody>\n<\/table>","protected":false},"excerpt":{"rendered":"<p>\u00a0 Betreiber &amp; Verantwortlich \u00a0 St. Hubertussch\u00fctzen Neuss-Furth e. V. Vertreten durch den 1.\u00a0Vorsitzenden: Marcel H\u00e4hnen Am Leuchtenhof 6 a 41462 NeussVorstand[AT]hs1955.de \u00a0 Registergericht: AG NeussRegisternummer: VR 2909 \u00a0 Urheberrecht Die Urheber- und Nutzungsrechte dieser Webseite (Fotos, Grafik, Texte, etc.)\u00a0&#8211; soweit nicht anderweitig angegeben &#8211;\u00a0liegen bei\u00a0den\u00a0St. Hubertussch\u00fctzen Neuss-Furth e. V.. Die nicht-kommerzielle Erstellung, Verwendung und [&hellip;]<\/p>\n","protected":false},"author":1,"featured_media":0,"parent":0,"menu_order":0,"comment_status":"closed","ping_status":"closed","template":"","meta":{"footnotes":""},"class_list":["post-127","page","type-page","status-publish","hentry"],"aioseo_notices":[],"_links":{"self":[{"href":"https:\/\/hs1955.de\/ver2\/wp-json\/wp\/v2\/pages\/127","targetHints":{"allow":["GET"]}}],"collection":[{"href":"https:\/\/hs1955.de\/ver2\/wp-json\/wp\/v2\/pages"}],"about":[{"href":"https:\/\/hs1955.de\/ver2\/wp-json\/wp\/v2\/types\/page"}],"author":[{"embeddable":true,"href":"https:\/\/hs1955.de\/ver2\/wp-json\/wp\/v2\/users\/1"}],"replies":[{"embeddable":true,"href":"https:\/\/hs1955.de\/ver2\/wp-json\/wp\/v2\/comments?post=127"}],"version-history":[{"count":27,"href":"https:\/\/hs1955.de\/ver2\/wp-json\/wp\/v2\/pages\/127\/revisions"}],"predecessor-version":[{"id":3157,"href":"https:\/\/hs1955.de\/ver2\/wp-json\/wp\/v2\/pages\/127\/revisions\/3157"}],"wp:attachment":[{"href":"https:\/\/hs1955.de\/ver2\/wp-json\/wp\/v2\/media?parent=127"}],"curies":[{"name":"wp","href":"https:\/\/api.w.org\/{rel}","templated":true}]}}