{"id":129,"date":"2017-02-26T18:41:36","date_gmt":"2017-02-26T17:41:36","guid":{"rendered":"http:\/\/hs1955.de\/ver2\/?page_id=129"},"modified":"2025-12-01T22:14:51","modified_gmt":"2025-12-01T21:14:51","slug":"downloads","status":"publish","type":"page","link":"https:\/\/hs1955.de\/ver2\/downloads\/","title":{"rendered":"Downloads"},"content":{"rendered":"\n<hr>\n<p>&nbsp;<\/p>\n\n\n<h4><span style=\"font-family: arial, helvetica, sans-serif; color: #1c351c;\"><strong>St. Hubertussch\u00fctzen 1955 <br \/>Neuss-Furth e. V.<\/strong><\/span><\/h4>\n<p>\u00a0<\/p>\n<p><span style=\"font-family: arial, helvetica, sans-serif;\"><a href=\"http:\/\/hs1955.de\/ver2\/wp-content\/uploads\/2025\/01\/Satzung_2025.pdf\" target=\"_blank\" rel=\"noopener\">Satzung (Stand 2025)<\/a><\/span><\/p>\n<p>\u00a0<\/p>\n<p><span style=\"font-family: arial, helvetica, sans-serif;\"><a href=\"http:\/\/hs1955.de\/ver2\/wp-content\/uploads\/2025\/12\/Termine-2026.pdf\" target=\"_blank\" rel=\"noopener\">Terminliste 2026<\/a><\/span><\/p>\n<p>\u00a0<\/p>\n<p><span style=\"font-family: arial, helvetica, sans-serif;\"><a href=\"http:\/\/hs1955.de\/ver2\/wp-content\/uploads\/2025\/12\/mitgliedsantrag_hubertus_aktiv.pdf\" target=\"_blank\" rel=\"noopener\">Mitgliedsantrag aktiv<\/a><\/span><\/p>\n<p>\u00a0<\/p>\n<p><a href=\"http:\/\/hs1955.de\/ver2\/wp-content\/uploads\/2025\/12\/mitgliedsantrag_hubertus_passiv.pdf\" target=\"_blank\" rel=\"noopener\">Mitgliedsantrag passiv<\/a><\/p>\n<p>\u00a0<\/p>\n<p><span style=\"font-family: arial, helvetica, sans-serif;\"><a href=\"http:\/\/hs1955.de\/ver2\/wp-content\/uploads\/2025\/12\/ordensantrag_hubertus.pdf\" target=\"_blank\" rel=\"noopener\">Antrag auf Verleihung einer Auszeichnung<\/a><\/span><\/p>\n<h4>\u00a0<\/h4>\n<h4>\u00a0<\/h4>\n<h4><span style=\"font-family: arial, helvetica, sans-serif; color: #1c351c;\"><strong>St. Sebastianus Sch\u00fctzenbruderschaft <br \/>Neuss-Furth e. V.<\/strong><\/span><\/h4>\n<p>\u00a0<\/p>\n<p><span style=\"font-family: arial, helvetica, sans-serif;\"><a href=\"https:\/\/bruderschaft-furth.de\/wp-content\/uploads\/2021\/04\/Satzung_beschlossen_15.03.2019.pdf\">Satzung (2019)<\/a><\/span><\/p>\n<p>\u00a0<\/p>\n<p><span style=\"font-family: arial, helvetica, sans-serif;\"><a href=\"https:\/\/bruderschaft-furth.de\/wp-content\/uploads\/2021\/04\/Eintrittserklaerung_mit_Einwilligung_Furth.docx\">Aufnahmeantrag<\/a><\/span><\/p>\n<p>\u00a0<\/p>\n<p><span style=\"font-family: arial, helvetica, sans-serif;\"><a href=\"https:\/\/bruderschaft-furth.de\/wp-content\/uploads\/2021\/04\/jubilarmeldung_bruderschaft.doc\">Meldeliste f\u00fcr das Volks- und Heimatfest<\/a><\/span><\/p>\n<p>\u00a0<\/p>\n<p><span style=\"font-family: arial, helvetica, sans-serif;\"><a href=\"https:\/\/bruderschaft-furth.de\/wp-content\/uploads\/2021\/04\/jubilarmeldung_bruderschaft.doc\">Meldung f\u00fcr Bruderschaftsjubil\u00e4en<\/a><\/span><\/p>\n<p>\u00a0<\/p>\n<p><span style=\"font-family: arial, helvetica, sans-serif;\"><a href=\"https:\/\/bruderschaft-furth.de\/wp-content\/uploads\/2021\/04\/jubilarmeldung_regiment.doc\">Meldung f\u00fcr Regimentsjubil\u00e4en<\/a><\/span><\/p>\n<p>\u00a0<\/p>\n<p><span style=\"font-family: arial, helvetica, sans-serif;\"><a href=\"https:\/\/bruderschaft-furth.de\/wp-content\/uploads\/2021\/04\/antrag_svk.doc\">Ordensantrag silbernes Verdienstkreuzes (BHDS)<\/a><\/span><\/p>\n<p>\u00a0<\/p>\n<p><span style=\"font-family: arial, helvetica, sans-serif;\"><a href=\"https:\/\/bruderschaft-furth.de\/wp-content\/uploads\/2021\/04\/antrag_hbo_sek_schulterband_sonstige.doc\">Ordensantrag sonstigen Orden (BHDS)<\/a><\/span><\/p>\n<p>\u00a0<\/p>\n<p><span style=\"font-family: arial, helvetica, sans-serif;\"><a href=\"http:\/\/hs1955.de\/ver2\/dl\/antrag_regimentsorden.pdf\">Ordensantrag Regimentsorden<\/a><\/span><\/p>\n<p>\u00a0<\/p>\n<p><span style=\"font-family: arial, helvetica, sans-serif;\"><a href=\"https:\/\/bruderschaft-furth.de\/wp-content\/uploads\/2021\/04\/Einverstaendniserklaerung_Schiessen_2016.pdf\">Einverst\u00e4ndniserkl\u00e4rung f\u00fcr Jungsch\u00fctzen<\/a><\/span><\/p>\n<p>\u00a0<\/p>\n<p><span style=\"font-family: arial, helvetica, sans-serif;\"><a href=\"https:\/\/bruderschaft-furth.de\/wp-content\/uploads\/2021\/04\/Merkblatt_fuer_Prinzen_und_Anmeldung.pdf\">Merkblatt Anmeldung zum Prinzenschie\u00dfen<\/a><\/span><\/p>\n\n","protected":false},"excerpt":{"rendered":"<p>&nbsp; St. Hubertussch\u00fctzen 1955 Neuss-Furth e. V. \u00a0 Satzung (Stand 2025) \u00a0 Terminliste 2026 \u00a0 Mitgliedsantrag aktiv \u00a0 Mitgliedsantrag passiv \u00a0 Antrag auf Verleihung einer Auszeichnung \u00a0 \u00a0 St. Sebastianus Sch\u00fctzenbruderschaft Neuss-Furth e. V. \u00a0 Satzung (2019) \u00a0 Aufnahmeantrag \u00a0 Meldeliste f\u00fcr das Volks- und Heimatfest \u00a0 Meldung f\u00fcr Bruderschaftsjubil\u00e4en \u00a0 Meldung f\u00fcr Regimentsjubil\u00e4en \u00a0 [&hellip;]<\/p>\n","protected":false},"author":1,"featured_media":0,"parent":0,"menu_order":0,"comment_status":"closed","ping_status":"closed","template":"","meta":{"footnotes":""},"class_list":["post-129","page","type-page","status-publish","hentry"],"aioseo_notices":[],"_links":{"self":[{"href":"https:\/\/hs1955.de\/ver2\/wp-json\/wp\/v2\/pages\/129","targetHints":{"allow":["GET"]}}],"collection":[{"href":"https:\/\/hs1955.de\/ver2\/wp-json\/wp\/v2\/pages"}],"about":[{"href":"https:\/\/hs1955.de\/ver2\/wp-json\/wp\/v2\/types\/page"}],"author":[{"embeddable":true,"href":"https:\/\/hs1955.de\/ver2\/wp-json\/wp\/v2\/users\/1"}],"replies":[{"embeddable":true,"href":"https:\/\/hs1955.de\/ver2\/wp-json\/wp\/v2\/comments?post=129"}],"version-history":[{"count":49,"href":"https:\/\/hs1955.de\/ver2\/wp-json\/wp\/v2\/pages\/129\/revisions"}],"predecessor-version":[{"id":3464,"href":"https:\/\/hs1955.de\/ver2\/wp-json\/wp\/v2\/pages\/129\/revisions\/3464"}],"wp:attachment":[{"href":"https:\/\/hs1955.de\/ver2\/wp-json\/wp\/v2\/media?parent=129"}],"curies":[{"name":"wp","href":"https:\/\/api.w.org\/{rel}","templated":true}]}}