{"id":131,"date":"2017-02-26T18:41:59","date_gmt":"2017-02-26T17:41:59","guid":{"rendered":"http:\/\/hs1955.de\/ver2\/?page_id=131"},"modified":"2025-12-01T22:28:34","modified_gmt":"2025-12-01T21:28:34","slug":"links","status":"publish","type":"page","link":"https:\/\/hs1955.de\/ver2\/links\/","title":{"rendered":"Links"},"content":{"rendered":"\n<hr>\n<p>&nbsp;<\/p>\n\n\n<table style=\"border-collapse: collapse; width: 100%; height: 721px;\">\n<tbody>\n<tr style=\"height: 24px;\">\n<td style=\"width: 100%; height: 24px;\">\n<h4><span style=\"color: #1c351c; font-family: arial, helvetica, sans-serif;\"><strong>Z\u00fcge unseres Corps<\/strong><\/span><\/h4>\n<\/td>\n<\/tr>\n<tr style=\"height: 23px;\">\n<td style=\"width: 100%; height: 23px;\">\u00a0<\/td>\n<\/tr>\n<tr style=\"height: 24px;\">\n<td style=\"width: 100%; height: 24px;\"><span style=\"color: #1c351c; font-family: arial, helvetica, sans-serif;\"><a style=\"color: #1c351c;\" href=\"https:\/\/www.facebook.com\/pages\/Hubertuszug-Fidele-Fooder\/356801171095849\" target=\"_blank\" rel=\"noopener\">Hubertuszug &#8222;Fidele Fooder&#8220;<\/a><\/span><\/td>\n<\/tr>\n<tr style=\"height: 24px;\">\n<td style=\"width: 100%; height: 24px;\"><span style=\"font-family: arial, helvetica, sans-serif; color: #1c351c;\"><a style=\"color: #1c351c;\" href=\"https:\/\/www.facebook.com\/pages\/Hubertuszug-Further-Jungsch%C3%BCtzen-von-1955-Neuss-Furth\/535478963210118?ref=bookmarks\" target=\"_blank\" rel=\"noopener\">Hubertuszug &#8222;Further Jungsch\u00fctzen&#8220;<\/a><\/span><\/td>\n<\/tr>\n<tr style=\"height: 24px;\">\n<td style=\"width: 100%; height: 24px;\"><span style=\"color: #1c351c; font-family: arial, helvetica, sans-serif;\"><a style=\"color: #1c351c;\" href=\"https:\/\/www.facebook.com\/profile.php?id=100078763419428\" target=\"_blank\" rel=\"noopener\">Hubertuszug &#8222;Mer k\u00f6\u00f6nne och ohne ze speele&#8220;<\/a><\/span><\/td>\n<\/tr>\n<tr style=\"height: 24px;\">\n<td style=\"width: 100%; height: 24px;\"><span style=\"color: #1c351c; font-family: arial, helvetica, sans-serif;\"><a style=\"color: #1c351c;\" href=\"http:\/\/springender-hirsch.jimdo.com\/\" target=\"_blank\" rel=\"noopener\">Hubertuszug &#8222;Springender Hirsch&#8220;<\/a><\/span><\/td>\n<\/tr>\n<tr style=\"height: 24px;\">\n<td style=\"width: 100%; height: 24px;\"><span style=\"color: #1c351c; font-family: arial, helvetica, sans-serif;\"><a style=\"color: #1c351c;\" href=\"http:\/\/www.utjespellt.de\/\" target=\"_blank\" rel=\"noopener\">Hubertuszug &#8222;Utjespellt&#8220;<\/a><\/span><\/td>\n<\/tr>\n<tr style=\"height: 24px;\">\n<td style=\"width: 100%; height: 24px;\"><span style=\"color: #1c351c; font-family: arial, helvetica, sans-serif;\"><a style=\"color: #1c351c;\" href=\"http:\/\/www.wisseberger-jonges.de\/\" target=\"_blank\" rel=\"noopener\">Hubertuszug &#8222;Wisseberger Jonges&#8220;<\/a><\/span><\/td>\n<\/tr>\n<tr style=\"height: 24px;\">\n<td style=\"width: 100%; height: 24px;\"><span style=\"color: #1c351c; font-family: arial, helvetica, sans-serif;\"><a style=\"color: #1c351c;\" href=\"http:\/\/bruderschaft-furth.de\/\" target=\"_blank\" rel=\"noopener\">St. Sebastianus Sch\u00fctzenbruderschaft Neuss-Furth\u00a0e. V. 1932<\/a><\/span><\/td>\n<\/tr>\n<tr style=\"height: 31px;\">\n<td style=\"width: 100%; height: 31px;\"><span style=\"color: #1c351c; font-family: arial, helvetica, sans-serif;\">\u00a0<\/span><\/td>\n<\/tr>\n<tr style=\"height: 24px;\">\n<td style=\"width: 100%; height: 24px;\">\n<h4><span style=\"color: #1c351c; font-family: arial, helvetica, sans-serif;\"><strong>Sch\u00fctzen der Neusser Furth<\/strong><\/span><\/h4>\n<\/td>\n<\/tr>\n<tr style=\"height: 31px;\">\n<td style=\"width: 100%; height: 31px;\"><span style=\"color: #1c351c; font-family: arial, helvetica, sans-serif;\">\u00a0<\/span><\/td>\n<\/tr>\n<tr style=\"height: 24px;\">\n<td style=\"width: 100%; height: 24px;\"><span style=\"color: #1c351c; font-family: arial, helvetica, sans-serif;\"><a style=\"color: #1c351c;\" href=\"http:\/\/grenadierkorps-furth-1932.de\/\" target=\"_blank\" rel=\"noopener\">Grenadierkorps Neuss-Furth gegr. 1932<\/a><br \/><\/span><\/td>\n<\/tr>\n<tr style=\"height: 24px;\">\n<td style=\"width: 100%; height: 24px;\"><a href=\"https:\/\/www.facebook.com\/Edelknaben\" target=\"_blank\" rel=\"noopener\"><span style=\"font-family: arial, helvetica, sans-serif;\"><span style=\"color: #1d361d;\">Edelknabencorps Neuss-Furth gegr. 1912<\/span><\/span><\/a><\/td>\n<\/tr>\n<tr style=\"height: 31px;\">\n<td style=\"width: 100%; height: 31px;\"><span style=\"color: #1c351c; font-family: arial, helvetica, sans-serif;\"><a style=\"color: #1c351c;\" href=\"http:\/\/jcnf.de\/\" target=\"_blank\" rel=\"noopener\">J\u00e4gercorps Neuss-Furth gegr. 1932<\/a><br \/><\/span><\/td>\n<\/tr>\n<tr style=\"height: 31px;\">\n<td style=\"width: 100%; height: 31px;\"><span style=\"color: #1c351c; font-family: arial, helvetica, sans-serif;\"><a style=\"color: #1c351c;\" href=\"http:\/\/www.scheibenschuetzen.de\/\" target=\"_blank\" rel=\"noopener\">Scheibensch\u00fctzen Neuss-Furth 1932<\/a><\/span><\/td>\n<\/tr>\n<tr style=\"height: 31px;\">\n<td style=\"width: 100%; height: 31px;\"><span style=\"color: #1c351c; font-family: arial, helvetica, sans-serif;\"><a style=\"color: #1c351c;\" href=\"https:\/\/www.facebook.com\/WSS1949\/?locale=de_DE\" target=\"_blank\" rel=\"noopener\">Weissenberger Scheibensch\u00fctzen Gesellschaft 1949<\/a><\/span><\/td>\n<\/tr>\n<tr style=\"height: 31px;\">\n<td style=\"width: 100%; height: 31px;\"><span style=\"color: #1c351c; font-family: arial, helvetica, sans-serif;\"><a style=\"color: #1c351c;\" href=\"https:\/\/www.facebook.com\/ACNF1984\" target=\"_blank\" rel=\"noopener\">Artillerie-Corps Neuss-Furth 1984<\/a><\/span><\/td>\n<\/tr>\n<tr style=\"height: 31px;\">\n<td style=\"width: 100%; height: 31px;\"><span style=\"color: #1c351c; font-family: arial, helvetica, sans-serif;\"><a style=\"color: #1c351c;\" href=\"https:\/\/www.facebook.com\/RCNF1971\" target=\"_blank\" rel=\"noopener\">Reitercorps Neuss-Furth 1971 e. V.<\/a><\/span><\/td>\n<\/tr>\n<tr style=\"height: 31px;\">\n<td style=\"width: 100%; height: 31px;\"><span style=\"color: #1c351c; font-family: arial, helvetica, sans-serif;\">\u00a0<\/span><\/td>\n<\/tr>\n<tr style=\"height: 31px;\">\n<td style=\"width: 100%; height: 31px;\">\n<h4><span style=\"color: #1c351c; font-family: arial, helvetica, sans-serif;\"><strong>Sonstiges:<\/strong><\/span><\/h4>\n<\/td>\n<\/tr>\n<tr style=\"height: 31px;\">\n<td style=\"width: 100%; height: 31px;\"><span style=\"color: #1c351c; font-family: arial, helvetica, sans-serif;\">\u00a0<\/span><\/td>\n<\/tr>\n<tr style=\"height: 31px;\">\n<td style=\"width: 100%; height: 31px;\"><span style=\"color: #1c351c; font-family: arial, helvetica, sans-serif;\"><a style=\"color: #1c351c;\" href=\"https:\/\/e-g-s.eu\/\" target=\"_blank\" rel=\"noopener\">Europ\u00e4ischen Gemeinschaft Historischer Sch\u00fctzen (EGS)<\/a><\/span><\/td>\n<\/tr>\n<tr style=\"height: 31px;\">\n<td style=\"width: 100%; height: 31px;\"><span style=\"color: #1c351c; font-family: arial, helvetica, sans-serif;\"><a style=\"color: #1c351c;\" href=\"http:\/\/www.bund-bruderschaften.de\/\" target=\"_blank\" rel=\"noopener\">Bund der Historischen deutschen Bruderschaften e. V.<\/a><\/span><\/td>\n<\/tr>\n<tr style=\"height: 31px;\">\n<td style=\"width: 100%; height: 31px;\"><span style=\"color: #1c351c; font-family: arial, helvetica, sans-serif;\"><a style=\"color: #1c351c;\" href=\"http:\/\/www.dv-koeln.de\/\" target=\"_blank\" rel=\"noopener\">Di\u00f6szesanverband K\u00f6ln e. V.<\/a><\/span><\/td>\n<\/tr>\n<tr style=\"height: 31px;\">\n<td style=\"width: 100%; height: 31px;\"><span style=\"color: #1c351c; font-family: arial, helvetica, sans-serif;\"><a style=\"color: #1c351c;\" href=\"http:\/\/www.bezirksverband-neuss.de\/\" target=\"_blank\" rel=\"noopener\">BHDS Bezirksverband Neuss\u00a0e. V.<\/a><\/span><\/td>\n<\/tr>\n<\/tbody>\n<\/table>","protected":false},"excerpt":{"rendered":"<p>&nbsp; Z\u00fcge unseres Corps \u00a0 Hubertuszug &#8222;Fidele Fooder&#8220; Hubertuszug &#8222;Further Jungsch\u00fctzen&#8220; Hubertuszug &#8222;Mer k\u00f6\u00f6nne och ohne ze speele&#8220; Hubertuszug &#8222;Springender Hirsch&#8220; Hubertuszug &#8222;Utjespellt&#8220; Hubertuszug &#8222;Wisseberger Jonges&#8220; St. Sebastianus Sch\u00fctzenbruderschaft Neuss-Furth\u00a0e. V. 1932 \u00a0 Sch\u00fctzen der Neusser Furth \u00a0 Grenadierkorps Neuss-Furth gegr. 1932 Edelknabencorps Neuss-Furth gegr. 1912 J\u00e4gercorps Neuss-Furth gegr. 1932 Scheibensch\u00fctzen Neuss-Furth 1932 Weissenberger Scheibensch\u00fctzen [&hellip;]<\/p>\n","protected":false},"author":1,"featured_media":0,"parent":0,"menu_order":0,"comment_status":"closed","ping_status":"closed","template":"","meta":{"footnotes":""},"class_list":["post-131","page","type-page","status-publish","hentry"],"aioseo_notices":[],"_links":{"self":[{"href":"https:\/\/hs1955.de\/ver2\/wp-json\/wp\/v2\/pages\/131","targetHints":{"allow":["GET"]}}],"collection":[{"href":"https:\/\/hs1955.de\/ver2\/wp-json\/wp\/v2\/pages"}],"about":[{"href":"https:\/\/hs1955.de\/ver2\/wp-json\/wp\/v2\/types\/page"}],"author":[{"embeddable":true,"href":"https:\/\/hs1955.de\/ver2\/wp-json\/wp\/v2\/users\/1"}],"replies":[{"embeddable":true,"href":"https:\/\/hs1955.de\/ver2\/wp-json\/wp\/v2\/comments?post=131"}],"version-history":[{"count":15,"href":"https:\/\/hs1955.de\/ver2\/wp-json\/wp\/v2\/pages\/131\/revisions"}],"predecessor-version":[{"id":3470,"href":"https:\/\/hs1955.de\/ver2\/wp-json\/wp\/v2\/pages\/131\/revisions\/3470"}],"wp:attachment":[{"href":"https:\/\/hs1955.de\/ver2\/wp-json\/wp\/v2\/media?parent=131"}],"curies":[{"name":"wp","href":"https:\/\/api.w.org\/{rel}","templated":true}]}}