{"id":144,"date":"2017-02-26T18:49:44","date_gmt":"2017-02-26T17:49:44","guid":{"rendered":"http:\/\/hs1955.de\/ver2\/?page_id=144"},"modified":"2026-01-18T13:51:34","modified_gmt":"2026-01-18T12:51:34","slug":"vorstand","status":"publish","type":"page","link":"https:\/\/hs1955.de\/ver2\/das-corps\/vorstand\/","title":{"rendered":"Vorstand"},"content":{"rendered":"\n<hr>\n<p>&nbsp;<\/p>\n\n\n<table style=\"width: 100%; height: 991px;\">\n<tbody>\n<tr style=\"height: 31px;\">\n<td style=\"width: 99%; height: 31px;\" colspan=\"2\"><span style=\"font-family: arial, helvetica, sans-serif; color: #1c351c;\"><strong>Der gesch\u00e4ftsf\u00fchrende Vorstand:<\/strong><\/span><\/td>\n<\/tr>\n<tr style=\"height: 31px;\">\n<td style=\"vertical-align: top; width: 60.75%; height: 31px;\"><span style=\"font-family: arial, helvetica, sans-serif; color: #1c351c;\">\u00a0<\/span><\/td>\n<td style=\"vertical-align: top; width: 38.25%; height: 31px;\"><span style=\"font-family: arial, helvetica, sans-serif; color: #1c351c;\">\u00a0<\/span><\/td>\n<\/tr>\n<tr style=\"height: 31px;\">\n<td style=\"width: 60.75%; height: 31px;\"><span style=\"font-family: arial, helvetica, sans-serif; color: #1c351c;\">1. Vorsitzender:<\/span><\/td>\n<td style=\"width: 38.25%; height: 31px;\"><span style=\"font-family: arial, helvetica, sans-serif; color: #1c351c;\">Marcel H\u00e4hnen<\/span><\/td>\n<\/tr>\n<tr style=\"height: 31px;\">\n<td style=\"width: 60.75%; height: 31px;\"><span style=\"font-family: arial, helvetica, sans-serif; color: #1c351c;\">stellv. Vorsitzender:<\/span><\/td>\n<td style=\"width: 38.25%; height: 31px;\"><span style=\"font-family: arial, helvetica, sans-serif; color: #1c351c;\">Thomas Dost<\/span><\/td>\n<\/tr>\n<tr style=\"height: 31px;\">\n<td style=\"width: 60.75%; height: 31px;\"><span style=\"font-family: arial, helvetica, sans-serif; color: #1c351c;\">Kassierer:<\/span><\/td>\n<td style=\"width: 38.25%; height: 31px;\"><span style=\"font-family: arial, helvetica, sans-serif; color: #1c351c;\">Daniel Garbuio<\/span><\/td>\n<\/tr>\n<tr style=\"height: 31px;\">\n<td style=\"width: 60.75%; height: 31px;\"><span style=\"font-family: arial, helvetica, sans-serif; color: #1c351c;\">Schriftf\u00fchrer:<\/span><\/td>\n<td style=\"width: 38.25%; height: 31px;\"><span style=\"font-family: arial, helvetica, sans-serif; color: #1c351c;\">Lukas Thomanek<\/span><\/td>\n<\/tr>\n<tr style=\"height: 31px;\">\n<td style=\"width: 60.75%; height: 31px;\"><span style=\"font-family: arial, helvetica, sans-serif; color: #1c351c;\">\u00a0<\/span><\/td>\n<td style=\"width: 38.25%; height: 31px;\"><span style=\"font-family: arial, helvetica, sans-serif; color: #1c351c;\">\u00a0<\/span><\/td>\n<\/tr>\n<tr style=\"height: 31px;\">\n<td style=\"width: 60.75%; height: 31px;\"><span style=\"font-family: arial, helvetica, sans-serif; color: #1c351c;\"><strong>Der erweiterte Vorstand:<\/strong><\/span><\/td>\n<td style=\"width: 38.25%; height: 31px;\">\u00a0<\/td>\n<\/tr>\n<tr style=\"height: 31px;\">\n<td style=\"vertical-align: top; width: 60.75%; height: 31px;\"><span style=\"font-family: arial, helvetica, sans-serif; color: #1c351c;\">\u00a0<\/span><\/td>\n<td style=\"vertical-align: top; width: 38.25%; height: 31px;\"><span style=\"font-family: arial, helvetica, sans-serif; color: #1c351c;\">\u00a0<\/span><\/td>\n<\/tr>\n<tr style=\"height: 27px;\">\n<td style=\"width: 60.75%; height: 27px;\"><span style=\"font-family: arial, helvetica, sans-serif; color: #1c351c;\">stellv. Kassierer:<\/span><\/td>\n<td style=\"width: 38.25%; height: 27px;\"><span style=\"font-family: arial, helvetica, sans-serif; color: #1c351c;\">Sascha Krieg<br \/><\/span><\/td>\n<\/tr>\n<tr style=\"height: 31px;\">\n<td style=\"width: 60.75%; height: 31px;\"><span style=\"font-family: arial, helvetica, sans-serif; color: #1c351c;\">stellv. Kassierer:<\/span><\/td>\n<td style=\"width: 38.25%; height: 31px;\">Ingo G\u00e4rtner<\/td>\n<\/tr>\n<tr style=\"height: 31px;\">\n<td style=\"width: 60.75%; height: 31px;\"><span style=\"font-family: arial, helvetica, sans-serif; color: #1c351c;\">stellv. Schriftf\u00fchrer:<\/span><\/td>\n<td style=\"width: 38.25%; height: 31px;\"><span style=\"font-family: arial, helvetica, sans-serif; color: #1c351c;\">Robert Dost<\/span><\/td>\n<\/tr>\n<tr style=\"height: 31px;\">\n<td style=\"width: 60.75%; height: 31px;\"><span style=\"font-family: arial, helvetica, sans-serif; color: #1c351c;\">Major:<\/span><\/td>\n<td style=\"width: 38.25%; height: 31px;\"><span style=\"font-family: arial, helvetica, sans-serif; color: #1c351c;\">Frank Pelzer<\/span><\/td>\n<\/tr>\n<tr style=\"height: 31px;\">\n<td style=\"width: 60.75%; height: 31px;\"><span style=\"font-family: arial, helvetica, sans-serif; color: #1c351c;\">Adjutant:<\/span><\/td>\n<td style=\"width: 38.25%; height: 31px;\"><span style=\"font-family: arial, helvetica, sans-serif;\">Thomas Dost<\/span><\/td>\n<\/tr>\n<tr style=\"height: 31px;\">\n<td style=\"width: 60.75%; height: 31px;\"><span style=\"font-family: arial, helvetica, sans-serif; color: #1c351c;\">Hauptmann:<\/span><\/td>\n<td style=\"width: 38.25%; height: 31px;\"><span style=\"font-family: arial, helvetica, sans-serif; color: #1c351c;\">Robert Dost<\/span><\/td>\n<\/tr>\n<tr style=\"height: 31px;\">\n<td style=\"width: 60.75%; height: 31px;\"><span style=\"font-family: arial, helvetica, sans-serif; color: #1c351c;\">Schie\u00dfmeister:<\/span><\/td>\n<td style=\"width: 38.25%; height: 31px;\"><span style=\"font-family: arial, helvetica, sans-serif; color: #1c351c;\">Robert Dost<\/span><\/td>\n<\/tr>\n<tr style=\"height: 31px;\">\n<td style=\"width: 60.75%; height: 31px;\"><span style=\"font-family: arial, helvetica, sans-serif; color: #1c351c;\">stv. Schie\u00dfmeister:<\/span><\/td>\n<td style=\"width: 38.25%; height: 31px;\"><span style=\"font-family: arial, helvetica, sans-serif; color: #1c351c;\">G\u00fcnter Willen<\/span><\/td>\n<\/tr>\n<tr style=\"height: 31px;\">\n<td style=\"width: 60.75%; height: 31px;\"><span style=\"font-family: arial, helvetica, sans-serif; color: #1c351c;\">stv. Schie\u00dfmeister:<\/span><\/td>\n<td style=\"width: 38.25%; height: 31px;\"><span style=\"font-family: arial, helvetica, sans-serif; color: #1c351c;\">Helmuth Schneider<\/span><\/td>\n<\/tr>\n<tr style=\"height: 31px;\">\n<td style=\"width: 60.75%; height: 31px;\"><span style=\"font-family: arial, helvetica, sans-serif; color: #1c351c;\">Archivar:<\/span><\/td>\n<td style=\"width: 38.25%; height: 31px;\"><span style=\"font-family: arial, helvetica, sans-serif; color: #1c351c;\">Frank Sauer<\/span><\/td>\n<\/tr>\n<tr style=\"height: 31px;\">\n<td style=\"width: 60.75%; height: 31px;\"><span style=\"font-family: arial, helvetica, sans-serif; color: #1c351c;\">Jungsch\u00fctzenbeauftragter:<\/span><\/td>\n<td style=\"width: 38.25%; height: 31px;\"><span style=\"font-family: arial, helvetica, sans-serif; color: #1c351c;\">Jonas Neviandt<\/span><\/td>\n<\/tr>\n<tr style=\"height: 31px;\">\n<td style=\"width: 60.75%; height: 31px;\"><span style=\"font-family: arial, helvetica, sans-serif; color: #1c351c;\">stellv. Jungsch\u00fctzenbeauftragter:<\/span><\/td>\n<td style=\"width: 38.25%; height: 31px;\"><span style=\"font-family: arial, helvetica, sans-serif; color: #1c351c;\">Aaron Schillings<\/span><\/td>\n<\/tr>\n<tr style=\"height: 31px;\">\n<td style=\"width: 60.75%; height: 31px;\"><span style=\"font-family: arial, helvetica, sans-serif; color: #1c351c;\">Zeugwart:<\/span><\/td>\n<td style=\"width: 38.25%; height: 31px;\"><span style=\"font-family: arial, helvetica, sans-serif; color: #1c351c;\">Markus Thomanek<\/span><\/td>\n<\/tr>\n<tr style=\"height: 31px;\">\n<td style=\"width: 60.75%; height: 31px;\"><span style=\"font-family: arial, helvetica, sans-serif; color: #1c351c;\">Pressewart:<\/span><\/td>\n<td style=\"width: 38.25%; height: 31px;\"><span style=\"font-family: arial, helvetica, sans-serif; color: #1c351c;\">Carsten Bohnemann<\/span><\/td>\n<\/tr>\n<tr style=\"height: 31px;\">\n<td style=\"width: 60.75%; height: 31px;\"><span style=\"font-family: arial, helvetica, sans-serif; color: #1c351c;\">\u00a0<\/span><\/td>\n<td style=\"width: 38.25%; height: 31px;\"><span style=\"font-family: arial, helvetica, sans-serif; color: #1c351c;\">\u00a0<\/span><\/td>\n<\/tr>\n<tr style=\"height: 31px;\">\n<td style=\"width: 60.75%; vertical-align: top; height: 31px;\"><span style=\"font-family: arial, helvetica, sans-serif; color: #1c351c;\"><strong>Aussch\u00fcsse:<\/strong><\/span><\/td>\n<td style=\"width: 38.25%; height: 31px;\"><span style=\"font-family: arial, helvetica, sans-serif; color: #1c351c;\">\u00a0<\/span><\/td>\n<\/tr>\n<tr style=\"height: 31px;\">\n<td style=\"width: 60.75%; vertical-align: top; height: 31px;\"><span style=\"font-family: arial, helvetica, sans-serif; color: #1c351c;\">\u00a0<\/span><\/td>\n<td style=\"width: 38.25%; height: 31px;\"><span style=\"font-family: arial, helvetica, sans-serif; color: #1c351c;\">\u00a0<\/span><\/td>\n<\/tr>\n<tr style=\"height: 63px;\">\n<td style=\"width: 60.75%; vertical-align: top; height: 63px;\"><span style=\"font-family: arial, helvetica, sans-serif; color: #1c351c;\">Fackelbauausschuss:<\/span><\/td>\n<td style=\"width: 38.25%; height: 63px;\"><span style=\"font-family: arial, helvetica, sans-serif; color: #1c351c;\">Frank Piel<br \/>Michael Wilbertz<\/span><\/td>\n<\/tr>\n<tr style=\"height: 31px;\">\n<td style=\"width: 60.75%; height: 31px;\"><span style=\"font-family: arial, helvetica, sans-serif; color: #1c351c;\">\u00a0<\/span><\/td>\n<td style=\"width: 38.25%; height: 31px;\"><span style=\"font-family: arial, helvetica, sans-serif; color: #1c351c;\">\u00a0<\/span><\/td>\n<\/tr>\n<tr style=\"height: 95px;\">\n<td style=\"width: 60.75%; vertical-align: top; height: 95px;\"><span style=\"font-family: arial, helvetica, sans-serif; color: #1c351c;\">Festausschuss:<\/span><\/td>\n<td style=\"width: 38.25%; height: 95px;\"><span style=\"font-family: arial, helvetica, sans-serif; color: #1c351c;\">Frank Pelzer<br \/>Markus Thomanek<br \/>Thomas von Werden<\/span><\/td>\n<\/tr>\n<\/tbody>\n<\/table>","protected":false},"excerpt":{"rendered":"<p>&nbsp; Der gesch\u00e4ftsf\u00fchrende Vorstand: \u00a0 \u00a0 1. Vorsitzender: Marcel H\u00e4hnen stellv. Vorsitzender: Thomas Dost Kassierer: Daniel Garbuio Schriftf\u00fchrer: Lukas Thomanek \u00a0 \u00a0 Der erweiterte Vorstand: \u00a0 \u00a0 \u00a0 stellv. Kassierer: Sascha Krieg stellv. Kassierer: Ingo G\u00e4rtner stellv. Schriftf\u00fchrer: Robert Dost Major: Frank Pelzer Adjutant: Thomas Dost Hauptmann: Robert Dost Schie\u00dfmeister: Robert Dost stv. Schie\u00dfmeister: G\u00fcnter [&hellip;]<\/p>\n","protected":false},"author":1,"featured_media":0,"parent":135,"menu_order":0,"comment_status":"closed","ping_status":"closed","template":"","meta":{"footnotes":""},"class_list":["post-144","page","type-page","status-publish","hentry"],"aioseo_notices":[],"_links":{"self":[{"href":"https:\/\/hs1955.de\/ver2\/wp-json\/wp\/v2\/pages\/144","targetHints":{"allow":["GET"]}}],"collection":[{"href":"https:\/\/hs1955.de\/ver2\/wp-json\/wp\/v2\/pages"}],"about":[{"href":"https:\/\/hs1955.de\/ver2\/wp-json\/wp\/v2\/types\/page"}],"author":[{"embeddable":true,"href":"https:\/\/hs1955.de\/ver2\/wp-json\/wp\/v2\/users\/1"}],"replies":[{"embeddable":true,"href":"https:\/\/hs1955.de\/ver2\/wp-json\/wp\/v2\/comments?post=144"}],"version-history":[{"count":35,"href":"https:\/\/hs1955.de\/ver2\/wp-json\/wp\/v2\/pages\/144\/revisions"}],"predecessor-version":[{"id":3525,"href":"https:\/\/hs1955.de\/ver2\/wp-json\/wp\/v2\/pages\/144\/revisions\/3525"}],"up":[{"embeddable":true,"href":"https:\/\/hs1955.de\/ver2\/wp-json\/wp\/v2\/pages\/135"}],"wp:attachment":[{"href":"https:\/\/hs1955.de\/ver2\/wp-json\/wp\/v2\/media?parent=144"}],"curies":[{"name":"wp","href":"https:\/\/api.w.org\/{rel}","templated":true}]}}