{"id":152,"date":"2017-02-26T19:10:52","date_gmt":"2017-02-26T18:10:52","guid":{"rendered":"http:\/\/hs1955.de\/ver2\/?page_id=152"},"modified":"2025-01-11T17:05:10","modified_gmt":"2025-01-11T16:05:10","slug":"satzung","status":"publish","type":"page","link":"https:\/\/hs1955.de\/ver2\/das-corps\/satzung\/","title":{"rendered":"Satzung"},"content":{"rendered":"\n<hr>\n<p>&nbsp;<\/p>\n\n\n<h4><span style=\"font-family: arial, helvetica, sans-serif; color: #1c351c;\"><strong>\u00a7 1 Name, Sitz, Gesch\u00e4ftsjahr<\/strong><\/span><\/h4>\n<p>\u00a0<\/p>\n<p><span style=\"font-family: arial, helvetica, sans-serif; color: #1c351c;\">(1) Der Verein tr\u00e4gt den Namen St. Hubertussch\u00fctzen Neuss-Furth e. V. Er ist unter diesem Namen im Vereinsregister des Amtsgerichtes in Neuss unter der Nr. VR 2909 eingetragen.<\/span><\/p>\n<p><span style=\"font-family: arial, helvetica, sans-serif; color: #1c351c;\">(2) Sitz des Vereins ist Neuss-Furth.<\/span><\/p>\n<p><span style=\"font-family: arial, helvetica, sans-serif; color: #1c351c;\">(3) Das Gesch\u00e4ftsjahr ist das Kalenderjahr.<\/span><\/p>\n<p>\u00a0<\/p>\n<h4><span style=\"font-family: arial, helvetica, sans-serif; color: #1c351c;\"><strong>\u00a7 2 Zweck und Ziele des Vereins<\/strong><\/span><\/h4>\n<p>\u00a0<\/p>\n<p><span style=\"font-family: arial, helvetica, sans-serif; color: #1c351c;\">Zweck:<\/span><\/p>\n<p>\u00a0<\/p>\n<p><span style=\"font-family: arial, helvetica, sans-serif; color: #1c351c;\">(1) Der Verein verfolgt ausschlie\u00dflich und unmittelbar gemeinn\u00fctzige, mildt\u00e4tige Zwecke im Sinne des Abschnitts \u201eSteuerbeg\u00fcnstigte Zwecke\u201c der Abgabenordnung. Der Verein ist selbstlos t\u00e4tig; er verfolgt nicht in erster Linie eigenwirtschaftliche Zwecke.<\/span><\/p>\n<p><span style=\"font-family: arial, helvetica, sans-serif; color: #1c351c;\">(2) Mittel des Vereins d\u00fcrfen nur f\u00fcr die satzungsm\u00e4\u00dfigen Zwecke verwendet werden. Die Mitglieder erhalten in ihrer Eigenschaft als Mitglied keine Zuwendungen aus Mitteln des Vereins. Sie haben bei ihrem Ausscheiden keinerlei Anspr\u00fcche an das Vereinsverm\u00f6gen. Keine Person darf durch Ausgaben, die den Zwecken des Vereins fremd sind, oder durch unverh\u00e4ltnism\u00e4\u00dfig hohe Verg\u00fctungen beg\u00fcnstigt werden.<\/span><\/p>\n<p>\u00a0<\/p>\n<p><span style=\"font-family: arial, helvetica, sans-serif; color: #1c351c;\">Ziele:<\/span><\/p>\n<p>\u00a0<\/p>\n<p><span style=\"font-family: arial, helvetica, sans-serif; color: #1c351c;\">(1) Die Pflege der hohen Ideale von Glaube, Sitte und Heimat im Sinne des Bundes der Historischen Deutschen Sch\u00fctzenbruderschaften e.V.<\/span><\/p>\n<p><span style=\"font-family: arial, helvetica, sans-serif; color: #1c351c;\">(2) Die Pflege des Sch\u00fctzenbrauchtums durch Veranstaltungen, sowie durch aktive Teilnahme am Volks- und Heimatfest Neuss-Furth.<\/span><\/p>\n<p><span style=\"font-family: arial, helvetica, sans-serif; color: #1c351c;\">(3) Die Pflege des Schie\u00dfsports durch Training, Teilnahme an und Durchf\u00fchrung von Wettk\u00e4mpfen, hierbei besonders die F\u00f6rderung des Schie\u00dfsportnachwuchses.<\/span><\/p>\n<p><span style=\"font-family: arial, helvetica, sans-serif; color: #1c351c;\">(4) Pflege und Heranf\u00fchrung der Jugend an die Ideale im Sinne der St. Hubertussch\u00fctzen.<\/span><\/p>\n<p>\u00a0<\/p>\n<h4><span style=\"font-family: arial, helvetica, sans-serif; color: #1c351c;\"><strong>\u00a7 3 Mitgliedschaft<\/strong><\/span><\/h4>\n<p>\u00a0<\/p>\n<p><span style=\"font-family: arial, helvetica, sans-serif; color: #1c351c;\">(1) Mitglied der Hubertussch\u00fctzen kann jede Person ab dem 8. Lebensjahr werden, die die Satzung und Ziele der Hubertussch\u00fctzen beachtet.<\/span><\/p>\n<p><span style=\"font-family: arial, helvetica, sans-serif; color: #1c351c;\">(2) Die Mitgliedschaft bei den St. Hubertussch\u00fctzen, wird f\u00fcr jedes einzelne Mitglied durch die Aufnahme in einen Zug der St. Hubertussch\u00fctzen beantragt. Die Zugf\u00fchrung meldet das neue Mitglied schriftlich dem Vorstand. \u00dcber die Aufnahme bei den St. Hubertussch\u00fctzen entscheidet der Vorstand mit einer 3\/4 Mehrheit.<br \/><\/span><\/p>\n<p><span style=\"font-family: arial, helvetica, sans-serif; color: #1c351c;\">(3) Die Aufnahme eines Zuges ist schriftlich mit Meldung aller Mitglieder, namentlich und mit deren Aufnahmeantr\u00e4gen, durch den Zugf\u00fchrer beim Vorstand zu beantragen.<\/span><\/p>\n<p><span style=\"font-family: arial, helvetica, sans-serif; color: #1c351c;\">(4) Mitglieder haben einen Mitgliedsbeitrag zu leisten, dessen H\u00f6he jeweils von der Mitgliederversammlung festgesetzt wird.<\/span><\/p>\n<p><span style=\"font-family: arial, helvetica, sans-serif; color: #1c351c;\">(5) Mitglieder ab dem 8. Lebensjahr bis zur Vollendung des 24. Lebensjahres gelten als Jungsch\u00fctzen.<\/span><\/p>\n<p><span style=\"font-family: arial, helvetica, sans-serif; color: #1c351c;\">(6) Die Mitgliedschaft endet<\/span><br \/><span style=\"font-family: arial, helvetica, sans-serif; color: #1c351c;\">&#8211; beim Tode des Mitgliedes<\/span><br \/><span style=\"font-family: arial, helvetica, sans-serif; color: #1c351c;\">&#8211; durch Austritt<\/span><br \/><span style=\"font-family: arial, helvetica, sans-serif; color: #1c351c;\">&#8211; durch Ausschluss<\/span><\/p>\n<p><span style=\"font-family: arial, helvetica, sans-serif; color: #1c351c;\">(7) Ein Mitglied oder ein ganzer Zug kann ausgeschlossen werden,<\/span><br \/><span style=\"font-family: arial, helvetica, sans-serif; color: #1c351c;\">&#8211; wenn gegen die Satzung gr\u00f6blich versto\u00dfen wird<\/span><br \/><span style=\"font-family: arial, helvetica, sans-serif; color: #1c351c;\">&#8211; wenn das Verhalten in der \u00d6ffentlichkeit dazu angetan ist, Ansehen und Ziele der Hubertussch\u00fctzen zu sch\u00e4digen.<\/span><br \/><span style=\"font-family: arial, helvetica, sans-serif; color: #1c351c;\">&#8211; wenn die Zahlung des Vereinsbeitrages l\u00e4ngere Zeit im R\u00fcckstand liegt.<\/span><\/p>\n<p><span style=\"font-family: arial, helvetica, sans-serif; color: #1c351c;\">(8) \u00dcber den Ausschluss eines Mitgliedes oder eines gesamten Zuges entscheidet der Vorstand mit 2\/3 Mehrheit nach Anh\u00f6rung der Betroffenen. Die Rechtfertigung des Ausschlusses wird vom Vorstand der Generalversammlung vorgetragen.<\/span><\/p>\n<p><span style=\"font-family: arial, helvetica, sans-serif; color: #1c351c;\">(9) Mitglieder scheiden ohne Rechtsanspruch aus den Hubertussch\u00fctzen aus.<\/span><\/p>\n<p>\u00a0<\/p>\n<h4><span style=\"font-family: arial, helvetica, sans-serif; color: #1c351c;\"><strong>\u00a7 4 Vorstand<\/strong><\/span><\/h4>\n<p>\u00a0<\/p>\n<p><span style=\"font-family: arial, helvetica, sans-serif; color: #1c351c;\">(1) Der Vorstand besteht aus<\/span><br \/><span style=\"font-family: arial, helvetica, sans-serif; color: #1c351c;\">&#8211; dem Vorsitzenden<\/span><br \/><span style=\"font-family: arial, helvetica, sans-serif; color: #1c351c;\">&#8211; dem stellvertretenden Vorsitzenden<\/span><br \/><span style=\"font-family: arial, helvetica, sans-serif; color: #1c351c;\">&#8211; dem Kassierer<\/span><br \/><span style=\"font-family: arial, helvetica, sans-serif; color: #1c351c;\">&#8211; dem Schriftf\u00fchrer.<\/span><br \/><span style=\"font-family: arial, helvetica, sans-serif; color: #1c351c;\">Sie bilden den Vorstand im Sinne von \u00a7 26 BGB. Die Vorstandsmitglieder sind ehrenamtlich t\u00e4tig.<\/span><br \/><span style=\"font-family: arial, helvetica, sans-serif; color: #1c351c;\">Die Amtszeit der Vorstandsmitglieder betr\u00e4gt 2 Jahre. Im ersten Jahr scheiden der Vorsitzende und der Kassierer und im zweiten Jahr scheiden der stellvertretende Vorsitzende und der Schriftf\u00fchrer aus dem Vorstand aus. Sie bleiben bis zur Bestellung des neuen Vorstandes im Amt. Wiederwahl ist zul\u00e4ssig.<\/span><\/p>\n<p><span style=\"font-family: arial, helvetica, sans-serif; color: #1c351c;\">(2) Zur rechtsverbindlichen Vertretung gen\u00fcgt die gemeinsame Zeichnung durch zwei Mitglieder des Vorstandes.<\/span><\/p>\n<p><span style=\"font-family: arial, helvetica, sans-serif; color: #1c351c;\">(3) Der erweiterte Vorstand besteht aus<\/span><br \/><span style=\"font-family: arial, helvetica, sans-serif; color: #1c351c;\">&#8211; dem Major<\/span><br \/><span style=\"font-family: arial, helvetica, sans-serif; color: #1c351c;\">&#8211; dem stellvertretenden Kassierer<\/span><br \/><span style=\"font-family: arial, helvetica, sans-serif; color: #1c351c;\">&#8211; dem stellvertretenden Schriftf\u00fchrer<\/span><br \/><span style=\"font-family: arial, helvetica, sans-serif; color: #1c351c;\">&#8211; dem Schie\u00dfmeister<\/span><br \/><span style=\"font-family: arial, helvetica, sans-serif; color: #1c351c;\">&#8211; dem stellvertretenden Schie\u00dfmeister<\/span><br \/><span style=\"font-family: arial, helvetica, sans-serif; color: #1c351c;\">&#8211; dem Jungsch\u00fctzenbeauftragten<\/span><br \/><span style=\"font-family: arial, helvetica, sans-serif; color: #1c351c;\">&#8211; dem stellvertretenden Jungsch\u00fctzenbeauftragten<\/span><br \/><span style=\"font-family: arial, helvetica, sans-serif; color: #1c351c;\">Die Amtszeit der erweiterten Vorstandsmitglieder betr\u00e4gt 1 Jahr. Sie bleiben bis zur Bestellung des neuen erweiterten Vorstandes im Amt. Wiederwahl ist zul\u00e4ssig.<\/span><\/p>\n<p><span style=\"font-family: arial, helvetica, sans-serif; color: #1c351c;\">(4) Der Vorstand darf sich eine Gesch\u00e4ftsordnung geben.<\/span><\/p>\n<p>\u00a0<\/p>\n<h4><span style=\"font-family: arial, helvetica, sans-serif; color: #1c351c;\"><strong>\u00a7 5 Mitgliederversammlung<\/strong><\/span><\/h4>\n<p>\u00a0<\/p>\n<p><span style=\"font-family: arial, helvetica, sans-serif; color: #1c351c;\">(1) Oberstes Organ ist die Mitgliederversammlung. Sie wird vom Vorsitzenden bzw. seinem Stellvertreter geleitet.<\/span><\/p>\n<p><span style=\"font-family: arial, helvetica, sans-serif; color: #1c351c;\">(2) Die Mitgliederversammlung stellt die Richtlinien f\u00fcr die Arbeit des Vereins auf und entscheidet Fragen von grunds\u00e4tzlicher Bedeutung. Zu den Aufgaben der Mitgliederversammlung geh\u00f6ren insbesondere:<\/span><br \/><span style=\"font-family: arial, helvetica, sans-serif; color: #1c351c;\">&#8211; Die Entgegennahmen der Jahresberichte.<\/span><br \/><span style=\"font-family: arial, helvetica, sans-serif; color: #1c351c;\">&#8211; Beschlussfassung \u00fcber die Entlastung des Vorstandes.<\/span><br \/><span style=\"font-family: arial, helvetica, sans-serif; color: #1c351c;\">&#8211; Die Wahl der Vorstandsmitglieder.<\/span><br \/><span style=\"font-family: arial, helvetica, sans-serif; color: #1c351c;\">&#8211; Die Wahl der Kassenpr\u00fcfer.<\/span><br \/><span style=\"font-family: arial, helvetica, sans-serif; color: #1c351c;\">&#8211; Genehmigung des vom Vorstand vorgelegten Haushaltsplanes<\/span><br \/><span style=\"font-family: arial, helvetica, sans-serif; color: #1c351c;\">&#8211; Erlass der Beitragsordnung, die nicht Bestandteil der Satzung ist<\/span><br \/><span style=\"font-family: arial, helvetica, sans-serif; color: #1c351c;\">&#8211; Erlass einer Corpsordnung<\/span><br \/><span style=\"font-family: arial, helvetica, sans-serif; color: #1c351c;\">&#8211; Beschlussfassung \u00fcber \u00c4nderungen der Satzung und die Aufl\u00f6sung des Vereins.<\/span><\/p>\n<p><span style=\"font-family: arial, helvetica, sans-serif; color: #1c351c;\">(3) Zur Mitgliederversammlung wird vom Vorstand unter Angabe der vorl\u00e4ufigen Tagesordnung mindestens drei Wochen vorher schriftlich, per Email oder per Ver\u00f6ffentlichung auf der Internetpr\u00e4senz eingeladen. Sie tagt so oft es erforderlich ist, mindestens einmal im Jahr, zu Beginn des Gesch\u00e4ftsjahres<\/span><\/p>\n<p><span style=\"font-family: arial, helvetica, sans-serif; color: #1c351c;\">(4) Eine au\u00dferordentliche Mitgliederversammlung findet statt, wenn mindestens 25 % der Mitglieder sie schriftlich unter Angabe von Gr\u00fcnden verlangen. Sie muss sp\u00e4testens f\u00fcnf Wochen nach Eingang des Antrags auf schriftliche Berufung tagen.<\/span><\/p>\n<p><span style=\"font-family: arial, helvetica, sans-serif; color: #1c351c;\">(5) Antr\u00e4ge zur Erweiterung der Tagesordnung sind schriftlich, mindestens 14 Tage vorher einzureichen.<\/span><\/p>\n<p><span style=\"font-family: arial, helvetica, sans-serif; color: #1c351c;\">(6) Die Mitgliederversammlung ist in jedem Fall beschlussf\u00e4hig.<\/span><\/p>\n<p><span style=\"font-family: arial, helvetica, sans-serif; color: #1c351c;\">(7) \u00dcber die Beschl\u00fcsse und, soweit zum Verst\u00e4ndnis \u00fcber deren Zustandekommen erforderlich, auch \u00fcber den wesentlichen Verlauf der Verhandlung, ist eine Niederschrift anzufertigen. Sie wird vom Versammlungsleiter und dem Protokollf\u00fchrer unterschrieben.<\/span><\/p>\n<p><span style=\"font-family: arial, helvetica, sans-serif; color: #1c351c;\">(8) Zur \u00c4nderung der Satzung des Vereins ist eine Mehrheit von 2\/3 der Mitglieder erforderlich.<\/span><\/p>\n<p>\u00a0<\/p>\n<h4><span style=\"font-family: arial, helvetica, sans-serif; color: #1c351c;\"><strong>\u00a7 6 Aufl\u00f6sung, Anfall des Verm\u00f6gens<\/strong><\/span><\/h4>\n<p>\u00a0<\/p>\n<p><span style=\"font-family: arial, helvetica, sans-serif; color: #1c351c;\">(1) Die Aufl\u00f6sung der Hubertussch\u00fctzen kann nur durch Beschluss einer Generalversammlung erfolgen. Auf der Einladung zu dieser Generalversammlung ist jedem Mitglied bekannt zu geben, dass der Antrag auf Aufl\u00f6sung gestellt ist und die Generalversammlung hier\u00fcber zu entscheiden hat. Eine Aufl\u00f6sung des Vereins ist nicht m\u00f6glich, wenn sich mindestens 7 Mitglieder bereitfinden, die St. Hubertussch\u00fctzen im Sinne der Satzung weiter zu f\u00fchren.<\/span><\/p>\n<p><span style=\"font-family: arial, helvetica, sans-serif; color: #1c351c;\">(2) F\u00fcr den Beschluss der Aufl\u00f6sung m\u00fcssen mindestens 2\/3 der Mitglieder der St. Hubertussch\u00fctzen stimmen.<\/span><\/p>\n<p><span style=\"font-family: arial, helvetica, sans-serif; color: #1c351c;\">(3) Bei Aufl\u00f6sung oder Aufhebung des Vereins oder bei Wegfall der steuerbeg\u00fcnstigten Zwecke f\u00e4llt das Verm\u00f6gen inkl. aller Sachwerte, insbesondere historische Werte (z.B. K\u00f6nigskette, Corpsfahnen, Pokale, Archive usw.) an die St. Sebastianus Sch\u00fctzenbruderschaft Neuss- Furth e.V., die es unmittelbar und ausschlie\u00dflich f\u00fcr gemeinn\u00fctzige Zwecke im Sinne des \u00a7 2 zu verwenden hat.<\/span><\/p>\n<p>\u00a0<\/p>\n<h4><span style=\"font-family: arial, helvetica, sans-serif; color: #1c351c;\"><strong>\u00a7 7 Datenschutzbestimmungen<\/strong><\/span><\/h4>\n<p>\u00a0<\/p>\n<p><span style=\"font-family: arial, helvetica, sans-serif; color: #1c351c;\">(1) Die St. Hubertussch\u00fctzen Neuss-Furth e. V. (Verein) erheben, verarbeiten, \u00fcbermitteln und nutzten personenbezogene Daten ihrer Mitglieder unter Einsatz von Datenverarbeitungsanlagen (EDV) zur Erf\u00fcllung der in der Satzung zul\u00e4ssigen Zwecke und Aufgaben, beispielsweise im Rahmen der Mitgliederverwaltung.<\/span><\/p>\n<p><span style=\"font-family: arial, helvetica, sans-serif; color: #1c351c;\">(2). Hierbei handelt es sich insbesondere um folgende Mitgliederdaten:<\/span><br \/><span style=\"font-family: arial, helvetica, sans-serif; color: #1c351c;\">a) Name und Anschrift<\/span><br \/><span style=\"font-family: arial, helvetica, sans-serif; color: #1c351c;\">b) Telefonnummern sowie E-Mail-Adresse (nur Vorstand, Zugf\u00fchrung und Junggsch\u00fctzen)<\/span><br \/><span style=\"font-family: arial, helvetica, sans-serif; color: #1c351c;\">c) Geburtsdatum,<\/span><br \/><span style=\"font-family: arial, helvetica, sans-serif; color: #1c351c;\">d) Eintrittsdatum bzw. Dauer der Mitgliedschaft<\/span><br \/><span style=\"font-family: arial, helvetica, sans-serif; color: #1c351c;\">e) Erhaltene Ehrungen,<\/span><br \/><span style=\"font-family: arial, helvetica, sans-serif; color: #1c351c;\">f) Funktion(en) im Zug bzw. im Korps,<\/span><br \/><span style=\"font-family: arial, helvetica, sans-serif; color: #1c351c;\">g) Ergebnisse von Schie\u00dfwettk\u00e4mpfen,<\/span><\/p>\n<p><span style=\"font-family: arial, helvetica, sans-serif; color: #1c351c;\">(3) Mit seiner Beitritterkl\u00e4rung best\u00e4tigt das Mitglied, die in der Satzung enthaltenen Datenschutzbestimmungen zur Kenntnis genommen zu haben und willigt ein, dass der Verein die Daten gem\u00e4\u00df den Vorgaben dieser Datenschutzbestimmungen nutzen darf.<\/span><\/p>\n<p><span style=\"font-family: arial, helvetica, sans-serif; color: #1c351c;\">(4) Aufgrund der in \u00a7 3 der Satzung aufgef\u00fchrten Mitgliedschaft, wird der Beitritt zum Verein durch die Aufnahme in einen Zug begr\u00fcndet. Der Zug selbst ist zwar Mitglied im Verein, im Sinne dieser Datenschutzbestimmungen jedoch ein eigenst\u00e4ndiger Verein. Durch die j\u00e4hrliche Zuganmeldung best\u00e4tigt der Zugf\u00fchrer, dass die gemeldeten Mitglieder die Datenschutzbestimmungen zur Kenntnis genommen haben und der Nutzung der Daten zugestimmt haben.<\/span><\/p>\n<p><span style=\"font-family: arial, helvetica, sans-serif; color: #1c351c;\">(5) Im Rahmen der Brauchtumspflege und dessen Aktivit\u00e4ten ver\u00f6ffentlicht der Verein personenbezogene Daten und Fotos seiner Mitglieder auf seiner Website, auf seiner Facebook-Seite und in lokalen Printmedien. Der f\u00fcr die Ver\u00f6ffentlichung verantwortliche Vereinsvorstand des Vereins ist verpflichtet, alle Ma\u00dfnahmen zur Gew\u00e4hrleistung des Datenschutzes entsprechend der geltenden Gesetze zu ergreifen, die durch die Umst\u00e4nde geboten erscheinen. Angesichts der besonderen Eigenschaften von Online-Verfahren (insbesondere Internet), kann dieser den Datenschutz jedoch nicht umfassend garantieren.<\/span><\/p>\n<p><span style=\"font-family: arial, helvetica, sans-serif; color: #1c351c;\">(6). Als Mitglied des Further Regiments ist der Verein verpflichtet, j\u00e4hrlich folgende Daten an die St. Sebastianus-Sch\u00fctzenbruderschaft e. V. im Vorfeld des Volks- und Heimatfestes Neuss-Furth bereitzustellen:<\/span><br \/><span style=\"font-family: arial, helvetica, sans-serif; color: #1c351c;\">a) die am Volks- und Heimatfest teilnehmenden Z\u00fcge mit Zugname,<\/span><br \/><span style=\"font-family: arial, helvetica, sans-serif; color: #1c351c;\">b) die Namen der Miglieder<\/span><br \/><span style=\"font-family: arial, helvetica, sans-serif; color: #1c351c;\">c) die Funktionen im Zug<\/span><br \/><span style=\"font-family: arial, helvetica, sans-serif; color: #1c351c;\">d) die Beitragsklasse<\/span><br \/><span style=\"font-family: arial, helvetica, sans-serif; color: #1c351c;\">e) das Geburtsdatum (bei Jungsch\u00fctzen)<\/span><br \/><span style=\"font-family: arial, helvetica, sans-serif; color: #1c351c;\">f) die Jahre der Zugeh\u00f6rigkeit und eine kurz Biographie (bei Jubilaren)<\/span><br \/><span style=\"font-family: arial, helvetica, sans-serif; color: #1c351c;\">g) das Geburtsdatum, das Beitrittsdatum, bisher erhaltene Auszeichnungen sowie eine Begr\u00fcndung (bei Ordensantr\u00e4gen)<\/span><\/p>\n<p><span style=\"font-family: arial, helvetica, sans-serif; color: #1c351c;\">(7) Sonstige Informationen zu den Mitgliedern oder Informationen \u00fcber Nichtmitglieder werden vom Verein grunds\u00e4tzlich nur verarbeitet oder genutzt, wenn sie zur F\u00f6rderung des Vereinszweckes n\u00fctzlich sind und keine Anhaltspunkte bestehen, dass die betroffene Person ein schutzw\u00fcrdiges Interesse hat, das der Verarbeitung oder Nutzung entgegensteht.<\/span><\/p>\n<p><span style=\"font-family: arial, helvetica, sans-serif; color: #1c351c;\">(8) Das einzelne Mitglied kann jederzeit gegen\u00fcber dem Vorstand Einw\u00e4nde gegen die Ver\u00f6ffentlichung seiner personenbezogenen Daten auf der Website des Vereins, der Facebookseite bzw. den lokalen Printmedien erheben bzw. seine erteilte Einwilligung zur Ver\u00f6ffentlichung widerrufen:<\/span><br \/><span style=\"font-family: arial, helvetica, sans-serif; color: #1c351c;\">a) Im Falle eines Einwandes bzw. Widerrufs unterbleiben weitere Ver\u00f6ffentlichungen zu seiner Person.<\/span><br \/><span style=\"font-family: arial, helvetica, sans-serif; color: #1c351c;\">b) Personenbezogene Daten des widerrufenden Mitglieds werden von der Website des Vereins bzw. von Facebook entfernt.<\/span><br \/><span style=\"font-family: arial, helvetica, sans-serif; color: #1c351c;\">c) Hierbei ist zu beachten, dass der Verein keine Gew\u00e4hr f\u00fcr eine abschlie\u00dfende L\u00f6schung aller Daten \u00fcbernehmen kann, sofern die Daten auf fremden Servern und Websites ohne Zustimmung des Korps \u00fcbernommen wurden.<\/span><\/p>\n<p><span style=\"font-family: arial, helvetica, sans-serif; color: #1c351c;\">(9) Laut Bundesdatenschutzgesetz hat jedes Mitglied das Recht, der Weitergabe seiner Daten zu widersprechen. Wir weisen jedoch vorsorglich darauf hin, dass im Falle eines Widerspruchs, die Teilnahme am Volks- und Heimatfest, die Verleihung von Auszeichnungen nicht m\u00f6glich ist.<\/span><\/p>\n<p><span style=\"font-family: arial, helvetica, sans-serif; color: #1c351c;\">(10) Dar\u00fcber hinaus hat jedes Mitglied im Rahmen des Bundesdatenschutzgesetzes das Recht auf Auskunft \u00fcber die zu seiner Person gespeicherten Daten, deren Empf\u00e4nger und den Zweck der Speicherung, sowie auf Berichtigung, L\u00f6schung und Sperrung seiner Daten. Auch hier weisen wir vorsorglich darauf hin, dass im Falle L\u00f6schung oder Sperrung von Daten, die Teilnahme am Volks- und Heimatfest, die Verleihung von Auszeichnungen nicht m\u00f6glich ist.<\/span><\/p>\n<p><span style=\"font-family: arial, helvetica, sans-serif; color: #1c351c;\">(11) Die personenbezogenen Daten werden auf einem privaten EDV-System eines Vorstandsmitgliedes gespeichert. Die Daten werden dabei durch geeignete technische und organisatorische Ma\u00dfnahmen (Passwortzugang, Firewall) vor der Kenntnisnahme Dritter gesch\u00fctzt.<\/span><\/p>\n<p>\u00a0<\/p>\n<h4><span style=\"font-family: arial, helvetica, sans-serif; color: #1c351c;\"><strong>\u00a7 8 Schlussbestimmungen<\/strong><\/span><\/h4>\n<p>\u00a0<\/p>\n<p><span style=\"font-family: arial, helvetica, sans-serif; color: #1c351c;\">Mit Beschluss der Mitgliederversammlung vom 13.01.2017 tritt diese Satzung in Kraft. Sie erh\u00e4lt G\u00fcltigkeit mit der Eintragung ins Vereinsregister. Sie beh\u00e4lt so lange Ihre G\u00fcltigkeit, bis eine neue Satzung beschlossen und ins Vereinsregister eingetragen wird.<\/span><\/p>\n<p><span style=\"font-family: arial, helvetica, sans-serif; color: #1c351c;\">Die Satzungs\u00e4nderung Mitgliederversammlung vom 23.05.2017 wurde in diese Satzung eingearbeitet.<\/span><\/p>\n<p>\u00a0Die Satzungs\u00e4nderungen Mitgliederversammlung vom 23.05.2017, 11.01.2019, 13.01.2023 und 10.01.2025 wurden in diese Satzung eingearbeitet.<\/p>\n<p><span style=\"font-family: arial, helvetica, sans-serif; color: #1c351c;\">Alle anderen Satzungen und Beschl\u00fcsse, die gegen diese Satzung sprechen, treten somit au\u00dfer Kraft.<\/span><\/p>\n<p>\u00a0<\/p>\n<p><span style=\"font-family: arial, helvetica, sans-serif; color: #1c351c;\">Neuss, 10.01.2015 | Die Eintragung ins Vereinsregister ist beantragt<\/span><\/p>","protected":false},"excerpt":{"rendered":"<p>&nbsp; \u00a7 1 Name, Sitz, Gesch\u00e4ftsjahr \u00a0 (1) Der Verein tr\u00e4gt den Namen St. Hubertussch\u00fctzen Neuss-Furth e. V. Er ist unter diesem Namen im Vereinsregister des Amtsgerichtes in Neuss unter der Nr. VR 2909 eingetragen. (2) Sitz des Vereins ist Neuss-Furth. (3) Das Gesch\u00e4ftsjahr ist das Kalenderjahr. \u00a0 \u00a7 2 Zweck und Ziele des Vereins [&hellip;]<\/p>\n","protected":false},"author":1,"featured_media":0,"parent":135,"menu_order":0,"comment_status":"closed","ping_status":"closed","template":"","meta":{"footnotes":""},"class_list":["post-152","page","type-page","status-publish","hentry"],"aioseo_notices":[],"_links":{"self":[{"href":"https:\/\/hs1955.de\/ver2\/wp-json\/wp\/v2\/pages\/152","targetHints":{"allow":["GET"]}}],"collection":[{"href":"https:\/\/hs1955.de\/ver2\/wp-json\/wp\/v2\/pages"}],"about":[{"href":"https:\/\/hs1955.de\/ver2\/wp-json\/wp\/v2\/types\/page"}],"author":[{"embeddable":true,"href":"https:\/\/hs1955.de\/ver2\/wp-json\/wp\/v2\/users\/1"}],"replies":[{"embeddable":true,"href":"https:\/\/hs1955.de\/ver2\/wp-json\/wp\/v2\/comments?post=152"}],"version-history":[{"count":44,"href":"https:\/\/hs1955.de\/ver2\/wp-json\/wp\/v2\/pages\/152\/revisions"}],"predecessor-version":[{"id":3283,"href":"https:\/\/hs1955.de\/ver2\/wp-json\/wp\/v2\/pages\/152\/revisions\/3283"}],"up":[{"embeddable":true,"href":"https:\/\/hs1955.de\/ver2\/wp-json\/wp\/v2\/pages\/135"}],"wp:attachment":[{"href":"https:\/\/hs1955.de\/ver2\/wp-json\/wp\/v2\/media?parent=152"}],"curies":[{"name":"wp","href":"https:\/\/api.w.org\/{rel}","templated":true}]}}