{"id":160,"date":"2017-02-26T19:18:34","date_gmt":"2017-02-26T18:18:34","guid":{"rendered":"http:\/\/hs1955.de\/ver2\/?page_id=160"},"modified":"2026-04-03T16:52:12","modified_gmt":"2026-04-03T14:52:12","slug":"zeittafel","status":"publish","type":"page","link":"https:\/\/hs1955.de\/ver2\/das-corps\/zeittafel\/","title":{"rendered":"Zeittafel"},"content":{"rendered":"\n<hr>\n<p>&nbsp;<\/p>\n\n\n<table style=\"width: 100%; height: 2651px;\">\n<tbody>\n<tr style=\"height: 278px;\">\n<td style=\"vertical-align: top; width: 13.3846%; height: 278px;\"><span style=\"font-family: arial, helvetica, sans-serif; color: #1c351c;\">1955<\/span><\/td>\n<td style=\"vertical-align: top; width: 85.3846%; height: 278px;\"><span style=\"font-family: arial, helvetica, sans-serif;\"><span style=\"color: #1c351c;\">Im Fr\u00fchjahr erfolgte die Gr\u00fcndung des Hubertuszuges &#8222;Further Jungsch\u00fctzen&#8220;. <\/span><span style=\"color: #1c351c;\">Zu den Gr\u00fcndern geh\u00f6ren Hans Basteck, Gerd D\u00f6neke, Theo Edenhofner, Heinz Flamm, Willi Herrmann, Hermann Jansen, Herbert Martin, Peter Martin, Josef Meller, Hubert Schiefer, Ferdi Schieferdecker und Ernst Schlaak. <\/span><span style=\"color: #1c351c;\">Willi Herrman wird erster Zugf\u00fchrer der &#8222;Further Jungsch\u00fctzen&#8220;.<\/span><\/span>\n<p><span style=\"font-family: arial, helvetica, sans-serif; color: #1c351c;\">Willi Herrmann wird erster K\u00f6nig der &#8222;Further Jungsch\u00fctzen&#8220;<\/span><\/p>\n<\/td>\n<\/tr>\n<tr style=\"height: 31px;\">\n<td style=\"vertical-align: top; width: 13.3846%; height: 31px;\"><span style=\"font-family: arial, helvetica, sans-serif; color: #1c351c;\">1959<\/span><\/td>\n<td style=\"vertical-align: top; width: 85.3846%; height: 31px;\"><span style=\"font-family: arial, helvetica, sans-serif; color: #1c351c;\">Josef Meller wird Zugf\u00fchrer der &#8222;Further Jungsch\u00fctzen&#8220;.<\/span><\/td>\n<\/tr>\n<tr style=\"height: 63px;\">\n<td style=\"vertical-align: top; width: 13.3846%; height: 63px;\"><span style=\"font-family: arial, helvetica, sans-serif; color: #1c351c;\">1965<\/span><\/td>\n<td style=\"vertical-align: top; width: 85.3846%; height: 63px;\"><span style=\"font-family: arial, helvetica, sans-serif;\"><span style=\"color: #1c351c;\">Anschaffung der ersten Schwenkfahne. <br \/><\/span><span style=\"color: #1c351c;\">Josef Meller wird von\u00a0Oberst Josef Selders zum Hauptmann\u00a0ernannt<\/span><\/span><\/td>\n<\/tr>\n<tr style=\"height: 31px;\">\n<td style=\"vertical-align: top; width: 13.3846%; height: 31px;\"><span style=\"font-family: arial, helvetica, sans-serif; color: #1c351c;\">1967<\/span><\/td>\n<td style=\"vertical-align: top; width: 85.3846%; height: 31px;\"><span style=\"font-family: arial, helvetica, sans-serif; color: #1c351c;\">Theo Edenhofner wird zum Hauptmann gew\u00e4hlt.<\/span><\/td>\n<\/tr>\n<tr style=\"height: 31px;\">\n<td style=\"vertical-align: top; width: 13.3846%; height: 31px;\"><span style=\"font-family: arial, helvetica, sans-serif; color: #1c351c;\">1970<\/span><\/td>\n<td style=\"vertical-align: top; width: 85.3846%; height: 31px;\"><span style=\"font-family: arial, helvetica, sans-serif; color: #1c351c;\">Erster Hubertusball in der Gastst\u00e4tte Hensen.<\/span><\/td>\n<\/tr>\n<tr style=\"height: 31px;\">\n<td style=\"vertical-align: top; width: 13.3846%; height: 31px;\"><span style=\"font-family: arial, helvetica, sans-serif; color: #1c351c;\">1972<\/span><\/td>\n<td style=\"vertical-align: top; width: 85.3846%; height: 31px;\"><span style=\"font-family: arial, helvetica, sans-serif; color: #1c351c;\">Die Hubertussch\u00fctzen bauen Ihre erste Gro\u00dffackel.<\/span><\/td>\n<\/tr>\n<tr style=\"height: 31px;\">\n<td style=\"vertical-align: top; width: 13.3846%; height: 31px;\"><span style=\"font-family: arial, helvetica, sans-serif; color: #1c351c;\">1975<\/span><\/td>\n<td style=\"vertical-align: top; width: 85.3846%; height: 31px;\"><span style=\"font-family: arial, helvetica, sans-serif; color: #1c351c;\">Die erste eigene Musikkapelle zum Sch\u00fctzenfest.<\/span><\/td>\n<\/tr>\n<tr style=\"height: 94px;\">\n<td style=\"vertical-align: top; width: 13.3846%; height: 94px;\"><span style=\"font-family: arial, helvetica, sans-serif; color: #1c351c;\">1976<\/span><\/td>\n<td style=\"vertical-align: top; width: 85.3846%; height: 94px;\"><span style=\"font-family: arial, helvetica, sans-serif;\"><span style=\"color: #1c351c;\">Anschaffung der ersten Corpsfahne. <br \/><\/span><span style=\"color: #1c351c;\">Gr\u00fcndung der Jungsch\u00fctzengruppe. <br \/><\/span><span style=\"color: #1c351c;\">Stefan Ringl wird Bruderschaftsprinz<\/span><\/span><\/td>\n<\/tr>\n<tr style=\"height: 63px;\">\n<td style=\"vertical-align: top; width: 13.3846%; height: 63px;\"><span style=\"font-family: arial, helvetica, sans-serif; color: #1c351c;\">1977<\/span><\/td>\n<td style=\"vertical-align: top; width: 85.3846%; height: 63px;\"><span style=\"font-family: arial, helvetica, sans-serif;\"><span style=\"color: #1c351c;\">Theo Edenhofner wird von Oberst Paul Selders zum Major ernannt. <br \/><\/span><span style=\"color: #1c351c;\">Gr\u00fcndung des <span style=\"font-family: arial, helvetica, sans-serif; color: #1c351c;\">St. <\/span>Hubertuszuges &#8222;Springender Hirsch&#8220;<\/span><\/span><\/td>\n<\/tr>\n<tr style=\"height: 31px;\">\n<td style=\"vertical-align: top; width: 13.3846%; height: 31px;\"><span style=\"font-family: arial, helvetica, sans-serif; color: #1c351c;\">1978<\/span><\/td>\n<td style=\"vertical-align: top; width: 85.3846%; height: 31px;\"><span style=\"font-family: arial, helvetica, sans-serif; color: #1c351c;\">Gr\u00fcndung des St. Hubertuszuges &#8222;Fahnenkompanie&#8220;.<\/span><\/td>\n<\/tr>\n<tr style=\"height: 63px;\">\n<td style=\"vertical-align: top; width: 13.3846%; height: 63px;\"><span style=\"font-family: arial, helvetica, sans-serif; color: #1c351c;\">1979<\/span><\/td>\n<td style=\"vertical-align: top; width: 85.3846%; height: 63px;\"><span style=\"font-family: arial, helvetica, sans-serif; color: #1c351c;\">Gr\u00fcndung des St. Hubertuszuges &#8222;Treue Schluppe&#8220;.<\/span><\/td>\n<\/tr>\n<tr style=\"height: 31px;\">\n<td style=\"vertical-align: top; width: 13.3846%; height: 31px;\"><span style=\"font-family: arial, helvetica, sans-serif; color: #1c351c;\">1980<\/span><\/td>\n<td style=\"vertical-align: top; width: 85.3846%; height: 31px;\"><span style=\"font-family: arial, helvetica, sans-serif; color: #1c351c;\">25 Jahre St. Hubertussch\u00fctzen von 1955 Neuss-Furth.<\/span><\/td>\n<\/tr>\n<tr style=\"height: 63px;\">\n<td style=\"vertical-align: top; width: 13.3846%; height: 63px;\"><span style=\"font-family: arial, helvetica, sans-serif; color: #1c351c;\">1983<\/span><\/td>\n<td style=\"vertical-align: top; width: 85.3846%; height: 63px;\"><span style=\"font-family: arial, helvetica, sans-serif;\"><span style=\"color: #1c351c;\">Theo Edenhofner wird Sch\u00fctzenk\u00f6nig der Neusser-Furth. <\/span><span style=\"color: #1c351c;\">Gr\u00fcndung des <span style=\"font-family: arial, helvetica, sans-serif; color: #1c351c;\">St. <\/span>Hubertuszuges &#8222;Neu-Br\u00fccker-Jungen&#8220;.<\/span><\/span><\/td>\n<\/tr>\n<tr style=\"height: 63px;\">\n<td style=\"vertical-align: top; width: 13.3846%; height: 63px;\"><span style=\"font-family: arial, helvetica, sans-serif; color: #1c351c;\">1984<\/span><\/td>\n<td style=\"vertical-align: top; width: 85.3846%; height: 63px;\"><span style=\"font-family: arial, helvetica, sans-serif;\"><span style=\"color: #1c351c;\">Der erste Hubertustag mit Hubertusmesse findet statt.<br \/><\/span><span style=\"color: #1c351c;\">Manfred Schlaak wird erster Hubertusk\u00f6nig.<\/span><\/span><\/td>\n<\/tr>\n<tr style=\"height: 31px;\">\n<td style=\"vertical-align: top; width: 13.3846%; height: 31px;\"><span style=\"font-family: arial, helvetica, sans-serif; color: #1c351c;\">1987<\/span><\/td>\n<td style=\"vertical-align: top; width: 85.3846%; height: 31px;\"><span style=\"font-family: arial, helvetica, sans-serif; color: #1c351c;\">Gr\u00fcndung des St. Hubertuszuges &#8222;Fooder \u00d6verdinger&#8220;.<\/span><\/td>\n<\/tr>\n<tr style=\"height: 31px;\">\n<td style=\"vertical-align: top; width: 13.3846%; height: 31px;\"><span style=\"font-family: arial, helvetica, sans-serif; color: #1c351c;\">1988<\/span><\/td>\n<td style=\"vertical-align: top; width: 85.3846%; height: 31px;\"><span style=\"font-family: arial, helvetica, sans-serif; color: #1c351c;\">Gr\u00fcndung des St. Hubertuszuges &#8222;Utjespellt&#8220;.<\/span><\/td>\n<\/tr>\n<tr style=\"height: 31px;\">\n<td style=\"vertical-align: top; width: 13.3846%; height: 31px;\"><span style=\"font-family: arial, helvetica, sans-serif; color: #1c351c;\">1989<\/span><\/td>\n<td style=\"vertical-align: top; width: 85.3846%; height: 31px;\"><span style=\"font-family: arial, helvetica, sans-serif; color: #1c351c;\">Markus Schlaak wird erster Hubertusjungk\u00f6nig.<\/span><\/td>\n<\/tr>\n<tr style=\"height: 31px;\">\n<td style=\"vertical-align: top; width: 13.3846%; height: 31px;\"><span style=\"font-family: arial, helvetica, sans-serif; color: #1c351c;\">1990<\/span><\/td>\n<td style=\"vertical-align: top; width: 85.3846%; height: 31px;\"><span style=\"font-family: arial, helvetica, sans-serif; color: #1c351c;\">Gr\u00fcndung des St. Hubertuszuges &#8222;Immer jood Drop&#8220;.<\/span><\/td>\n<\/tr>\n<tr style=\"height: 63px;\">\n<td style=\"vertical-align: top; width: 13.3846%; height: 63px;\"><span style=\"font-family: arial, helvetica, sans-serif; color: #1c351c;\">1991<\/span><\/td>\n<td style=\"vertical-align: top; width: 85.3846%; height: 63px;\"><span style=\"font-family: arial, helvetica, sans-serif; color: #1c351c;\">Gr\u00fcndung der St. Hubertusz\u00fcge &#8222;Fidele Fooder&#8220;, &#8222;Hirsche und Falken&#8220; und &#8222;Wisseberger Jonges&#8220;.<\/span><\/td>\n<\/tr>\n<tr style=\"height: 31px;\">\n<td style=\"vertical-align: top; width: 13.3846%; height: 31px;\"><span style=\"font-family: arial, helvetica, sans-serif; color: #1c351c;\">1993<\/span><\/td>\n<td style=\"vertical-align: top; width: 85.3846%; height: 31px;\"><span style=\"font-family: arial, helvetica, sans-serif; color: #1c351c;\">Gr\u00fcndung des <span style=\"font-family: arial, helvetica, sans-serif;\"><span style=\"color: #1c351c;\">St. <\/span><\/span>Hubertuszuges &#8222;Allzeit bereit&#8220;.<\/span><\/td>\n<\/tr>\n<tr style=\"height: 31px;\">\n<td style=\"vertical-align: top; width: 13.3846%; height: 31px;\"><span style=\"font-family: arial, helvetica, sans-serif; color: #1c351c;\">1994<\/span><\/td>\n<td style=\"vertical-align: top; width: 85.3846%; height: 31px;\"><span style=\"font-family: arial, helvetica, sans-serif; color: #1c351c;\">Thomas Dost wird Bruderschaftsprinz.<\/span><\/td>\n<\/tr>\n<tr style=\"height: 31px;\">\n<td style=\"vertical-align: top; width: 13.3846%; height: 31px;\"><span style=\"font-family: arial, helvetica, sans-serif; color: #1c351c;\">1995<\/span><\/td>\n<td style=\"vertical-align: top; width: 85.3846%; height: 31px;\"><span style=\"font-family: arial, helvetica, sans-serif; color: #1c351c;\">Einweihung der neuen Corpsfahne.<\/span><\/td>\n<\/tr>\n<tr style=\"height: 31px;\">\n<td style=\"vertical-align: top; width: 13.3846%; height: 31px;\"><span style=\"font-family: arial, helvetica, sans-serif; color: #1c351c;\">1997<\/span><\/td>\n<td style=\"vertical-align: top; width: 85.3846%; height: 31px;\"><span style=\"font-family: arial, helvetica, sans-serif; color: #1c351c;\">Markus von Werden wird Bruderschaftsprinz.<\/span><\/td>\n<\/tr>\n<tr style=\"height: 31px;\">\n<td style=\"vertical-align: top; width: 13.3846%; height: 31px;\"><span style=\"font-family: arial, helvetica, sans-serif; color: #1c351c;\">1998<\/span><\/td>\n<td style=\"vertical-align: top; width: 85.3846%; height: 31px;\"><span style=\"font-family: arial, helvetica, sans-serif; color: #1c351c;\">Markus Ronge wird Bruderschaftsprinz.<\/span><\/td>\n<\/tr>\n<tr style=\"height: 31px;\">\n<td style=\"vertical-align: top; width: 13.3846%; height: 31px;\"><span style=\"font-family: arial, helvetica, sans-serif; color: #1c351c;\">1999<\/span><\/td>\n<td style=\"vertical-align: top; width: 85.3846%; height: 31px;\"><span style=\"font-family: arial, helvetica, sans-serif; color: #1c351c;\">Karl-Heinz Crump wird Ehrenmitglied der St. Hubertussch\u00fctzen.<\/span><\/td>\n<\/tr>\n<tr style=\"height: 31px;\">\n<td style=\"vertical-align: top; width: 13.3846%; height: 31px;\"><span style=\"font-family: arial, helvetica, sans-serif; color: #1c351c;\">2002<\/span><\/td>\n<td style=\"vertical-align: top; width: 85.3846%; height: 31px;\"><span style=\"font-family: arial, helvetica, sans-serif; color: #1c351c;\">Gr\u00fcndung des <span style=\"font-family: arial, helvetica, sans-serif;\"><span style=\"color: #1c351c;\">St. <\/span><\/span>Hubertuszuges &#8222;Wisseberger Fr\u00fcnde&#8220;.<\/span><\/td>\n<\/tr>\n<tr style=\"height: 31px;\">\n<td style=\"vertical-align: top; width: 13.3846%; height: 31px;\"><span style=\"font-family: arial, helvetica, sans-serif; color: #1c351c;\">2003<\/span><\/td>\n<td style=\"vertical-align: top; width: 85.3846%; height: 31px;\"><span style=\"font-family: arial, helvetica, sans-serif; color: #1c351c;\">Wilfried Fahle wird Sch\u00fctzenk\u00f6nig der Neusser-Furth.<\/span><\/td>\n<\/tr>\n<tr style=\"height: 94px;\">\n<td style=\"vertical-align: top; width: 13.3846%; height: 94px;\"><span style=\"font-family: arial, helvetica, sans-serif; color: #1c351c;\">2005<\/span><\/td>\n<td style=\"vertical-align: top; width: 85.3846%; height: 94px;\"><span style=\"font-family: arial, helvetica, sans-serif;\"><span style=\"color: #1c351c;\">50 Jahre St. Hubertussch\u00fctzen von 1955 Neuss-Furth.<br \/><\/span><span style=\"color: #1c351c;\">Gr\u00fcndungsmitglied Theo Edenhofner wird Jubil\u00e4umsk\u00f6nig der Hubertussch\u00fctzen.<\/span><\/span><\/td>\n<\/tr>\n<tr style=\"height: 31px;\">\n<td style=\"vertical-align: top; width: 13.3846%; height: 31px;\"><span style=\"font-family: arial, helvetica, sans-serif; color: #1c351c;\">2006<\/span><\/td>\n<td style=\"vertical-align: top; width: 85.3846%; height: 31px;\"><span style=\"font-family: arial, helvetica, sans-serif; color: #1c351c;\">Dirk Schmitz wird Sch\u00fctzenk\u00f6nig der Neusser-Furth.<\/span><\/td>\n<\/tr>\n<tr style=\"height: 31px;\">\n<td style=\"vertical-align: top; width: 13.3846%; height: 31px;\"><span style=\"font-family: arial, helvetica, sans-serif; color: #1c351c;\">2008<\/span><\/td>\n<td style=\"vertical-align: top; width: 85.3846%; height: 31px;\"><span style=\"font-family: arial, helvetica, sans-serif; color: #1c351c;\">Wilfried Moosbauer wird Sch\u00fctzenk\u00f6nig der Neusser-Furth.<\/span><\/td>\n<\/tr>\n<tr style=\"height: 157px;\">\n<td style=\"vertical-align: top; width: 13.3846%; height: 157px;\"><span style=\"font-family: arial, helvetica, sans-serif; color: #1c351c;\">2009<\/span><\/td>\n<td style=\"vertical-align: top; width: 85.3846%; height: 157px;\"><span style=\"font-family: arial, helvetica, sans-serif;\"><span style=\"color: #1c351c;\">Wilfried Moosbauer wird neuer Major der Hubertussch\u00fctzen. <br \/><\/span><span style=\"color: #1c351c;\">Dirk Schmitz wird neuer 1. Vorsitzender der Hubertussch\u00fctzen.<br \/>Theo Edenhofner und Burkhardt Zollitsch zu Ehrenmitgliedern ernannt.<br \/><\/span><span style=\"color: #1c351c;\">Gr\u00fcndung des <span style=\"font-family: arial, helvetica, sans-serif; color: #1c351c;\">St. <\/span>Hubertuszuges &#8222;Wilde Kerle&#8220;.<\/span><\/span><\/td>\n<\/tr>\n<tr style=\"height: 31px;\">\n<td style=\"vertical-align: top; width: 13.3846%; height: 31px;\"><span style=\"font-family: arial, helvetica, sans-serif; color: #1c351c;\">2010<\/span><\/td>\n<td style=\"vertical-align: top; width: 85.3846%; height: 31px;\"><span style=\"font-family: arial, helvetica, sans-serif; color: #1c351c;\">Manfred Schlaak wird Sch\u00fctzenk\u00f6nig der Neusser-Furth.<\/span><\/td>\n<\/tr>\n<tr style=\"height: 31px;\">\n<td style=\"vertical-align: top; width: 13.3846%; height: 31px;\"><span style=\"font-family: arial, helvetica, sans-serif; color: #1c351c;\">2011<\/span><\/td>\n<td style=\"vertical-align: top; width: 85.3846%; height: 31px;\"><span style=\"font-family: arial, helvetica, sans-serif; color: #1c351c;\">Dirk Mainz wird Sch\u00fctzenk\u00f6nig der Neusser-Furth.<\/span><\/td>\n<\/tr>\n<tr style=\"height: 157px;\">\n<td style=\"vertical-align: top; width: 13.3846%; height: 157px;\"><span style=\"font-family: arial, helvetica, sans-serif; color: #1c351c;\">2015<\/span><\/td>\n<td style=\"vertical-align: top; width: 85.3846%; height: 157px;\"><span style=\"font-family: arial, helvetica, sans-serif;\"><span style=\"color: #1c351c;\">60 Jahre St. Hubertussch\u00fctzen von 1955 Neuss-Furth.<br \/><\/span><span style=\"color: #1c351c;\">Willi Jansen, Wilfried Fahle und Wolfgang Hermes werden zu Ehrenmitgliedern ernannt.<br \/><\/span><span style=\"color: #1c351c;\">Gr\u00fcndung der <span style=\"font-family: arial, helvetica, sans-serif; color: #1c351c;\">St. <\/span>Hubertusz\u00fcge &#8222;Fr\u00f6hlichkeit&#8220; und Mer k\u00f6\u00f6nne och ohne ze speele&#8220;.<\/span><\/span><\/td>\n<\/tr>\n<tr style=\"height: 63px;\">\n<td style=\"vertical-align: top; width: 13.3846%; height: 63px;\"><span style=\"font-family: arial, helvetica, sans-serif; color: #1c351c;\">2016<\/span><\/td>\n<td style=\"vertical-align: top; width: 85.3846%; height: 63px;\"><span style=\"font-family: arial, helvetica, sans-serif; color: #1c351c;\">Willi Jansen feiert als erster Hubertussch\u00fctze sein 60 j\u00e4hriges Corpsjubil\u00e4um.<\/span><\/td>\n<\/tr>\n<tr style=\"height: 157px;\">\n<td style=\"vertical-align: top; width: 13.3846%; height: 157px;\"><span style=\"font-family: arial, helvetica, sans-serif; color: #1c351c;\">2017<\/span><\/td>\n<td style=\"vertical-align: top; width: 85.3846%; height: 157px;\"><span style=\"font-family: arial, helvetica, sans-serif;\"><span style=\"color: #1c351c;\">Marcel H\u00e4hnen wird neuer 1. Vorsitzender. <br \/><\/span><span style=\"color: #1c351c;\">Franz Josef Breuer wird Sch\u00fctzenk\u00f6nig der Neusser Furth.<br \/><\/span><span style=\"color: #1c351c;\">Die St. Hubertussch\u00fctzen von 1955 Neuss-Furth \u00e4ndern ihren Namen in St. Hubertussch\u00fctzen Neuss-Furth e. V. und werden in das Vereinsregister eingetragen.<\/span><\/span><\/td>\n<\/tr>\n<tr style=\"height: 31px;\">\n<td style=\"vertical-align: top; width: 13.3846%; height: 31px;\"><span style=\"font-family: arial, helvetica, sans-serif; color: #1c351c;\">2018<\/span><\/td>\n<td style=\"vertical-align: top; width: 85.3846%; height: 31px;\"><span style=\"font-family: arial, helvetica, sans-serif; color: #1c351c;\">Gr\u00fcndung des St. Hubertuszuges &#8222;\u00c4rm S\u00f6ck&#8220;.<\/span><\/td>\n<\/tr>\n<tr style=\"height: 94px;\">\n<td style=\"vertical-align: top; width: 13.3846%; height: 94px;\"><span style=\"font-family: arial, helvetica, sans-serif; color: #1c351c;\">2020<\/span><\/td>\n<td style=\"vertical-align: top; width: 85.3846%; height: 94px;\"><span style=\"font-family: arial, helvetica, sans-serif;\"><span style=\"color: #1c351c;\">Im Jahr des 65. Bestehen hat die Corona-Pandemie die Welt im Griff.<br \/><\/span><span style=\"color: #1c351c;\">Jochen Nitschke bleibt f\u00fcr drei Jahre Hubertusk\u00f6nig.<\/span><\/span><\/td>\n<\/tr>\n<tr style=\"height: 94px;\">\n<td style=\"vertical-align: top; width: 13.3846%; height: 94px;\"><span style=\"font-family: arial, helvetica, sans-serif; color: #1c351c;\">2023<\/span><\/td>\n<td style=\"vertical-align: top; width: 85.3846%; height: 94px;\"><span style=\"font-family: arial, helvetica, sans-serif; color: #1c351c;\">Gr\u00fcndung des St. Hubertuszuges &#8222;Echte Bengel&#8220;.<br \/>Carsten Zollitsch wird Ehrenmitglied der St. Hubertussch\u00fctzen Neuss-Furth e. V.<\/span><\/td>\n<\/tr>\n<tr style=\"height: 157px;\">\n<td style=\"vertical-align: top; width: 13.3846%; height: 157px;\"><span style=\"font-family: arial, helvetica, sans-serif; color: #1c351c;\">2024<\/span><\/td>\n<td style=\"vertical-align: top; width: 85.3846%; height: 157px;\"><span style=\"font-family: arial, helvetica, sans-serif;\">Frank Pelzer wird neuer Major der St. Hubertussch\u00fctzen Neuss-Furth e. V.<br \/><span style=\"font-family: arial, helvetica, sans-serif; color: #1c351c;\">Wilfried Moosbauer wird Ehrenmitglied der St. Hubertussch\u00fctzen Neuss-Furth e. V.<\/span><br \/><span style=\"color: #1c351c;\">Gr\u00fcndung des St. Hubertuszuges &#8222;Nur so&#8220;.\u00a0<\/span><\/span><\/td>\n<\/tr>\n<tr style=\"height: 121px;\">\n<td style=\"vertical-align: top; width: 13.3846%; height: 121px;\"><span style=\"font-family: arial, helvetica, sans-serif; color: #1c351c;\">2025<\/span><\/td>\n<td style=\"vertical-align: top; width: 85.3846%; height: 121px;\"><span style=\"font-family: arial, helvetica, sans-serif;\">Die St. Hubertussch\u00fctzen feiern ihr 70 J\u00e4hriges Bestehen.<\/span><br \/><span style=\"font-family: arial, helvetica, sans-serif;\">Gr\u00fcndung des St. Hubertuszuges &#8222;Alles auf Anfang&#8220;.<\/span><br \/><span style=\"font-family: arial, helvetica, sans-serif;\">Jochen Nitschke wird Sch\u00fctzenk\u00f6nig der Neusser-Furth.<\/span><br \/><span style=\"font-family: arial, helvetica, sans-serif; color: #1c351c;\">Yannick H\u00fcsges wird Bruderschaftsprinz.<br \/>Das 1. St. Hubertus-Biwak findet am Pfingstdienstag statt.<\/span><\/td>\n<\/tr>\n<tr style=\"height: 63px;\">\n<td style=\"vertical-align: top; width: 13.3846%; height: 63px;\"><span style=\"font-family: arial, helvetica, sans-serif; color: #1c351c;\">2026<\/span><\/td>\n<td style=\"vertical-align: top; width: 85.3846%; height: 63px;\"><span style=\"font-family: arial, helvetica, sans-serif;\">Uli Ziegler und Markus Thomanek werden Ehrenmitglieder der St. Hubertussch\u00fctzen Neuss-Furth e. V.<br \/><span style=\"font-family: arial, helvetica, sans-serif; color: #1c351c;\">Das 2. St. Hubertus-Biwak findet am Pfingstdienstag statt.<\/span><br \/><\/span><\/td>\n<\/tr>\n<\/tbody>\n<\/table>","protected":false},"excerpt":{"rendered":"<p>&nbsp; 1955 Im Fr\u00fchjahr erfolgte die Gr\u00fcndung des Hubertuszuges &#8222;Further Jungsch\u00fctzen&#8220;. Zu den Gr\u00fcndern geh\u00f6ren Hans Basteck, Gerd D\u00f6neke, Theo Edenhofner, Heinz Flamm, Willi Herrmann, Hermann Jansen, Herbert Martin, Peter Martin, Josef Meller, Hubert Schiefer, Ferdi Schieferdecker und Ernst Schlaak. Willi Herrman wird erster Zugf\u00fchrer der &#8222;Further Jungsch\u00fctzen&#8220;. Willi Herrmann wird erster K\u00f6nig der &#8222;Further [&hellip;]<\/p>\n","protected":false},"author":1,"featured_media":0,"parent":135,"menu_order":0,"comment_status":"closed","ping_status":"closed","template":"","meta":{"footnotes":""},"class_list":["post-160","page","type-page","status-publish","hentry"],"aioseo_notices":[],"_links":{"self":[{"href":"https:\/\/hs1955.de\/ver2\/wp-json\/wp\/v2\/pages\/160","targetHints":{"allow":["GET"]}}],"collection":[{"href":"https:\/\/hs1955.de\/ver2\/wp-json\/wp\/v2\/pages"}],"about":[{"href":"https:\/\/hs1955.de\/ver2\/wp-json\/wp\/v2\/types\/page"}],"author":[{"embeddable":true,"href":"https:\/\/hs1955.de\/ver2\/wp-json\/wp\/v2\/users\/1"}],"replies":[{"embeddable":true,"href":"https:\/\/hs1955.de\/ver2\/wp-json\/wp\/v2\/comments?post=160"}],"version-history":[{"count":40,"href":"https:\/\/hs1955.de\/ver2\/wp-json\/wp\/v2\/pages\/160\/revisions"}],"predecessor-version":[{"id":3546,"href":"https:\/\/hs1955.de\/ver2\/wp-json\/wp\/v2\/pages\/160\/revisions\/3546"}],"up":[{"embeddable":true,"href":"https:\/\/hs1955.de\/ver2\/wp-json\/wp\/v2\/pages\/135"}],"wp:attachment":[{"href":"https:\/\/hs1955.de\/ver2\/wp-json\/wp\/v2\/media?parent=160"}],"curies":[{"name":"wp","href":"https:\/\/api.w.org\/{rel}","templated":true}]}}