{"id":292,"date":"2017-02-26T23:24:30","date_gmt":"2017-02-26T22:24:30","guid":{"rendered":"http:\/\/hs1955.de\/ver2\/?page_id=292"},"modified":"2026-03-16T12:58:21","modified_gmt":"2026-03-16T11:58:21","slug":"fahnenkompanie","status":"publish","type":"page","link":"https:\/\/hs1955.de\/ver2\/die-zuege\/fahnenkompanie\/","title":{"rendered":"Fahnenkompanie &#8222;Nur so&#8220;"},"content":{"rendered":"\n<hr>\n<p>&nbsp;<\/p>\n\n\n<p><span style=\"font-family: arial, helvetica, sans-serif; color: #1c351c;\"><img loading=\"lazy\" decoding=\"async\" class=\"alignleft size-large wp-image-3357\" src=\"http:\/\/hs1955.de\/ver2\/wp-content\/uploads\/2025\/06\/nurso-1024x653.jpg\" alt=\"\" width=\"1024\" height=\"653\" srcset=\"https:\/\/hs1955.de\/ver2\/wp-content\/uploads\/2025\/06\/nurso-1024x653.jpg 1024w, https:\/\/hs1955.de\/ver2\/wp-content\/uploads\/2025\/06\/nurso-300x191.jpg 300w, https:\/\/hs1955.de\/ver2\/wp-content\/uploads\/2025\/06\/nurso-768x490.jpg 768w, https:\/\/hs1955.de\/ver2\/wp-content\/uploads\/2025\/06\/nurso.jpg 1420w\" sizes=\"auto, (max-width: 1024px) 100vw, 1024px\" \/><br \/><\/span><\/p>\n<table style=\"width: 100%; height: 217px;\">\n<tbody>\n<tr style=\"height: 31px;\">\n<td style=\"width: 30%; height: 31px;\"><span style=\"font-family: arial, helvetica, sans-serif; color: #1c351c;\">Gr\u00fcndungsjahr:<\/span><\/td>\n<td style=\"width: 70%; height: 31px;\"><span style=\"font-family: arial, helvetica, sans-serif; color: #1c351c;\">1978<\/span><\/td>\n<\/tr>\n<tr style=\"height: 31px;\">\n<td style=\"width: 30%; height: 31px;\"><span style=\"font-family: arial, helvetica, sans-serif; color: #1c351c;\">Zugf\u00fchrer:<\/span><\/td>\n<td style=\"width: 70%; height: 31px;\"><span style=\"font-family: arial, helvetica, sans-serif; color: #1c351c;\">Max Klaus<\/span><\/td>\n<\/tr>\n<tr style=\"height: 31px;\">\n<td style=\"width: 30%; height: 31px;\"><span style=\"font-family: arial, helvetica, sans-serif; color: #1c351c;\">stv. Zugf\u00fchrer:<\/span><\/td>\n<td style=\"width: 70%; height: 31px;\"><span style=\"font-family: arial, helvetica, sans-serif; color: #1c351c;\">Raphael Stock<\/span><\/td>\n<\/tr>\n<tr style=\"height: 31px;\">\n<td style=\"width: 30%; height: 31px;\"><span style=\"font-family: arial, helvetica, sans-serif; color: #1c351c;\">Feldwebel:<\/span><\/td>\n<td style=\"width: 70%; height: 31px;\"><span style=\"font-family: arial, helvetica, sans-serif; color: #1c351c;\">Alexander Stock<\/span><\/td>\n<\/tr>\n<tr style=\"height: 31px;\">\n<td style=\"width: 30%; height: 31px;\"><span style=\"font-family: arial, helvetica, sans-serif; color: #1c351c;\">K\u00f6nig:<\/span><\/td>\n<td style=\"width: 70%; height: 31px;\"><span style=\"font-family: arial, helvetica, sans-serif;\">Raphael Stock<\/span><\/td>\n<\/tr>\n<tr style=\"height: 31px;\">\n<td style=\"width: 30%; height: 31px;\"><span style=\"font-family: arial, helvetica, sans-serif; color: #1c351c;\"> Anzahl Aktive<\/span><\/td>\n<td style=\"width: 70%; height: 31px;\"><span style=\"font-family: arial, helvetica, sans-serif; color: #1c351c;\"> 11<\/span><\/td>\n<\/tr>\n<tr style=\"height: 31px;\">\n<td style=\"width: 30%; height: 31px;\"><span style=\"font-family: arial, helvetica, sans-serif; color: #1c351c;\">\u00a0<\/span><\/td>\n<td style=\"width: 70%; height: 31px;\"><span style=\"font-family: arial, helvetica, sans-serif; color: #1c351c;\">\u00a0<\/span><\/td>\n<\/tr>\n<\/tbody>\n<\/table>\n<p>Die Geschichte der Fahnenkompanie beginnt im Jahr 1978, als sich, im Rahmen der Corpsgr\u00fcndung, aus dem Zug der Further Jungsch\u00fctzen eine Gruppe junger, engagierter Sch\u00fctzenbr\u00fcder formierte.\u00a0<\/p>\n<p>In diesem Jahr wurde daher die erste Corpsfahne angeschafft \u2013 ein Meilenstein, der den Grundstein f\u00fcr die eigenst\u00e4ndige Entwicklung der Fahnenkompanie legte. Angef\u00fchrt wurde die neu entstandene Einheit von Hauptmann Stefan Ringl, der von 1978 bis 1993 mit gro\u00dfem Engagement, Disziplin und Herzblut die Geschicke der Fahnenkompanie leitete. Unter seiner F\u00fchrung wuchs die Fahnenkompanie zu einer festen Gr\u00f6\u00dfe innerhalb der St. Hubertussch\u00fctzen heran.<\/p>\n<p>Im Jahr 1994 kam es zu einem bedeutenden Wechsel in der F\u00fchrung der Fahnenkompanie. Hauptmann Stefan Ringl wurde von Major Theo Edenhofner zum Adjutanten ernannt. Gleichzeitig erfolgte die Anschaffung einer neuen Corpsfahne, welche die alte Fahne aus dem Gr\u00fcndungsjahr ersetzte und das neue Selbstverst\u00e4ndnis sowie die gewachsene Tradition der Kompanie zum Ausdruck brachte. Im selben Jahr \u00fcbernahm Uli Ziegler das Amt des Fahnenhauptmanns.<\/p>\n<p>Ein weiterer H\u00f6hepunkt in der Geschichte der Fahnenkompanie war die K\u00f6nigsw\u00fcrde von Hartmut I. Hoffend, der in den Jahren 2018\/2019 zum Hubertusk\u00f6nig gekr\u00f6nt wurde.\u00a0<\/p>\n<p>Im Jahr 2024 trat die Fahnenkompanie in eine neue Phase ihrer Geschichte ein. Mit der Fusion mit dem neu gegr\u00fcndeten St. Hubertuszug \u201eNur so\u201c wurde ein wichtiger Schritt in Richtung Zukunft gemacht. Ziel dieser Zusammenf\u00fchrung war es, Kr\u00e4fte zu b\u00fcndeln, die Gemeinschaft zu st\u00e4rken und der Fahnenkompanie eine moderne, vitale Struktur zu geben \u2013 im Geist der Tradition, aber mit dem Blick nach vorne.<\/p>\n<p><span style=\"font-family: arial, helvetica, sans-serif; color: #1c351c;\"><img loading=\"lazy\" decoding=\"async\" class=\"alignleft size-full wp-image-3372\" src=\"http:\/\/hs1955.de\/ver2\/wp-content\/uploads\/2025\/07\/Nur_So_150.png\" alt=\"\" width=\"150\" height=\"221\" \/><\/span><\/p>\n\n","protected":false},"excerpt":{"rendered":"<p>&nbsp; Gr\u00fcndungsjahr: 1978 Zugf\u00fchrer: Max Klaus stv. Zugf\u00fchrer: Raphael Stock Feldwebel: Alexander Stock K\u00f6nig: Raphael Stock Anzahl Aktive 11 \u00a0 \u00a0 Die Geschichte der Fahnenkompanie beginnt im Jahr 1978, als sich, im Rahmen der Corpsgr\u00fcndung, aus dem Zug der Further Jungsch\u00fctzen eine Gruppe junger, engagierter Sch\u00fctzenbr\u00fcder formierte.\u00a0 In diesem Jahr wurde daher die erste Corpsfahne [&hellip;]<\/p>\n","protected":false},"author":1,"featured_media":0,"parent":137,"menu_order":0,"comment_status":"closed","ping_status":"closed","template":"","meta":{"footnotes":""},"class_list":["post-292","page","type-page","status-publish","hentry"],"aioseo_notices":[],"_links":{"self":[{"href":"https:\/\/hs1955.de\/ver2\/wp-json\/wp\/v2\/pages\/292","targetHints":{"allow":["GET"]}}],"collection":[{"href":"https:\/\/hs1955.de\/ver2\/wp-json\/wp\/v2\/pages"}],"about":[{"href":"https:\/\/hs1955.de\/ver2\/wp-json\/wp\/v2\/types\/page"}],"author":[{"embeddable":true,"href":"https:\/\/hs1955.de\/ver2\/wp-json\/wp\/v2\/users\/1"}],"replies":[{"embeddable":true,"href":"https:\/\/hs1955.de\/ver2\/wp-json\/wp\/v2\/comments?post=292"}],"version-history":[{"count":48,"href":"https:\/\/hs1955.de\/ver2\/wp-json\/wp\/v2\/pages\/292\/revisions"}],"predecessor-version":[{"id":3541,"href":"https:\/\/hs1955.de\/ver2\/wp-json\/wp\/v2\/pages\/292\/revisions\/3541"}],"up":[{"embeddable":true,"href":"https:\/\/hs1955.de\/ver2\/wp-json\/wp\/v2\/pages\/137"}],"wp:attachment":[{"href":"https:\/\/hs1955.de\/ver2\/wp-json\/wp\/v2\/media?parent=292"}],"curies":[{"name":"wp","href":"https:\/\/api.w.org\/{rel}","templated":true}]}}