{"id":3052,"date":"2024-11-25T12:19:31","date_gmt":"2024-11-25T11:19:31","guid":{"rendered":"https:\/\/hs1955.de\/ver2\/?page_id=3052"},"modified":"2026-03-30T16:15:54","modified_gmt":"2026-03-30T14:15:54","slug":"alles-auf-anfang","status":"publish","type":"page","link":"https:\/\/hs1955.de\/ver2\/die-zuege\/alles-auf-anfang\/","title":{"rendered":"Alles auf Anfang"},"content":{"rendered":"\n<hr>\n<p>&nbsp;<\/p>\n\n\n\n<p><img loading=\"lazy\" decoding=\"async\" class=\"alignleft size-large wp-image-3393\" src=\"http:\/\/hs1955.de\/ver2\/wp-content\/uploads\/2025\/09\/allesaufanfang-1024x768.jpeg\" alt=\"\" width=\"1024\" height=\"768\" srcset=\"https:\/\/hs1955.de\/ver2\/wp-content\/uploads\/2025\/09\/allesaufanfang-1024x768.jpeg 1024w, https:\/\/hs1955.de\/ver2\/wp-content\/uploads\/2025\/09\/allesaufanfang-300x225.jpeg 300w, https:\/\/hs1955.de\/ver2\/wp-content\/uploads\/2025\/09\/allesaufanfang-768x576.jpeg 768w, https:\/\/hs1955.de\/ver2\/wp-content\/uploads\/2025\/09\/allesaufanfang-1536x1152.jpeg 1536w, https:\/\/hs1955.de\/ver2\/wp-content\/uploads\/2025\/09\/allesaufanfang.jpeg 2048w\" sizes=\"auto, (max-width: 1024px) 100vw, 1024px\" \/><\/p>\n<table style=\"width: 100%;\">\n<tbody>\n<tr>\n<td style=\"width: 30%;\"><span style=\"font-family: arial, helvetica, sans-serif; color: #1c351c;\">Gr\u00fcndungsjahr:<\/span><\/td>\n<td style=\"width: 70%;\"><span style=\"font-family: arial, helvetica, sans-serif; color: #1c351c;\">2024<\/span><\/td>\n<\/tr>\n<tr>\n<td style=\"width: 30%;\"><span style=\"font-family: arial, helvetica, sans-serif; color: #1c351c;\">Oberleutnant:<\/span><\/td>\n<td style=\"width: 70%;\"><span style=\"font-family: arial, helvetica, sans-serif; color: #1c351c;\">Carsten Zollitsch<\/span><\/td>\n<\/tr>\n<tr>\n<td style=\"width: 30%;\"><span style=\"font-family: arial, helvetica, sans-serif; color: #1c351c;\">Leutnant:<\/span><\/td>\n<td style=\"width: 70%;\"><span style=\"font-family: arial, helvetica, sans-serif; color: #1c351c;\">Marcus L\u00fctkecosmann<\/span><\/td>\n<\/tr>\n<tr>\n<td style=\"width: 30%;\"><span style=\"font-family: arial, helvetica, sans-serif; color: #1c351c;\">Feldwebel:<\/span><\/td>\n<td style=\"width: 70%;\"><span style=\"font-family: arial, helvetica, sans-serif; color: #1c351c;\">Jonas B\u00fcssing<\/span><\/td>\n<\/tr>\n<tr>\n<td style=\"width: 30%;\"><span style=\"font-family: arial, helvetica, sans-serif; color: #1c351c;\">K\u00f6nig:<\/span><\/td>\n<td style=\"width: 70%;\"><span style=\"font-family: arial, helvetica, sans-serif;\">Max Neuhoff<\/span><\/td>\n<\/tr>\n<tr>\n<td style=\"width: 30%;\"><span style=\"font-family: arial, helvetica, sans-serif; color: #1c351c;\">Anzahl Aktive<\/span><\/td>\n<td style=\"width: 70%;\"><span style=\"font-family: arial, helvetica, sans-serif; color: #1c351c;\">9<\/span><\/td>\n<\/tr>\n<tr>\n<td style=\"width: 30%;\"><span style=\"font-family: arial, helvetica, sans-serif; color: #1c351c;\">\u00a0<\/span><\/td>\n<td style=\"width: 70%;\"><span style=\"font-family: arial, helvetica, sans-serif; color: #1c351c;\">\u00a0<\/span><\/td>\n<\/tr>\n<\/tbody>\n<\/table>\n<p><span style=\"font-family: arial, helvetica, sans-serif;\">2023 wurde beschlossen, dass wir uns regelm\u00e4\u00dfig treffen, um den Kontakt untereinander bei zu behalten. Die lockeren Treffen unter dem Motto \u201eDie Vereinslosen\u201c fanden in unterschiedlichen Lokalit\u00e4ten statt mit dem Ziel, herauszufinden, wie es f\u00fcr uns weitergehen soll.<\/span><\/p>\n<p>\u00a0<\/p>\n<p><span style=\"font-family: arial, helvetica, sans-serif;\">Zun\u00e4chst wurde festgelegt, dass wir 2024 am Sch\u00fctzenfest nicht teilnehmen werden, was f\u00fcr uns aber das hoffentlich einzige und letzte Mal war. Der Wunsch war dann doch gro\u00df, 2025 wieder mit zumarschieren. Nur das wie stand noch nicht fest. Wollen wir uns einer bestehenden Formation anschlie\u00dfen oder einen eigenen Zug gr\u00fcnden.<\/span><\/p>\n<p>\u00a0<\/p>\n<p><span style=\"font-family: arial, helvetica, sans-serif;\">So kam es dann im September 2024 bei einem unserer zahlreichen \u201eVereinslosen\u201c-Treffen im Pferdestall auf der Furtherhofstra\u00dfe zur Gr\u00fcndung eines Sch\u00fctzenzuges. Die Zugf\u00fchrung wurde schnell gefunden und auch das Corps, welchem wir uns anschlie\u00dfen wollen, stand fest. Nur auf einen Zugnamen konnten wir uns nicht einigen. Nach langen \u00dcberlegungen baten wir schlie\u00dflich unsere Frauen, die sich parallel getroffen hatten, uns Vorschl\u00e4ge zu machen. Da wurde uns spontan der Name \u201eAlles auf Anfang\u201c genannt, der uns dann auch \u00fcberzeugte.<\/span><\/p>\n<p>\u00a0<\/p>\n<p><span style=\"font-family: arial, helvetica, sans-serif;\">Der Zugname passt perfekt zu unserer Situation, einen Neuanfang im Sch\u00fctzenwesen auf der Furth zu starten. Getreu dem Grundsatz: Alte Wurzeln, neuer Glanz.<\/span><\/p>\n<p>\u00a0<\/p>\n<p><span style=\"font-family: arial, helvetica, sans-serif;\">Bei uns wird Gemeinschaft, Geselligkeit und Tradition gro\u00df geschrieben, was sich auch schon in diversen Zugveranstaltungen und bei unserem ersten Sch\u00fctzenfest 2025 zeigte.<\/span><\/p>\n","protected":false},"excerpt":{"rendered":"<p>&nbsp; Gr\u00fcndungsjahr: 2024 Oberleutnant: Carsten Zollitsch Leutnant: Marcus L\u00fctkecosmann Feldwebel: Jonas B\u00fcssing K\u00f6nig: Max Neuhoff Anzahl Aktive 9 \u00a0 \u00a0 2023 wurde beschlossen, dass wir uns regelm\u00e4\u00dfig treffen, um den Kontakt untereinander bei zu behalten. Die lockeren Treffen unter dem Motto \u201eDie Vereinslosen\u201c fanden in unterschiedlichen Lokalit\u00e4ten statt mit dem Ziel, herauszufinden, wie es f\u00fcr [&hellip;]<\/p>\n","protected":false},"author":1,"featured_media":0,"parent":137,"menu_order":0,"comment_status":"closed","ping_status":"closed","template":"","meta":{"footnotes":""},"class_list":["post-3052","page","type-page","status-publish","hentry"],"aioseo_notices":[],"_links":{"self":[{"href":"https:\/\/hs1955.de\/ver2\/wp-json\/wp\/v2\/pages\/3052","targetHints":{"allow":["GET"]}}],"collection":[{"href":"https:\/\/hs1955.de\/ver2\/wp-json\/wp\/v2\/pages"}],"about":[{"href":"https:\/\/hs1955.de\/ver2\/wp-json\/wp\/v2\/types\/page"}],"author":[{"embeddable":true,"href":"https:\/\/hs1955.de\/ver2\/wp-json\/wp\/v2\/users\/1"}],"replies":[{"embeddable":true,"href":"https:\/\/hs1955.de\/ver2\/wp-json\/wp\/v2\/comments?post=3052"}],"version-history":[{"count":6,"href":"https:\/\/hs1955.de\/ver2\/wp-json\/wp\/v2\/pages\/3052\/revisions"}],"predecessor-version":[{"id":3544,"href":"https:\/\/hs1955.de\/ver2\/wp-json\/wp\/v2\/pages\/3052\/revisions\/3544"}],"up":[{"embeddable":true,"href":"https:\/\/hs1955.de\/ver2\/wp-json\/wp\/v2\/pages\/137"}],"wp:attachment":[{"href":"https:\/\/hs1955.de\/ver2\/wp-json\/wp\/v2\/media?parent=3052"}],"curies":[{"name":"wp","href":"https:\/\/api.w.org\/{rel}","templated":true}]}}