{"id":315,"date":"2017-02-26T23:41:58","date_gmt":"2017-02-26T22:41:58","guid":{"rendered":"http:\/\/hs1955.de\/ver2\/?page_id=315"},"modified":"2024-12-25T22:07:49","modified_gmt":"2024-12-25T21:07:49","slug":"hirsche-und-falken","status":"publish","type":"page","link":"https:\/\/hs1955.de\/ver2\/die-zuege\/hirsche-und-falken\/","title":{"rendered":"Hirsche und Falken"},"content":{"rendered":"\n<hr \/>\n<p>\u00a0<\/p>\n\n\n<p><span style=\"font-family: arial, helvetica, sans-serif; color: #1c351c;\"><img loading=\"lazy\" decoding=\"async\" src=\"http:\/\/hs1955.de\/ver2\/wp-content\/uploads\/2017\/02\/hirscheundfalken.jpg\" width=\"600\" height=\"476\" \/><\/span><\/p>\n<table style=\"width: 100%;\">\n<tbody>\n<tr>\n<td style=\"width: 30%;\"><span style=\"font-family: arial, helvetica, sans-serif; color: #1c351c;\">Gr\u00fcndungsjahr:<\/span><\/td>\n<td style=\"width: 70%;\"><span style=\"font-family: arial, helvetica, sans-serif; color: #1c351c;\">1991<\/span><\/td>\n<\/tr>\n<tr>\n<td style=\"width: 30%;\"><span style=\"font-family: arial, helvetica, sans-serif; color: #1c351c;\">Oberleutnant:<\/span><\/td>\n<td style=\"width: 70%;\"><span style=\"font-family: arial, helvetica, sans-serif; color: #1c351c;\">Markus N\u00fcsse<\/span><\/td>\n<\/tr>\n<tr>\n<td style=\"width: 30%;\"><span style=\"font-family: arial, helvetica, sans-serif; color: #1c351c;\">Leutnant:<\/span><\/td>\n<td style=\"width: 70%;\"><span style=\"font-family: arial, helvetica, sans-serif; color: #1c351c;\">Christoph Exner<\/span><\/td>\n<\/tr>\n<tr>\n<td style=\"width: 30%;\"><span style=\"font-family: arial, helvetica, sans-serif; color: #1c351c;\">Feldwebel:<\/span><\/td>\n<td style=\"width: 70%;\"><span style=\"font-family: arial, helvetica, sans-serif; color: #1c351c;\">Dennis Knepper<\/span><\/td>\n<\/tr>\n<tr>\n<td style=\"width: 30%;\"><span style=\"font-family: arial, helvetica, sans-serif; color: #1c351c;\">Kassierer:<\/span><\/td>\n<td style=\"width: 70%;\"><span style=\"font-family: arial, helvetica, sans-serif; color: #1c351c;\">\u00a0Eckardt Kionke<\/span><\/td>\n<\/tr>\n<tr>\n<td style=\"width: 30%;\"><span style=\"font-family: arial, helvetica, sans-serif; color: #1c351c;\">Schriftf\u00fchrer:<\/span><\/td>\n<td style=\"width: 70%;\"><span style=\"font-family: arial, helvetica, sans-serif; color: #1c351c;\">\u00a0Axel Walther<\/span><\/td>\n<\/tr>\n<tr>\n<td style=\"width: 30%;\"><span style=\"font-family: arial, helvetica, sans-serif; color: #1c351c;\">K\u00f6nig:<\/span><\/td>\n<td style=\"width: 0%;\"><span style=\"font-family: arial, helvetica, sans-serif; color: #1c351c;\">\u00a0Cris Finkbeiner-Cardoso<\/span><\/td>\n<\/tr>\n<tr>\n<td style=\"width: 30%;\"><span style=\"font-family: arial, helvetica, sans-serif; color: #1c351c;\">Anzahl Aktive:<\/span><\/td>\n<td style=\"width: 70%;\"><span style=\"font-family: arial, helvetica, sans-serif; color: #1c351c;\">\u00a010<\/span><\/td>\n<\/tr>\n<tr>\n<td style=\"width: 30%;\"><span style=\"font-family: arial, helvetica, sans-serif; color: #1c351c;\">\u00a0<\/span><\/td>\n<td style=\"width: 70%;\"><span style=\"font-family: arial, helvetica, sans-serif; color: #1c351c;\">\u00a0<\/span><\/td>\n<\/tr>\n<\/tbody>\n<\/table>\n<p align=\"justify\"><span style=\"font-family: arial, helvetica, sans-serif; color: #1c351c;\">Im Jahr 1991 wurden zwei Hubertusz\u00fcge gegr\u00fcndet, \u201eDie Falken\u201c und \u201eDie flotten Hirsche\u201c. 1997 standen beide Vereine mangels Mitgliedern kurz vor dem Aus. Da man sich aber untereinander gut verstand, beschloss man aus beiden Z\u00fcgen einen zu machen. Gesagt, getan.<\/span><br \/><span style=\"font-family: arial, helvetica, sans-serif; color: #1c351c;\">Das Gr\u00fcndungsjahr 1991 konnte nach R\u00fccksprache mit der Corpsf\u00fchrung beibehalten werden. Aus beiden Zugnamen wurde ein neuer Name gebildet, \u201eHirsche und Falken\u201c. Im Jahr 1999\/2000 wurde Axel Walther mit dem 29. Schuss Hubertusk\u00f6nig.<\/span><br \/><span style=\"font-family: arial, helvetica, sans-serif; color: #1c351c;\">Im Jahr 2004 war unser Verein unter Hauptmann Axel Walther Hauptmannszug der St. Hubertussch\u00fctzen Neuss-Furth von 1955.<\/span><br \/><span style=\"font-family: arial, helvetica, sans-serif; color: #1c351c;\">In diesem Jahr feiert der Zug seit 25 j\u00e4hriges Jubil\u00e4um. Der Zug marschiert am Pfingstsonntag mit Blumenhorn und 10 G\u00e4sten \u00fcber die Furth.<\/span><\/p>","protected":false},"excerpt":{"rendered":"<p>\u00a0 Gr\u00fcndungsjahr: 1991 Oberleutnant: Markus N\u00fcsse Leutnant: Christoph Exner Feldwebel: Dennis Knepper Kassierer: \u00a0Eckardt Kionke Schriftf\u00fchrer: \u00a0Axel Walther K\u00f6nig: \u00a0Cris Finkbeiner-Cardoso Anzahl Aktive: \u00a010 \u00a0 \u00a0 Im Jahr 1991 wurden zwei Hubertusz\u00fcge gegr\u00fcndet, \u201eDie Falken\u201c und \u201eDie flotten Hirsche\u201c. 1997 standen beide Vereine mangels Mitgliedern kurz vor dem Aus. Da man sich aber untereinander gut [&hellip;]<\/p>\n","protected":false},"author":1,"featured_media":0,"parent":137,"menu_order":0,"comment_status":"closed","ping_status":"closed","template":"","meta":{"footnotes":""},"class_list":["post-315","page","type-page","status-publish","hentry"],"aioseo_notices":[],"_links":{"self":[{"href":"https:\/\/hs1955.de\/ver2\/wp-json\/wp\/v2\/pages\/315","targetHints":{"allow":["GET"]}}],"collection":[{"href":"https:\/\/hs1955.de\/ver2\/wp-json\/wp\/v2\/pages"}],"about":[{"href":"https:\/\/hs1955.de\/ver2\/wp-json\/wp\/v2\/types\/page"}],"author":[{"embeddable":true,"href":"https:\/\/hs1955.de\/ver2\/wp-json\/wp\/v2\/users\/1"}],"replies":[{"embeddable":true,"href":"https:\/\/hs1955.de\/ver2\/wp-json\/wp\/v2\/comments?post=315"}],"version-history":[{"count":8,"href":"https:\/\/hs1955.de\/ver2\/wp-json\/wp\/v2\/pages\/315\/revisions"}],"predecessor-version":[{"id":3129,"href":"https:\/\/hs1955.de\/ver2\/wp-json\/wp\/v2\/pages\/315\/revisions\/3129"}],"up":[{"embeddable":true,"href":"https:\/\/hs1955.de\/ver2\/wp-json\/wp\/v2\/pages\/137"}],"wp:attachment":[{"href":"https:\/\/hs1955.de\/ver2\/wp-json\/wp\/v2\/media?parent=315"}],"curies":[{"name":"wp","href":"https:\/\/api.w.org\/{rel}","templated":true}]}}