{"id":317,"date":"2017-02-26T23:43:26","date_gmt":"2017-02-26T22:43:26","guid":{"rendered":"http:\/\/hs1955.de\/ver2\/?page_id=317"},"modified":"2025-11-03T16:01:53","modified_gmt":"2025-11-03T15:01:53","slug":"immer-jood-drop","status":"publish","type":"page","link":"https:\/\/hs1955.de\/ver2\/die-zuege\/immer-jood-drop\/","title":{"rendered":"Immer jood drop"},"content":{"rendered":"\n<hr \/>\n<p>\u00a0<\/p>\n\n\n\n<figure class=\"wp-block-gallery has-nested-images columns-default is-cropped wp-block-gallery-1 is-layout-flex wp-block-gallery-is-layout-flex\">\n<figure class=\"wp-block-image size-large\"><img loading=\"lazy\" decoding=\"async\" width=\"1024\" height=\"768\" data-id=\"3402\" src=\"https:\/\/hs1955.de\/ver2\/wp-content\/uploads\/2025\/11\/immerjooddrop-1024x768.jpg\" alt=\"\" class=\"wp-image-3402\" srcset=\"https:\/\/hs1955.de\/ver2\/wp-content\/uploads\/2025\/11\/immerjooddrop-1024x768.jpg 1024w, https:\/\/hs1955.de\/ver2\/wp-content\/uploads\/2025\/11\/immerjooddrop-300x225.jpg 300w, https:\/\/hs1955.de\/ver2\/wp-content\/uploads\/2025\/11\/immerjooddrop-768x576.jpg 768w, https:\/\/hs1955.de\/ver2\/wp-content\/uploads\/2025\/11\/immerjooddrop-1536x1152.jpg 1536w, https:\/\/hs1955.de\/ver2\/wp-content\/uploads\/2025\/11\/immerjooddrop.jpg 1600w\" sizes=\"auto, (max-width: 1024px) 100vw, 1024px\" \/><\/figure>\n<\/figure>\n\n\n\n<p><span style=\"font-family: arial, helvetica, sans-serif; color: #1c351c;\"><\/span><\/p>\n\n\n\n<figure class=\"wp-block-table is-style-stripes\"><table class=\"has-fixed-layout\"><tbody><tr><td><span style=\"font-family: arial, helvetica, sans-serif; color: #1c351c;\">Gr\u00fcndungsjahr:<\/span><\/td><td><span style=\"font-family: arial, helvetica, sans-serif; color: #1c351c;\">1989<\/span><\/td><\/tr><tr><td><span style=\"font-family: arial, helvetica, sans-serif; color: #1c351c;\">Oberleutnant:<\/span><\/td><td><span style=\"font-family: arial, helvetica, sans-serif; color: #1c351c;\">Daniel Ruthemeyer<\/span><\/td><\/tr><tr><td><span style=\"font-family: arial, helvetica, sans-serif; color: #1c351c;\">Leutnant:<\/span><\/td><td><span style=\"font-family: arial, helvetica, sans-serif; color: #1c351c;\">Lars Knopp<\/span><\/td><\/tr><tr><td><span style=\"font-family: arial, helvetica, sans-serif; color: #1c351c;\">Feldwebel:<\/span><\/td><td><span style=\"font-family: arial, helvetica, sans-serif; color: #1c351c;\">Holger Seifert<\/span><\/td><\/tr><tr><td><span style=\"font-family: arial, helvetica, sans-serif; color: #1c351c;\">Kassierer:<\/span><\/td><td><span style=\"font-family: arial, helvetica, sans-serif; color: #1c351c;\">Heinz Coenen<\/span><\/td><\/tr><tr><td><span style=\"font-family: arial, helvetica, sans-serif; color: #1c351c;\">Schriftf\u00fchrer:<\/span><\/td><td><span style=\"font-family: arial, helvetica, sans-serif; color: #1c351c;\">Daniel Ruthemeyer<\/span><\/td><\/tr><tr><td><span style=\"font-family: arial, helvetica, sans-serif; color: #1c351c;\">K\u00f6nig:<\/span><\/td><td><span style=\"font-family: arial, helvetica, sans-serif; color: #1c351c;\">Ralf Schupp<\/span><\/td><\/tr><tr><td><span style=\"font-family: arial, helvetica, sans-serif; color: #1c351c;\">Anzahl Aktive:<\/span><\/td><td>7<\/td><\/tr><\/tbody><\/table><\/figure>\n\n\n\n\n\n\n\n<p><span style=\"font-family: arial, helvetica, sans-serif; color: #1c351c;\">Im Jahr 1989 haben sich die Gr\u00fcnder Franz Josef Pikartz, Christoph und Peter Gieble, Peter Schmitz, Robert Winters, Alfred Gundert, Paul Angermund und Heinz Coenen in der Gartenkneipe \u201eDeutsche Scholle\u201c am Nordpark getroffen um den Hubertus Zug \u201e Immer jood drop\u201c zu gr\u00fcnden. In den Jahren hat es einige \u00c4nderungen in Mittglieder gegeben nur Heinz Coenen ist immer noch Aktiver Sch\u00fctze und auch schon mehre Jahre Oberleutnant im Zug.<\/span><\/p>\n","protected":false},"excerpt":{"rendered":"<p>\u00a0 Gr\u00fcndungsjahr: 1989 Oberleutnant: Daniel Ruthemeyer Leutnant: Lars Knopp Feldwebel: Holger Seifert Kassierer: Heinz Coenen Schriftf\u00fchrer: Daniel Ruthemeyer K\u00f6nig: Ralf Schupp Anzahl Aktive: 7 Im Jahr 1989 haben sich die Gr\u00fcnder Franz Josef Pikartz, Christoph und Peter Gieble, Peter Schmitz, Robert Winters, Alfred Gundert, Paul Angermund und Heinz Coenen in der Gartenkneipe \u201eDeutsche Scholle\u201c am [&hellip;]<\/p>\n","protected":false},"author":1,"featured_media":0,"parent":137,"menu_order":0,"comment_status":"closed","ping_status":"closed","template":"","meta":{"footnotes":""},"class_list":["post-317","page","type-page","status-publish","hentry"],"aioseo_notices":[],"_links":{"self":[{"href":"https:\/\/hs1955.de\/ver2\/wp-json\/wp\/v2\/pages\/317","targetHints":{"allow":["GET"]}}],"collection":[{"href":"https:\/\/hs1955.de\/ver2\/wp-json\/wp\/v2\/pages"}],"about":[{"href":"https:\/\/hs1955.de\/ver2\/wp-json\/wp\/v2\/types\/page"}],"author":[{"embeddable":true,"href":"https:\/\/hs1955.de\/ver2\/wp-json\/wp\/v2\/users\/1"}],"replies":[{"embeddable":true,"href":"https:\/\/hs1955.de\/ver2\/wp-json\/wp\/v2\/comments?post=317"}],"version-history":[{"count":13,"href":"https:\/\/hs1955.de\/ver2\/wp-json\/wp\/v2\/pages\/317\/revisions"}],"predecessor-version":[{"id":3406,"href":"https:\/\/hs1955.de\/ver2\/wp-json\/wp\/v2\/pages\/317\/revisions\/3406"}],"up":[{"embeddable":true,"href":"https:\/\/hs1955.de\/ver2\/wp-json\/wp\/v2\/pages\/137"}],"wp:attachment":[{"href":"https:\/\/hs1955.de\/ver2\/wp-json\/wp\/v2\/media?parent=317"}],"curies":[{"name":"wp","href":"https:\/\/api.w.org\/{rel}","templated":true}]}}