{"id":324,"date":"2017-02-26T23:48:09","date_gmt":"2017-02-26T22:48:09","guid":{"rendered":"http:\/\/hs1955.de\/ver2\/?page_id=324"},"modified":"2025-11-17T13:03:33","modified_gmt":"2025-11-17T12:03:33","slug":"neu-bruecker-jungen","status":"publish","type":"page","link":"https:\/\/hs1955.de\/ver2\/die-zuege\/neu-bruecker-jungen\/","title":{"rendered":"Neu-Br\u00fccker-Jungen"},"content":{"rendered":"\n<hr>\n<p>&nbsp;<\/p>\n\n\n<p><span style=\"font-family: arial, helvetica, sans-serif; color: #1c351c;\"><img loading=\"lazy\" decoding=\"async\" src=\"http:\/\/hs1955.de\/ver2\/wp-content\/uploads\/2019\/06\/nbj.jpg\" alt=\"\" width=\"600\" height=\"450\" \/><\/span><\/p>\n<table style=\"width: 100%; height: 270px;\">\n<tbody>\n<tr style=\"height: 30px;\">\n<td style=\"width: 30%; height: 30px;\"><span style=\"font-family: arial, helvetica, sans-serif; color: #1c351c;\">Gr\u00fcndungsjahr:<\/span><\/td>\n<td style=\"width: 70%; height: 30px;\"><span style=\"font-family: arial, helvetica, sans-serif; color: #1c351c;\">1983<\/span><\/td>\n<\/tr>\n<tr style=\"height: 30px;\">\n<td style=\"width: 30%; height: 30px;\"><span style=\"font-family: arial, helvetica, sans-serif; color: #1c351c;\">Oberleutnant:<\/span><\/td>\n<td style=\"width: 70%; height: 30px;\"><span style=\"font-family: arial, helvetica, sans-serif; color: #1c351c;\">Nicolas Kenkenberg<\/span><\/td>\n<\/tr>\n<tr style=\"height: 30px;\">\n<td style=\"width: 30%; height: 30px;\"><span style=\"font-family: arial, helvetica, sans-serif; color: #1c351c;\">Leutnant:<\/span><\/td>\n<td style=\"width: 70%; height: 30px;\"><span style=\"font-family: arial, helvetica, sans-serif; color: #1c351c;\">Dirk Theobald<\/span><\/td>\n<\/tr>\n<tr style=\"height: 30px;\">\n<td style=\"width: 30%; height: 30px;\"><span style=\"font-family: arial, helvetica, sans-serif; color: #1c351c;\">Feldwebel:<\/span><\/td>\n<td style=\"width: 70%; height: 30px;\"><span style=\"font-family: arial, helvetica, sans-serif; color: #1c351c;\">Cedric M\u00fcller<\/span><\/td>\n<\/tr>\n<tr style=\"height: 30px;\">\n<td style=\"width: 30%; height: 30px;\"><span style=\"font-family: arial, helvetica, sans-serif; color: #1c351c;\">Kassierer:<\/span><\/td>\n<td style=\"width: 70%; height: 30px;\"><span style=\"font-family: arial, helvetica, sans-serif; color: #1c351c;\">Cedric M\u00fcller<\/span><\/td>\n<\/tr>\n<tr style=\"height: 30px;\">\n<td style=\"width: 30%; height: 30px;\"><span style=\"font-family: arial, helvetica, sans-serif; color: #1c351c;\">Schriftf\u00fchrer:<\/span><\/td>\n<td style=\"width: 70%; height: 30px;\"><span style=\"font-family: arial, helvetica, sans-serif; color: #1c351c;\">Dirk Theobald<\/span><\/td>\n<\/tr>\n<tr style=\"height: 30px;\">\n<td style=\"width: 30%; height: 30px;\"><span style=\"font-family: arial, helvetica, sans-serif; color: #1c351c;\">K\u00f6nig:<\/span><\/td>\n<td style=\"width: 70%; height: 30px;\"><span style=\"font-family: arial, helvetica, sans-serif; color: #1c351c;\">Cedric M\u00fcller<\/span><\/td>\n<\/tr>\n<tr style=\"height: 30px;\">\n<td style=\"width: 30%; height: 30px;\"><span style=\"font-family: arial, helvetica, sans-serif; color: #1c351c;\">Anzahl Aktive:<\/span><\/td>\n<td style=\"width: 70%; height: 30px;\"><span style=\"font-family: arial, helvetica, sans-serif; color: #1c351c;\">10<\/span><\/td>\n<\/tr>\n<tr style=\"height: 30px;\">\n<td style=\"width: 30%; height: 30px;\"><span style=\"font-family: arial, helvetica, sans-serif; color: #1c351c;\">\u00a0<\/span><\/td>\n<td style=\"width: 70%; height: 30px;\"><span style=\"font-family: arial, helvetica, sans-serif; color: #1c351c;\">\u00a0<\/span><\/td>\n<\/tr>\n<\/tbody>\n<\/table>\n<p><span style=\"font-family: arial, helvetica, sans-serif; color: #1c351c;\">Im Dezember 1982 kn\u00fcpfte Wolfgang Hermes erste briefliche Kontakte und k\u00fcndigte in K\u00fcrze eine Gr\u00fcndungsversammlung an.<\/span><\/p>\n<p><span style=\"font-family: arial, helvetica, sans-serif; color: #1c351c;\">Am 18.Februar 1983 trafen sich 9 gestandene M\u00e4nner bei Horst Sch\u00e4fer in der Kellerbar. Nach umfangreichen Diskussionen kam es noch nicht zur Zuggr\u00fcndung.<\/span><\/p>\n<p><span style=\"font-family: arial, helvetica, sans-serif; color: #1c351c;\">Einen Monat sp\u00e4ter, am 18.M\u00e4rz 1983 verabredeten sich dann schon 14 Kameraden wieder in der Kellerbar von Horst Sch\u00e4fer, um nun endlich einen Hubertuszug zu gr\u00fcnden. Als kompetenter Helfer in Sch\u00fctzenfragen war Hubertus-Major Theo Edenhofner eingeladen worden. Schnell war der Zugname \u201eNeu-Br\u00fccker-Jungen\u201c gefunden und aus den Chargiertenwahlen ging die neue Zugf\u00fchrung hervor:<\/span><\/p>\n<p><span style=\"font-family: arial, helvetica, sans-serif; color: #1c351c;\">Olt. Horst Sch\u00e4fer<\/span><br \/><span style=\"font-family: arial, helvetica, sans-serif; color: #1c351c;\">Lt. Heinz Heinen<\/span><br \/><span style=\"font-family: arial, helvetica, sans-serif; color: #1c351c;\">Fw. Franz-Josef Bloemacher<\/span><br \/><span style=\"font-family: arial, helvetica, sans-serif; color: #1c351c;\">Die Gr\u00fcndung unseres Sch\u00fctzenzuges war vollzogen.<\/span><\/p>\n<p><span style=\"font-family: arial, helvetica, sans-serif; color: #1c351c;\">Pfingsten 1983, als unser Major Theo Edenhofner Sch\u00fctzenk\u00f6nig auf der Furth war, marschierten wir \u201eNeu-Br\u00fccker-Jungen\u201c mit 6 Sch\u00fctzen zum ersten Mal beim Sch\u00fctzenfest auf.<\/span><\/p>\n<p><span style=\"font-family: arial, helvetica, sans-serif; color: #1c351c;\">32 Jahre sp\u00e4ter, nach H\u00f6hen und Tiefen, vielen Aktivit\u00e4ten und gemeinsamen Unternehmungen geh\u00f6ren dem Zug 29 Mitglieder an, davon 19 aktive und 10 passive Sch\u00fctzen.<\/span><\/p>\n<p><span style=\"font-family: arial, helvetica, sans-serif; color: #1c351c;\">Einige Kameraden haben uns in den zur\u00fcckgelegten Jahren f\u00fcr immer verlassen. Wir werden ihnen stets ein ehrendes Andenken bewahren.<\/span><\/p>\n<p><span style=\"font-family: arial, helvetica, sans-serif; color: #1c351c;\">Aus den Reihen der \u201eNeu-Br\u00fccker-Jungen\u201c haben sich einige Sch\u00fctzenbr\u00fcdern besonders hervorgetan.<\/span><\/p>\n<p><span style=\"font-family: arial, helvetica, sans-serif; color: #1c351c;\">So stellen b.z.w. stellten wir f\u00fcr die Hubertussch\u00fctzen:<\/span><\/p>\n<p><span style=\"font-family: arial, helvetica, sans-serif; color: #1c351c;\">10 Hubertusk\u00f6nige, 2 Jungsch\u00fctzenk\u00f6nige, stv. Vorsitzende, Kassierer, Gesch\u00e4ftsf\u00fchrer, Major, Hauptmannszug, Schie\u00dfmeister, Pressewart, Fackelbaumeister, Jungsch\u00fctzenbeauftragte,<\/span><\/p>\n<p><span style=\"font-family: arial, helvetica, sans-serif; color: #1c351c;\">und f\u00fcr die Bruderschaft: 3 Sch\u00fctzenk\u00f6nige, Kassierer, Sch\u00fctzenmeister und stv. Pr\u00e4sident.<\/span><\/p>","protected":false},"excerpt":{"rendered":"<p>&nbsp; Gr\u00fcndungsjahr: 1983 Oberleutnant: Nicolas Kenkenberg Leutnant: Dirk Theobald Feldwebel: Cedric M\u00fcller Kassierer: Cedric M\u00fcller Schriftf\u00fchrer: Dirk Theobald K\u00f6nig: Cedric M\u00fcller Anzahl Aktive: 10 \u00a0 \u00a0 Im Dezember 1982 kn\u00fcpfte Wolfgang Hermes erste briefliche Kontakte und k\u00fcndigte in K\u00fcrze eine Gr\u00fcndungsversammlung an. Am 18.Februar 1983 trafen sich 9 gestandene M\u00e4nner bei Horst Sch\u00e4fer in der [&hellip;]<\/p>\n","protected":false},"author":1,"featured_media":0,"parent":137,"menu_order":0,"comment_status":"closed","ping_status":"closed","template":"","meta":{"footnotes":""},"class_list":["post-324","page","type-page","status-publish","hentry"],"aioseo_notices":[],"_links":{"self":[{"href":"https:\/\/hs1955.de\/ver2\/wp-json\/wp\/v2\/pages\/324","targetHints":{"allow":["GET"]}}],"collection":[{"href":"https:\/\/hs1955.de\/ver2\/wp-json\/wp\/v2\/pages"}],"about":[{"href":"https:\/\/hs1955.de\/ver2\/wp-json\/wp\/v2\/types\/page"}],"author":[{"embeddable":true,"href":"https:\/\/hs1955.de\/ver2\/wp-json\/wp\/v2\/users\/1"}],"replies":[{"embeddable":true,"href":"https:\/\/hs1955.de\/ver2\/wp-json\/wp\/v2\/comments?post=324"}],"version-history":[{"count":18,"href":"https:\/\/hs1955.de\/ver2\/wp-json\/wp\/v2\/pages\/324\/revisions"}],"predecessor-version":[{"id":3414,"href":"https:\/\/hs1955.de\/ver2\/wp-json\/wp\/v2\/pages\/324\/revisions\/3414"}],"up":[{"embeddable":true,"href":"https:\/\/hs1955.de\/ver2\/wp-json\/wp\/v2\/pages\/137"}],"wp:attachment":[{"href":"https:\/\/hs1955.de\/ver2\/wp-json\/wp\/v2\/media?parent=324"}],"curies":[{"name":"wp","href":"https:\/\/api.w.org\/{rel}","templated":true}]}}