{"id":326,"date":"2017-02-26T23:49:32","date_gmt":"2017-02-26T22:49:32","guid":{"rendered":"http:\/\/hs1955.de\/ver2\/?page_id=326"},"modified":"2026-01-11T21:12:45","modified_gmt":"2026-01-11T20:12:45","slug":"springender-hirsch","status":"publish","type":"page","link":"https:\/\/hs1955.de\/ver2\/die-zuege\/springender-hirsch\/","title":{"rendered":"Springender Hirsch"},"content":{"rendered":"\n<hr>\n<p>&nbsp;<\/p>\n\n\n<p><span style=\"font-family: arial, helvetica, sans-serif; color: #1c351c;\"><img loading=\"lazy\" decoding=\"async\" src=\"http:\/\/hs1955.de\/ver2\/wp-content\/uploads\/2017\/02\/springenderhirsch.jpg\" alt=\"\" width=\"600\" height=\"360\" \/><\/span><\/p>\n<table style=\"width: 100%;\">\n<tbody>\n<tr>\n<td style=\"width: 30%;\"><span style=\"font-family: arial, helvetica, sans-serif; color: #1c351c;\">Gr\u00fcndungsjahr:<\/span><\/td>\n<td style=\"width: 70%;\"><span style=\"font-family: arial, helvetica, sans-serif; color: #1c351c;\">1977<\/span><\/td>\n<\/tr>\n<tr>\n<td style=\"width: 30%;\"><span style=\"font-family: arial, helvetica, sans-serif; color: #1c351c;\">Hauptmann:<\/span><\/td>\n<td style=\"width: 70%;\"><span style=\"font-family: arial, helvetica, sans-serif; color: #1c351c;\">Robert Dost<\/span><\/td>\n<\/tr>\n<tr>\n<td style=\"width: 30%;\"><span style=\"font-family: arial, helvetica, sans-serif; color: #1c351c;\">Leutnant:<\/span><\/td>\n<td style=\"width: 70%;\"><span style=\"font-family: arial, helvetica, sans-serif; color: #1c351c;\">Michael Kalkmann<\/span><\/td>\n<\/tr>\n<tr>\n<td style=\"width: 30%;\"><span style=\"font-family: arial, helvetica, sans-serif; color: #1c351c;\">Feldwebel:<\/span><\/td>\n<td style=\"width: 70%;\"><span style=\"font-family: arial, helvetica, sans-serif; color: #1c351c;\">Dietmar Freimann<\/span><\/td>\n<\/tr>\n<tr>\n<td style=\"width: 30%;\"><span style=\"font-family: arial, helvetica, sans-serif; color: #1c351c;\">Kassierer:<\/span><\/td>\n<td style=\"width: 70%;\"><span style=\"font-family: arial, helvetica, sans-serif; color: #1c351c;\">Robert Dost<\/span><\/td>\n<\/tr>\n<tr>\n<td style=\"width: 30%;\"><span style=\"font-family: arial, helvetica, sans-serif; color: #1c351c;\">Schriftf\u00fchrer:<\/span><\/td>\n<td style=\"width: 30%;\"><span style=\"font-family: arial, helvetica, sans-serif; color: #1c351c;\">Thomas Weiss<\/span><\/td>\n<\/tr>\n<tr>\n<td style=\"width: 30%;\"><span style=\"font-family: arial, helvetica, sans-serif; color: #1c351c;\">K\u00f6nig:<\/span><\/td>\n<td style=\"width: 70%;\"><span style=\"font-family: arial, helvetica, sans-serif; color: #1c351c;\">Armin Schrills<\/span><\/td>\n<\/tr>\n<tr>\n<td style=\"width: 30%;\"><span style=\"font-family: arial, helvetica, sans-serif; color: #1c351c;\">Anzahl Aktive:<\/span><\/td>\n<td style=\"width: 70%;\"><span style=\"font-family: arial, helvetica, sans-serif; color: #1c351c;\">15<\/span><\/td>\n<\/tr>\n<tr>\n<td style=\"width: 30%;\"><span style=\"font-family: arial, helvetica, sans-serif; color: #1c351c;\">\u00a0<\/span><\/td>\n<td style=\"width: 70%;\"><span style=\"font-family: arial, helvetica, sans-serif; color: #1c351c;\">\u00a0<\/span><\/td>\n<\/tr>\n<\/tbody>\n<\/table>\n<p><span style=\"font-family: arial, helvetica, sans-serif; color: #1c351c;\">Im Jahre 1977 wurde der, nunmehr dritt\u00e4lteste, noch bestehende, Zug des Hubertuskorps Neuss-Furth gegr\u00fcndet.<\/span><\/p>\n<p><span style=\"font-family: arial, helvetica, sans-serif; color: #1c351c;\">Viele der Further Sch\u00fctzen hatten in den Reihen dieses Zuges ihre Wurzeln. Und wie das so bei jungen Hirschen \u00fcblich ist, mussten zun\u00e4chst die H\u00f6rner gr\u00fcndlich abgesto\u00dfen werden. Schon damals zeichnete man sich durch enorme Kreativit\u00e4t und Leistungsbereitschaft aus. Der Phantasie waren keine Grenzen gesetzt, z. B. ist die \u201ePoolparty\u201c im Further Freibad legend\u00e4r, und so mancher Beobachter des\u00a0 Zuges wusste nicht immer, ob es sich hier um Sch\u00fctzen handelte, oder nicht doch eher um eine \u201eschlagende Verbindung.\u201c<\/span><\/p>\n<p><span style=\"font-family: arial, helvetica, sans-serif; color: #1c351c;\">Doch aus dem \u201ewilden Haufen\u201c der Anfangszeit entwickelte sich in den letzten Jahren eine Gemeinschaft, die zur bedeutenden St\u00fctze des Hubertuskorps geworden ist.<\/span><\/p>\n<p><span style=\"font-family: arial, helvetica, sans-serif; color: #1c351c;\">Derzeit bekleiden vier Zugmitglieder wichtige \u00c4mter in derKorpsf\u00fchrung. Neben Markus Jansen als Gesch\u00e4fts-f\u00fchrer und Thomas Wei\u00df als seinem Stellvertreter und Pressewart stellt der Zug, mit Michael Tischler und Robert Dost, auch zwei der Schie\u00dfmeister des Hubertuskorps. Und auch sonst gilt: Wo Not am Mann ist, ist auch ein Springeder Hirsch\u201c zu finden!<\/span><\/p>\n<p><span style=\"font-family: arial, helvetica, sans-serif; color: #1c351c;\">Zu den neueren \u201eHobbys\u201c des Zuges z\u00e4hlen seit einigen Jahren der Fackelbau und die Teilnahme an den, regelm\u00e4\u00dfig stattfindenden, \u00dcbungsschie\u00dfen der Hubertussch\u00fctzen, mit beachtlichen Erfolgen.<\/span><\/p>\n<p><span style=\"font-family: arial, helvetica, sans-serif; color: #1c351c;\">Dar\u00fcber hinaus haben viele Zugmitglieder ihre Aktivit\u00e4ten auch \u00fcber die Grenzen der Neusser Furth erweitert. Seit geraumer Zeit besteht eine partnerschaftliche Verbindung zum St. Hubertuszug \u201ePh\u00f6nix\u201c, in dessen Reihen derzeit f\u00fcnf der \u201eHirsche\u201c als aktive Mitglieder \u00fcber den Neusser Markt \u201espringen\u201c, die auch mal durch weitere Kameraden unterst\u00fctzt werden. Und dann und wann findet sich auch der Eine oder Andere \u201ePh\u00f6nix\u201c als Gast auf der Furth.<\/span><\/p>\n<p><span style=\"font-family: arial, helvetica, sans-serif; color: #1c351c;\">Unser Motto: \u201eDa simmer dabei, dat is prima\u2026.!\u201c<\/span><\/p>","protected":false},"excerpt":{"rendered":"<p>&nbsp; Gr\u00fcndungsjahr: 1977 Hauptmann: Robert Dost Leutnant: Michael Kalkmann Feldwebel: Dietmar Freimann Kassierer: Robert Dost Schriftf\u00fchrer: Thomas Weiss K\u00f6nig: Armin Schrills Anzahl Aktive: 15 \u00a0 \u00a0 Im Jahre 1977 wurde der, nunmehr dritt\u00e4lteste, noch bestehende, Zug des Hubertuskorps Neuss-Furth gegr\u00fcndet. Viele der Further Sch\u00fctzen hatten in den Reihen dieses Zuges ihre Wurzeln. Und wie das [&hellip;]<\/p>\n","protected":false},"author":1,"featured_media":0,"parent":137,"menu_order":0,"comment_status":"closed","ping_status":"closed","template":"","meta":{"footnotes":""},"class_list":["post-326","page","type-page","status-publish","hentry"],"aioseo_notices":[],"_links":{"self":[{"href":"https:\/\/hs1955.de\/ver2\/wp-json\/wp\/v2\/pages\/326","targetHints":{"allow":["GET"]}}],"collection":[{"href":"https:\/\/hs1955.de\/ver2\/wp-json\/wp\/v2\/pages"}],"about":[{"href":"https:\/\/hs1955.de\/ver2\/wp-json\/wp\/v2\/types\/page"}],"author":[{"embeddable":true,"href":"https:\/\/hs1955.de\/ver2\/wp-json\/wp\/v2\/users\/1"}],"replies":[{"embeddable":true,"href":"https:\/\/hs1955.de\/ver2\/wp-json\/wp\/v2\/comments?post=326"}],"version-history":[{"count":10,"href":"https:\/\/hs1955.de\/ver2\/wp-json\/wp\/v2\/pages\/326\/revisions"}],"predecessor-version":[{"id":3512,"href":"https:\/\/hs1955.de\/ver2\/wp-json\/wp\/v2\/pages\/326\/revisions\/3512"}],"up":[{"embeddable":true,"href":"https:\/\/hs1955.de\/ver2\/wp-json\/wp\/v2\/pages\/137"}],"wp:attachment":[{"href":"https:\/\/hs1955.de\/ver2\/wp-json\/wp\/v2\/media?parent=326"}],"curies":[{"name":"wp","href":"https:\/\/api.w.org\/{rel}","templated":true}]}}