{"id":328,"date":"2017-02-26T23:51:04","date_gmt":"2017-02-26T22:51:04","guid":{"rendered":"http:\/\/hs1955.de\/ver2\/?page_id=328"},"modified":"2026-01-04T13:27:47","modified_gmt":"2026-01-04T12:27:47","slug":"treue-schluppe","status":"publish","type":"page","link":"https:\/\/hs1955.de\/ver2\/die-zuege\/treue-schluppe\/","title":{"rendered":"Treue Schluppe"},"content":{"rendered":"\n<hr>\n<p>&nbsp;<\/p>\n\n\n<p><span style=\"font-family: arial, helvetica, sans-serif; color: #1c351c;\"><img loading=\"lazy\" decoding=\"async\" src=\"http:\/\/hs1955.de\/ver2\/wp-content\/uploads\/2018\/10\/TreueSchluppen.jpg\" alt=\"\" width=\"600\" height=\"264\" \/><\/span><\/p>\n<table style=\"width: 100%;\">\n<tbody>\n<tr>\n<td style=\"width: 30%;\"><span style=\"font-family: arial, helvetica, sans-serif; color: #1c351c;\">Gr\u00fcndungsjahr:<\/span><\/td>\n<td style=\"width: 70%;\"><span style=\"font-family: arial, helvetica, sans-serif; color: #1c351c;\">1979<\/span><\/td>\n<\/tr>\n<tr>\n<td style=\"width: 30%;\"><span style=\"font-family: arial, helvetica, sans-serif; color: #1c351c;\">Oberleutnant:<\/span><\/td>\n<td style=\"width: 70%;\"><span style=\"font-family: arial, helvetica, sans-serif; color: #1c351c;\">Frank H\u00fctten<\/span><\/td>\n<\/tr>\n<tr>\n<td style=\"width: 30%;\"><span style=\"font-family: arial, helvetica, sans-serif; color: #1c351c;\">Leutnant:<\/span><\/td>\n<td style=\"width: 70%;\"><span style=\"font-family: arial, helvetica, sans-serif; color: #1c351c;\">Mathias Koch<\/span><\/td>\n<\/tr>\n<tr>\n<td style=\"width: 30%;\"><span style=\"font-family: arial, helvetica, sans-serif; color: #1c351c;\">Feldwebel:<\/span><\/td>\n<td style=\"width: 70%;\"><span style=\"font-family: arial, helvetica, sans-serif; color: #1c351c;\">Dietmar Scheuer<\/span><\/td>\n<\/tr>\n<tr>\n<td style=\"width: 30%;\"><span style=\"font-family: arial, helvetica, sans-serif; color: #1c351c;\">Kassierer:<\/span><\/td>\n<td style=\"width: 70%;\"><span style=\"font-family: arial, helvetica, sans-serif; color: #1c351c;\">Udo Schrills<\/span><\/td>\n<\/tr>\n<tr>\n<td style=\"width: 30%;\"><span style=\"font-family: arial, helvetica, sans-serif; color: #1c351c;\">Schriftf\u00fchrer:<\/span><\/td>\n<td style=\"width: 70%;\"><span style=\"font-family: arial, helvetica, sans-serif; color: #1c351c;\">Edmund Schrills<\/span><\/td>\n<\/tr>\n<tr>\n<td style=\"width: 30%;\"><span style=\"font-family: arial, helvetica, sans-serif; color: #1c351c;\">K\u00f6nig:<\/span><\/td>\n<td style=\"width: 70%;\"><span style=\"font-family: arial, helvetica, sans-serif; color: #1c351c;\">Frank H\u00fctten<\/span><\/td>\n<\/tr>\n<tr>\n<td style=\"width: 30%;\"><span style=\"font-family: arial, helvetica, sans-serif; color: #1c351c;\">Anzahl Aktive:<\/span><\/td>\n<td style=\"width: 70%;\"><span style=\"font-family: arial, helvetica, sans-serif; color: #1c351c;\">12<\/span><\/td>\n<\/tr>\n<tr>\n<td style=\"width: 30%;\"><span style=\"font-family: arial, helvetica, sans-serif; color: #1c351c;\">\u00a0<\/span><\/td>\n<td style=\"width: 70%;\"><span style=\"font-family: arial, helvetica, sans-serif; color: #1c351c;\">\u00a0<\/span><\/td>\n<\/tr>\n<\/tbody>\n<\/table>\n<p class=\"moz-quote-pre\"><span style=\"font-family: arial, helvetica, sans-serif;\">Gegr\u00fcndet wurde der Hubertuszug \u201eTreue Schluppe\u201c am 18.08.1979 in der ehemaligen Gasst\u00e4tte \u201eHensen\u201c (Ecke Kaarster- \/ Viersener Str., Inhaber Peter Hensen). Gr\u00fcndungsmitglieder waren: Udo Schrills, Eddi Schrills, Mathias Koch, Dietmar Scheuer, Paul Koch, Matthias Koch sen., Lorenz Jansen, Karl-Heinz Servos, G\u00fcnther Hammes, Hermann Jansen, Fotius Alexandridis, Hans Dietze, Ingo Tappermann und Herbert Klasen.<\/span><\/p>\n<p class=\"moz-quote-pre\"><span style=\"font-family: arial, helvetica, sans-serif;\">Die 4 erstgenannten sind heute noch aktiv mit dabei. Das erste K\u00f6nigschiessen des Zuges fand am 30.05.1981 statt und es konnte sich Paul Koch als erster Zugk\u00f6nig durchsetzen. Mathias Koch ist seit 1979 ununterbrochen in der Zugf\u00fchrung, zun\u00e4chst als Feldwebel und sp\u00e4ter als Leutnant. Dieses Amt f\u00fchrt er bis heute aus und d\u00fcrfte damit einer der dienst\u00e4ltesten Chargierten im Hubertuscorps sein.<\/span><\/p>\n<p class=\"moz-quote-pre\"><span style=\"font-family: arial, helvetica, sans-serif;\">Insgesamt konnten wir 2 mal den Hubertusk\u00f6nig stellen. 1990\/91 gelang dies Karl-Heinz Servos und 20 Jahre sp\u00e4ter im Jahr 2010\/11 war Frank H\u00fctten h\u00f6chster Repr\u00e4sentant der Further Hubertussch\u00fctzen. Viele Zugveranstaltungen (Tanz in den Mai, Vatertags-Fu\u00dfballturniere) und gemeinsame Zugfahrten pr\u00e4gen die Kameradschaft und das Miteinander in den vielen Jahren.<\/span><\/p>\n<p class=\"moz-quote-pre\"><span style=\"font-family: arial, helvetica, sans-serif;\">Heute z\u00e4hlt der Zug 12 aktive Mitglieder und nach 20 Jahren im Vereinslokal \u201eL\u00fctzenrath\u201c und einem kurzen Stelldichein in der Gastst\u00e4tte \u201eEm Tr\u00f6mmelche\u201c ist \u201eLebioda\u201c seit 2017 unser neues Zuglokal.<\/span><\/p>","protected":false},"excerpt":{"rendered":"<p>&nbsp; Gr\u00fcndungsjahr: 1979 Oberleutnant: Frank H\u00fctten Leutnant: Mathias Koch Feldwebel: Dietmar Scheuer Kassierer: Udo Schrills Schriftf\u00fchrer: Edmund Schrills K\u00f6nig: Frank H\u00fctten Anzahl Aktive: 12 \u00a0 \u00a0 Gegr\u00fcndet wurde der Hubertuszug \u201eTreue Schluppe\u201c am 18.08.1979 in der ehemaligen Gasst\u00e4tte \u201eHensen\u201c (Ecke Kaarster- \/ Viersener Str., Inhaber Peter Hensen). Gr\u00fcndungsmitglieder waren: Udo Schrills, Eddi Schrills, Mathias Koch, [&hellip;]<\/p>\n","protected":false},"author":1,"featured_media":0,"parent":137,"menu_order":0,"comment_status":"closed","ping_status":"closed","template":"","meta":{"footnotes":""},"class_list":["post-328","page","type-page","status-publish","hentry"],"aioseo_notices":[],"_links":{"self":[{"href":"https:\/\/hs1955.de\/ver2\/wp-json\/wp\/v2\/pages\/328","targetHints":{"allow":["GET"]}}],"collection":[{"href":"https:\/\/hs1955.de\/ver2\/wp-json\/wp\/v2\/pages"}],"about":[{"href":"https:\/\/hs1955.de\/ver2\/wp-json\/wp\/v2\/types\/page"}],"author":[{"embeddable":true,"href":"https:\/\/hs1955.de\/ver2\/wp-json\/wp\/v2\/users\/1"}],"replies":[{"embeddable":true,"href":"https:\/\/hs1955.de\/ver2\/wp-json\/wp\/v2\/comments?post=328"}],"version-history":[{"count":18,"href":"https:\/\/hs1955.de\/ver2\/wp-json\/wp\/v2\/pages\/328\/revisions"}],"predecessor-version":[{"id":3507,"href":"https:\/\/hs1955.de\/ver2\/wp-json\/wp\/v2\/pages\/328\/revisions\/3507"}],"up":[{"embeddable":true,"href":"https:\/\/hs1955.de\/ver2\/wp-json\/wp\/v2\/pages\/137"}],"wp:attachment":[{"href":"https:\/\/hs1955.de\/ver2\/wp-json\/wp\/v2\/media?parent=328"}],"curies":[{"name":"wp","href":"https:\/\/api.w.org\/{rel}","templated":true}]}}