{"id":330,"date":"2017-02-26T23:51:39","date_gmt":"2017-02-26T22:51:39","guid":{"rendered":"http:\/\/hs1955.de\/ver2\/?page_id=330"},"modified":"2025-12-06T13:34:06","modified_gmt":"2025-12-06T12:34:06","slug":"utjespellt","status":"publish","type":"page","link":"https:\/\/hs1955.de\/ver2\/die-zuege\/utjespellt\/","title":{"rendered":"Utjespellt"},"content":{"rendered":"\n<hr>\n<p>&nbsp;<\/p>\n\n\n<p><span style=\"font-family: arial, helvetica, sans-serif; color: #1c351c;\"><img loading=\"lazy\" decoding=\"async\" src=\"http:\/\/hs1955.de\/ver2\/wp-content\/uploads\/2017\/02\/utjespellt.jpg\" alt=\"\" width=\"600\" height=\"400\" \/><\/span><\/p>\n<table style=\"width: 100%; height: 216px;\">\n<tbody>\n<tr style=\"height: 24px;\">\n<td style=\"width: 30%; height: 24px;\"><span style=\"font-family: arial, helvetica, sans-serif; color: #1c351c;\">Gr\u00fcndungsjahr:<\/span><\/td>\n<td style=\"width: 70%; height: 24px;\"><span style=\"font-family: arial, helvetica, sans-serif; color: #1c351c;\">1988<\/span><\/td>\n<\/tr>\n<tr style=\"height: 24px;\">\n<td style=\"width: 30%; height: 24px;\"><span style=\"font-family: arial, helvetica, sans-serif; color: #1c351c;\">Oberleutnant:<\/span><\/td>\n<td style=\"width: 70%; height: 24px;\"><span style=\"font-family: arial, helvetica, sans-serif; color: #1c351c;\">J\u00fcrgen Meurer<\/span><\/td>\n<\/tr>\n<tr style=\"height: 24px;\">\n<td style=\"width: 30%; height: 24px;\"><span style=\"font-family: arial, helvetica, sans-serif; color: #1c351c;\">Leutnant:<\/span><\/td>\n<td style=\"width: 70%; height: 24px;\"><span style=\"font-family: arial, helvetica, sans-serif; color: #1c351c;\">G\u00fcnter Willen<\/span><\/td>\n<\/tr>\n<tr style=\"height: 24px;\">\n<td style=\"width: 30%; height: 24px;\"><span style=\"font-family: arial, helvetica, sans-serif; color: #1c351c;\">Feldwebel:<\/span><\/td>\n<td style=\"width: 70%; height: 24px;\"><span style=\"font-family: arial, helvetica, sans-serif; color: #1c351c;\">Leon Willen<\/span><\/td>\n<\/tr>\n<tr style=\"height: 24px;\">\n<td style=\"width: 30%; height: 24px;\"><span style=\"font-family: arial, helvetica, sans-serif; color: #1c351c;\">Kassierer:<\/span><\/td>\n<td style=\"width: 70%; height: 24px;\"><span style=\"font-family: arial, helvetica, sans-serif; color: #1c351c;\">G\u00fcnter Willen<\/span><\/td>\n<\/tr>\n<tr style=\"height: 24px;\">\n<td style=\"width: 30%; height: 24px;\"><span style=\"font-family: arial, helvetica, sans-serif; color: #1c351c;\">Schriftf\u00fchrer:<\/span><\/td>\n<td style=\"width: 70%; height: 24px;\"><span style=\"font-family: arial, helvetica, sans-serif; color: #1c351c;\">G\u00fcnter Willen<\/span><\/td>\n<\/tr>\n<tr style=\"height: 24px;\">\n<td style=\"width: 30%; height: 24px;\"><span style=\"font-family: arial, helvetica, sans-serif; color: #1c351c;\">K\u00f6nig:<\/span><\/td>\n<td style=\"width: 70%; height: 24px;\"><span style=\"font-family: arial, helvetica, sans-serif; color: #1c351c;\">Ingo Karrasch<\/span><\/td>\n<\/tr>\n<tr style=\"height: 24px;\">\n<td style=\"width: 30%; height: 24px;\"><span style=\"font-family: arial, helvetica, sans-serif; color: #1c351c;\">Anzahl Aktive<\/span><\/td>\n<td style=\"width: 70%; height: 24px;\"><span style=\"font-family: arial, helvetica, sans-serif; color: #1c351c;\">15<\/span><\/td>\n<\/tr>\n<tr style=\"height: 24px;\">\n<td style=\"width: 30%; height: 24px;\"><span style=\"font-family: arial, helvetica, sans-serif; color: #1c351c;\">\u00a0<\/span><\/td>\n<td style=\"width: 70%; height: 24px;\"><span style=\"font-family: arial, helvetica, sans-serif; color: #1c351c;\">\u00a0<\/span><\/td>\n<\/tr>\n<\/tbody>\n<\/table>\n<p><span style=\"font-family: arial, helvetica, sans-serif; color: #1c351c;\">Aus ehemaligen Mitgliedern des Bundes \u2013Fanfarencorps Neuss\/Furth rekrutierte sich ein neuer Sch\u00fctzenzug auf der Neusser-Furth zum 20.09.1988, der Hubertuszug Utjespellt.<\/span><\/p>\n<p><span style=\"font-family: arial, helvetica, sans-serif; color: #1c351c;\">Nach mehreren Vorgespr\u00e4chen und Planungen mit den Hubertussch\u00fctzen entwickelte sich eine Begeisterung von &#8222;zehn&#8222; Mitgliedern des BFK\u00b4s (Bundesfanfarenkorps Neuss-Furth) einen Hubertuszug zu gr\u00fcnden und sich den\u00a0Hubertussch\u00fctzen von 1955 Neuss-Furth anzuschlie\u00dfen, der den Zugnamen Utjespellt tragen solle.<\/span><\/p>\n<p><span style=\"font-family: arial, helvetica, sans-serif; color: #1c351c;\">Ein freundschaftlicher \u00dcbergang der zehn Sch\u00fctzen wurde vom BFK in den Hubertuszug gew\u00e4hrleistet und bis heute mit einer Sch\u00fctzenbr\u00fcderlichkeit best\u00e4tigt, der sich durch Glanz in den Augen und dem Wort auf der Lippe &#8222;Frohe Pfingsten&#8222; immer wieder von Jahr zu Jahr best\u00e4tigt.<\/span><\/p>\n<p><span style=\"font-family: arial, helvetica, sans-serif; color: #1c351c;\">Die Mitgliederversammlung von Utjespellt war also einig, sich den Hubertussch\u00fctzen anzuschlie\u00dfen.<\/span><\/p>\n<p><span style=\"font-family: arial, helvetica, sans-serif; color: #1c351c;\">Es wurde eine vereinsbildende Er\u00f6ffnungsversammlung am 20.09.1988 einberufen, und in einem Vorgespr\u00e4ch mit dem Major der Hubertussch\u00fctzen Herrn Theo Edenhofner getroffen. Das endg\u00fcltige Resultat der Zugaufnahme wurde uns unter festlichem Anlass auf dem Hubertustag am 30.10.1988 bekannt gegeben.<\/span><\/p>","protected":false},"excerpt":{"rendered":"<p>&nbsp; Gr\u00fcndungsjahr: 1988 Oberleutnant: J\u00fcrgen Meurer Leutnant: G\u00fcnter Willen Feldwebel: Leon Willen Kassierer: G\u00fcnter Willen Schriftf\u00fchrer: G\u00fcnter Willen K\u00f6nig: Ingo Karrasch Anzahl Aktive 15 \u00a0 \u00a0 Aus ehemaligen Mitgliedern des Bundes \u2013Fanfarencorps Neuss\/Furth rekrutierte sich ein neuer Sch\u00fctzenzug auf der Neusser-Furth zum 20.09.1988, der Hubertuszug Utjespellt. Nach mehreren Vorgespr\u00e4chen und Planungen mit den Hubertussch\u00fctzen entwickelte [&hellip;]<\/p>\n","protected":false},"author":1,"featured_media":0,"parent":137,"menu_order":0,"comment_status":"closed","ping_status":"closed","template":"","meta":{"footnotes":""},"class_list":["post-330","page","type-page","status-publish","hentry"],"aioseo_notices":[],"_links":{"self":[{"href":"https:\/\/hs1955.de\/ver2\/wp-json\/wp\/v2\/pages\/330","targetHints":{"allow":["GET"]}}],"collection":[{"href":"https:\/\/hs1955.de\/ver2\/wp-json\/wp\/v2\/pages"}],"about":[{"href":"https:\/\/hs1955.de\/ver2\/wp-json\/wp\/v2\/types\/page"}],"author":[{"embeddable":true,"href":"https:\/\/hs1955.de\/ver2\/wp-json\/wp\/v2\/users\/1"}],"replies":[{"embeddable":true,"href":"https:\/\/hs1955.de\/ver2\/wp-json\/wp\/v2\/comments?post=330"}],"version-history":[{"count":15,"href":"https:\/\/hs1955.de\/ver2\/wp-json\/wp\/v2\/pages\/330\/revisions"}],"predecessor-version":[{"id":3484,"href":"https:\/\/hs1955.de\/ver2\/wp-json\/wp\/v2\/pages\/330\/revisions\/3484"}],"up":[{"embeddable":true,"href":"https:\/\/hs1955.de\/ver2\/wp-json\/wp\/v2\/pages\/137"}],"wp:attachment":[{"href":"https:\/\/hs1955.de\/ver2\/wp-json\/wp\/v2\/media?parent=330"}],"curies":[{"name":"wp","href":"https:\/\/api.w.org\/{rel}","templated":true}]}}