{"id":332,"date":"2017-02-26T23:52:44","date_gmt":"2017-02-26T22:52:44","guid":{"rendered":"http:\/\/hs1955.de\/ver2\/?page_id=332"},"modified":"2024-12-25T22:18:29","modified_gmt":"2024-12-25T21:18:29","slug":"wisseberger-fruende","status":"publish","type":"page","link":"https:\/\/hs1955.de\/ver2\/die-zuege\/wisseberger-fruende\/","title":{"rendered":"Wisseberger Fr\u00fcnde"},"content":{"rendered":"\n<hr \/>\n<p>\u00a0<\/p>\n\n\n<p><span style=\"font-family: arial, helvetica, sans-serif; color: #1c351c;\"><img loading=\"lazy\" decoding=\"async\" src=\"http:\/\/hs1955.de\/ver2\/wp-content\/uploads\/2017\/02\/Zugfoto-WF_.jpg\" alt=\"\" width=\"600\" height=\"400\" \/><\/span><\/p>\n<table style=\"width: 100%; height: 279px;\">\n<tbody>\n<tr style=\"height: 31px;\">\n<td style=\"width: 30%; height: 31px;\"><span style=\"font-family: arial, helvetica, sans-serif; color: #1c351c;\">Gr\u00fcndungsjahr:<\/span><\/td>\n<td style=\"width: 70%; height: 31px;\"><span style=\"font-family: arial, helvetica, sans-serif; color: #1c351c;\">2002<\/span><\/td>\n<\/tr>\n<tr style=\"height: 31px;\">\n<td style=\"width: 30%; height: 31px;\"><span style=\"font-family: arial, helvetica, sans-serif; color: #1c351c;\">Oberleutnant:<\/span><\/td>\n<td style=\"width: 70%; height: 31px;\"><span style=\"font-family: arial, helvetica, sans-serif; color: #1c351c;\">Christoph Koch<\/span><\/td>\n<\/tr>\n<tr style=\"height: 31px;\">\n<td style=\"width: 30%; height: 31px;\"><span style=\"font-family: arial, helvetica, sans-serif; color: #1c351c;\">Leutnant:<\/span><\/td>\n<td style=\"width: 70%; height: 31px;\"><span style=\"font-family: arial, helvetica, sans-serif; color: #1c351c;\">Sven-Olaf Klasen<\/span><\/td>\n<\/tr>\n<tr style=\"height: 31px;\">\n<td style=\"width: 30%; height: 31px;\"><span style=\"font-family: arial, helvetica, sans-serif; color: #1c351c;\">Feldwebel:<\/span><\/td>\n<td style=\"width: 70%; height: 31px;\"><span style=\"font-family: arial, helvetica, sans-serif; color: #1c351c;\">Thomas Jansen<\/span><\/td>\n<\/tr>\n<tr style=\"height: 31px;\">\n<td style=\"width: 30%; height: 31px;\"><span style=\"font-family: arial, helvetica, sans-serif; color: #1c351c;\">Kassierer:<\/span><\/td>\n<td style=\"width: 70%; height: 31px;\"><span style=\"font-family: arial, helvetica, sans-serif; color: #1c351c;\">Andreas Koch<\/span><\/td>\n<\/tr>\n<tr style=\"height: 31px;\">\n<td style=\"width: 30%; height: 31px;\"><span style=\"font-family: arial, helvetica, sans-serif; color: #1c351c;\">Schriftf\u00fchrer:<\/span><\/td>\n<td style=\"width: 70%; height: 31px;\"><span style=\"font-family: arial, helvetica, sans-serif; color: #1c351c;\">Daniel Scheuer<\/span><\/td>\n<\/tr>\n<tr style=\"height: 31px;\">\n<td style=\"width: 30%; height: 31px;\"><span style=\"font-family: arial, helvetica, sans-serif; color: #1c351c;\">K\u00f6nig:<\/span><\/td>\n<td style=\"width: 70%; height: 31px;\"><span style=\"font-family: arial, helvetica, sans-serif; color: #1c351c;\">Patrick R\u00f6tzsch<\/span><\/td>\n<\/tr>\n<tr style=\"height: 31px;\">\n<td style=\"width: 30%; height: 31px;\"><span style=\"font-family: arial, helvetica, sans-serif; color: #1c351c;\">Anzahl Aktive:<\/span><\/td>\n<td style=\"width: 70%; height: 31px;\"><span style=\"font-family: arial, helvetica, sans-serif; color: #1c351c;\">22<\/span><\/td>\n<\/tr>\n<tr style=\"height: 31px;\">\n<td style=\"width: 30%; height: 31px;\"><span style=\"font-family: arial, helvetica, sans-serif; color: #1c351c;\">\u00a0<\/span><\/td>\n<td style=\"width: 70%; height: 31px;\"><span style=\"font-family: arial, helvetica, sans-serif; color: #1c351c;\">\u00a0<\/span><\/td>\n<\/tr>\n<\/tbody>\n<\/table>\n<p><span style=\"font-family: arial, helvetica, sans-serif; color: #1c351c;\">Im Jahre 2002 beschlossen damals 15 \u201eFr\u00fcnde\u201c, die sich allesamt aus ihrer aktiven Zeit bei der SVG Neuss \u2013 Weissenberg kennen, einen Sch\u00fctzenzug im Kreise der Hubertussch\u00fctzen auf der Neusser- Furth ins Leben zu rufen. Daher fiel es uns auch relativ leicht, in unserer Gr\u00fcndungsversammlung, die wir damals im Vereinsheim der SVG Neuss &#8211; Weissenberg abhielten, den Namen f\u00fcr unseren Zug festzulegen.<\/span><\/p>","protected":false},"excerpt":{"rendered":"<p>\u00a0 Gr\u00fcndungsjahr: 2002 Oberleutnant: Christoph Koch Leutnant: Sven-Olaf Klasen Feldwebel: Thomas Jansen Kassierer: Andreas Koch Schriftf\u00fchrer: Daniel Scheuer K\u00f6nig: Patrick R\u00f6tzsch Anzahl Aktive: 22 \u00a0 \u00a0 Im Jahre 2002 beschlossen damals 15 \u201eFr\u00fcnde\u201c, die sich allesamt aus ihrer aktiven Zeit bei der SVG Neuss \u2013 Weissenberg kennen, einen Sch\u00fctzenzug im Kreise der Hubertussch\u00fctzen auf der [&hellip;]<\/p>\n","protected":false},"author":1,"featured_media":0,"parent":137,"menu_order":0,"comment_status":"closed","ping_status":"closed","template":"","meta":{"footnotes":""},"class_list":["post-332","page","type-page","status-publish","hentry"],"aioseo_notices":[],"_links":{"self":[{"href":"https:\/\/hs1955.de\/ver2\/wp-json\/wp\/v2\/pages\/332","targetHints":{"allow":["GET"]}}],"collection":[{"href":"https:\/\/hs1955.de\/ver2\/wp-json\/wp\/v2\/pages"}],"about":[{"href":"https:\/\/hs1955.de\/ver2\/wp-json\/wp\/v2\/types\/page"}],"author":[{"embeddable":true,"href":"https:\/\/hs1955.de\/ver2\/wp-json\/wp\/v2\/users\/1"}],"replies":[{"embeddable":true,"href":"https:\/\/hs1955.de\/ver2\/wp-json\/wp\/v2\/comments?post=332"}],"version-history":[{"count":6,"href":"https:\/\/hs1955.de\/ver2\/wp-json\/wp\/v2\/pages\/332\/revisions"}],"predecessor-version":[{"id":3138,"href":"https:\/\/hs1955.de\/ver2\/wp-json\/wp\/v2\/pages\/332\/revisions\/3138"}],"up":[{"embeddable":true,"href":"https:\/\/hs1955.de\/ver2\/wp-json\/wp\/v2\/pages\/137"}],"wp:attachment":[{"href":"https:\/\/hs1955.de\/ver2\/wp-json\/wp\/v2\/media?parent=332"}],"curies":[{"name":"wp","href":"https:\/\/api.w.org\/{rel}","templated":true}]}}