{"id":334,"date":"2017-02-26T23:53:43","date_gmt":"2017-02-26T22:53:43","guid":{"rendered":"http:\/\/hs1955.de\/ver2\/?page_id=334"},"modified":"2024-12-25T22:20:18","modified_gmt":"2024-12-25T21:20:18","slug":"wisseberger-jonges","status":"publish","type":"page","link":"https:\/\/hs1955.de\/ver2\/die-zuege\/wisseberger-jonges\/","title":{"rendered":"Wisseberger Jonges"},"content":{"rendered":"\n<hr \/>\n<p>\u00a0<\/p>\n\n\n<p><span style=\"font-family: arial, helvetica, sans-serif; color: #1c351c;\"><img loading=\"lazy\" decoding=\"async\" src=\"http:\/\/hs1955.de\/ver2\/wp-content\/uploads\/2017\/02\/Wisseberger.jpg\" width=\"600\" height=\"400\" \/><\/span><\/p>\n<table style=\"width: 100%;\">\n<tbody>\n<tr>\n<td style=\"width: 30%;\"><span style=\"font-family: arial, helvetica, sans-serif; color: #1c351c;\">Gr\u00fcndungsjahr:<\/span><\/td>\n<td style=\"width: 70%;\"><span style=\"font-family: arial, helvetica, sans-serif; color: #1c351c;\">1991<\/span><\/td>\n<\/tr>\n<tr>\n<td style=\"width: 30%;\"><span style=\"font-family: arial, helvetica, sans-serif; color: #1c351c;\">Oberleutnant:<\/span><\/td>\n<td style=\"width: 70%;\"><span style=\"font-family: arial, helvetica, sans-serif; color: #1c351c;\">Timo Zimmermann<\/span><\/td>\n<\/tr>\n<tr>\n<td style=\"width: 30%;\"><span style=\"font-family: arial, helvetica, sans-serif; color: #1c351c;\">Leutnant:<\/span><\/td>\n<td style=\"width: 70%;\"><span style=\"font-family: arial, helvetica, sans-serif;\">Detlef Wei\u00df<\/span><\/td>\n<\/tr>\n<tr>\n<td style=\"width: 30%;\"><span style=\"font-family: arial, helvetica, sans-serif; color: #1c351c;\">Feldwebel:<\/span><\/td>\n<td style=\"width: 70%;\"><span style=\"font-family: arial, helvetica, sans-serif; color: #1c351c;\">Michael Langer<\/span><\/td>\n<\/tr>\n<tr>\n<td style=\"width: 30%;\"><span style=\"font-family: arial, helvetica, sans-serif; color: #1c351c;\">Kassierer:<\/span><\/td>\n<td style=\"width: 70%;\"><span style=\"font-family: arial, helvetica, sans-serif; color: #1c351c;\">Timo Zimmermann<\/span><\/td>\n<\/tr>\n<tr>\n<td style=\"width: 30%;\"><span style=\"font-family: arial, helvetica, sans-serif; color: #1c351c;\">Schriftf\u00fchrer:<\/span><\/td>\n<td style=\"width: 70%;\"><span style=\"font-family: arial, helvetica, sans-serif; color: #1c351c;\">Michael Cremer<\/span><\/td>\n<\/tr>\n<tr>\n<td style=\"width: 30%;\"><span style=\"font-family: arial, helvetica, sans-serif; color: #1c351c;\">K\u00f6nig:<\/span><\/td>\n<td style=\"width: 70%;\"><span style=\"font-family: arial, helvetica, sans-serif; color: #1c351c;\">Heiko L\u00f6ffler<\/span><\/td>\n<\/tr>\n<tr>\n<td style=\"width: 30%;\"><span style=\"font-family: arial, helvetica, sans-serif; color: #1c351c;\">Anzahl Aktive:<\/span><\/td>\n<td style=\"width: 70%;\"><span style=\"font-family: arial, helvetica, sans-serif; color: #1c351c;\">17<\/span><\/td>\n<\/tr>\n<tr>\n<td style=\"width: 30%;\"><span style=\"font-family: arial, helvetica, sans-serif; color: #1c351c;\">\u00a0<\/span><\/td>\n<td style=\"width: 70%;\"><span style=\"font-family: arial, helvetica, sans-serif; color: #1c351c;\">\u00a0<\/span><\/td>\n<\/tr>\n<\/tbody>\n<\/table>\n<p align=\"left\"><span style=\"font-family: arial, helvetica, sans-serif; color: #1c351c;\">Im Sommer 1991 entschlossen sich 2 ehemalige Further Hubertussch\u00fctzen einen neuen, eigenen Zug zu gr\u00fcnden. Also scharten sie eine ausreichende Anzahl an \u201eProbanden\u201d um sich (allesamt Mannschaftsmitglieder der SVG) und luden diese im November \u201991 zur 1. offiziellen Versammlung in das Nordpark Restaurant Neuss ein.<\/span><\/p>\n<p align=\"left\"><span style=\"font-family: arial, helvetica, sans-serif; color: #1c351c;\">Der Versuch gl\u00fcckte, der Name war aufgrund der Zusammengeh\u00f6rigkeit im Sportverein schnell gefunden und noch heute sind 6 Sch\u00fctzen des \u201eSchnupperkurses\u201d aktiv dabei.<\/span><\/p>\n<p align=\"left\"><span style=\"font-family: arial, helvetica, sans-serif; color: #1c351c;\">Sagenumwobene Zugfahrten in das \u201eNaherholungsgebiet\u201d Dorf M\u00fcnsterland, bzw. nach Mallorca, abenteuerliche Zugschie\u00dfen und nicht ganz allt\u00e4gliche Interpretationen von Weihnachtsfeiern sorgen bis heute daf\u00fcr, dass unser Potential an Gastmarschierern, passiven und auch aktiven Mitgliedern noch lange nicht ausgesch\u00f6pft ist.<\/span><\/p>","protected":false},"excerpt":{"rendered":"<p>\u00a0 Gr\u00fcndungsjahr: 1991 Oberleutnant: Timo Zimmermann Leutnant: Detlef Wei\u00df Feldwebel: Michael Langer Kassierer: Timo Zimmermann Schriftf\u00fchrer: Michael Cremer K\u00f6nig: Heiko L\u00f6ffler Anzahl Aktive: 17 \u00a0 \u00a0 Im Sommer 1991 entschlossen sich 2 ehemalige Further Hubertussch\u00fctzen einen neuen, eigenen Zug zu gr\u00fcnden. Also scharten sie eine ausreichende Anzahl an \u201eProbanden\u201d um sich (allesamt Mannschaftsmitglieder der SVG) [&hellip;]<\/p>\n","protected":false},"author":1,"featured_media":0,"parent":137,"menu_order":0,"comment_status":"closed","ping_status":"closed","template":"","meta":{"footnotes":""},"class_list":["post-334","page","type-page","status-publish","hentry"],"aioseo_notices":[],"_links":{"self":[{"href":"https:\/\/hs1955.de\/ver2\/wp-json\/wp\/v2\/pages\/334","targetHints":{"allow":["GET"]}}],"collection":[{"href":"https:\/\/hs1955.de\/ver2\/wp-json\/wp\/v2\/pages"}],"about":[{"href":"https:\/\/hs1955.de\/ver2\/wp-json\/wp\/v2\/types\/page"}],"author":[{"embeddable":true,"href":"https:\/\/hs1955.de\/ver2\/wp-json\/wp\/v2\/users\/1"}],"replies":[{"embeddable":true,"href":"https:\/\/hs1955.de\/ver2\/wp-json\/wp\/v2\/comments?post=334"}],"version-history":[{"count":9,"href":"https:\/\/hs1955.de\/ver2\/wp-json\/wp\/v2\/pages\/334\/revisions"}],"predecessor-version":[{"id":3139,"href":"https:\/\/hs1955.de\/ver2\/wp-json\/wp\/v2\/pages\/334\/revisions\/3139"}],"up":[{"embeddable":true,"href":"https:\/\/hs1955.de\/ver2\/wp-json\/wp\/v2\/pages\/137"}],"wp:attachment":[{"href":"https:\/\/hs1955.de\/ver2\/wp-json\/wp\/v2\/media?parent=334"}],"curies":[{"name":"wp","href":"https:\/\/api.w.org\/{rel}","templated":true}]}}