{"id":499,"date":"2018-05-24T18:41:13","date_gmt":"2018-05-24T16:41:13","guid":{"rendered":"http:\/\/hs1955.de\/ver2\/?page_id=499"},"modified":"2024-12-25T22:35:21","modified_gmt":"2024-12-25T21:35:21","slug":"datenschutz","status":"publish","type":"page","link":"https:\/\/hs1955.de\/ver2\/impressum\/datenschutz\/","title":{"rendered":"Datenschutzerkl\u00e4rung"},"content":{"rendered":"\n<hr \/>\n<p>\u00a0<\/p>\n\n\n<h5 style=\"text-align: left;\"><span style=\"font-size: 18pt; color: #1c351c; font-family: arial, helvetica, sans-serif;\"><strong>der St. Hubertussch\u00fctzen Neuss-Furth e. V.<\/strong><\/span><\/h5>\n<p align=\"justify\"><span style=\"color: #1c351c; font-family: arial, helvetica, sans-serif; font-size: 12pt;\"><b>1. Name und Kontaktdaten des f\u00fcr die Verarbeitung Verantwortlichen<\/b><\/span><\/p>\n<p align=\"justify\"><span style=\"color: #1c351c; font-family: arial, helvetica, sans-serif; font-size: 12pt;\">Diese Datenschutz-Information gilt f\u00fcr die Datenverarbeitung durch: die St. Hubertussch\u00fctzen Neuss-Furth e. V.<\/span><\/p>\n<p style=\"text-align: center;\" align=\"justify\"><span style=\"color: #1c351c; font-family: arial, helvetica, sans-serif;\"><span style=\"font-size: 12pt;\">Verantwortlicher: Vorstand der St. Hubertussch\u00fctzen Neuss-Furth e. V.<br \/>vertreten durch den<br \/>1. Vorsitzenden<br \/>Marcel H\u00e4hnen<br \/>Am Leuchtenhof 6 a<br \/>41462 Neuss\u00a0<\/span><span style=\"font-size: 12pt;\"><br \/>E-Mail: haehnen[at]hs1955.de<\/span><\/span><\/p>\n<p align=\"justify\"><span style=\"color: #1c351c; font-family: arial, helvetica, sans-serif; font-size: 12pt;\"><b>2. Erhebung und Speicherung personenbezogener Daten sowie Art und Zweck von deren Verwendung<\/b><\/span><\/p>\n<p align=\"justify\"><span style=\"color: #1c351c; font-family: arial, helvetica, sans-serif;\"><em><span style=\"font-size: 12pt;\">a) Beim Besuch der Website<\/span><\/em><\/span><\/p>\n<p align=\"justify\"><span style=\"font-family: arial, helvetica, sans-serif; font-size: 12pt; color: #1c351c;\">Beim Aufrufen unserer Website www.hs1955.de\u00a0<u><\/u>werden durch den auf Ihrem Endger\u00e4t zum Einsatz kommenden Browser automatisch Informationen an den Server unserer Website gesendet. Diese Informationen werden tempor\u00e4r in einem sog. Logfile gespeichert. Folgende Informationen werden dabei ohne Ihr Zutun erfasst und bis zur automatisierten L\u00f6schung gespeichert:<\/span><\/p>\n<ul style=\"list-style-type: square;\">\n<li><span style=\"color: #1c351c; font-family: arial, helvetica, sans-serif; font-size: 12pt;\">IP-Adresse des anfragenden Rechners,<\/span><\/li>\n<li><span style=\"color: #1c351c; font-family: arial, helvetica, sans-serif; font-size: 12pt;\">Datum und Uhrzeit des Zugriffs,<\/span><\/li>\n<li><span style=\"color: #1c351c; font-family: arial, helvetica, sans-serif; font-size: 12pt;\">Name und URL der abgerufenen Datei,<\/span><\/li>\n<li><span style=\"color: #1c351c; font-family: arial, helvetica, sans-serif; font-size: 12pt;\">Website, von der aus der Zugriff erfolgt (Referrer-URL),<\/span><\/li>\n<li><span style=\"color: #1c351c; font-family: arial, helvetica, sans-serif; font-size: 12pt;\">verwendeter Browser und ggf. das Betriebssystem Ihres Rechners\u00a0sowie der Name Ihres Access-Providers.<\/span><\/li>\n<\/ul>\n<p align=\"justify\"><span style=\"color: #1c351c; font-family: arial, helvetica, sans-serif; font-size: 12pt;\">Die genannten Daten werden durch uns zu folgenden Zwecken verarbeitet:<\/span><\/p>\n<ul style=\"list-style-type: square;\">\n<li><span style=\"color: #1c351c; font-family: arial, helvetica, sans-serif; font-size: 12pt;\">Gew\u00e4hrleistung eines reibungslosen Verbindungsaufbaus der Website,<\/span><\/li>\n<li><span style=\"color: #1c351c; font-family: arial, helvetica, sans-serif; font-size: 12pt;\">Gew\u00e4hrleistung einer komfortablen Nutzung unserer Website,<\/span><\/li>\n<li><span style=\"color: #1c351c; font-family: arial, helvetica, sans-serif; font-size: 12pt;\">Auswertung der Systemsicherheit und -stabilit\u00e4t sowie<\/span><\/li>\n<li><span style=\"color: #1c351c; font-family: arial, helvetica, sans-serif; font-size: 12pt;\">zu weiteren administrativen Zwecken.<\/span><\/li>\n<\/ul>\n<p align=\"justify\"><span style=\"color: #1c351c; font-family: arial, helvetica, sans-serif; font-size: 12pt;\">Die Rechtsgrundlage f\u00fcr die Datenverarbeitung ist Art.\u00a06 Abs.\u00a01 S.\u00a01 lit.\u00a0f DSGVO. Unser berechtigtes Interesse folgt aus oben aufgelisteten Zwecken zur Datenerhebung. In keinem Fall verwenden wir die erhobenen Daten zu dem Zweck, R\u00fcckschl\u00fcsse auf Ihre Person zu ziehen.<\/span><\/p>\n<p align=\"justify\"><span style=\"color: #1c351c; font-family: arial, helvetica, sans-serif; font-size: 12pt;\">Dar\u00fcber hinaus setzen wir beim Besuch unserer Website Cookies sowie Analysedienste ein. N\u00e4here Erl\u00e4uterungen dazu erhalten Sie unter den Ziff. 4 und 5 dieser Datenschutzerkl\u00e4rung.<\/span><\/p>\n<p align=\"justify\"><span style=\"color: #1c351c; font-family: arial, helvetica, sans-serif;\"><em><span style=\"font-size: 12pt;\">b) Bei Nutzung unseres Kontaktformulars<\/span><\/em><\/span><\/p>\n<p align=\"justify\"><span style=\"color: #1c351c; font-family: arial, helvetica, sans-serif; font-size: 12pt;\">Bei Fragen jeglicher Art bieten wir Ihnen die M\u00f6glichkeit, mit uns \u00fcber ein auf der Website bereitgestelltes Formular Kontakt aufzunehmen. Dabei ist die Angabe einer g\u00fcltigen E-Mail-Adresse erforderlich, damit wir wissen, von wem die Anfrage stammt und um diese beantworten zu k\u00f6nnen. Weitere Angaben k\u00f6nnen freiwillig get\u00e4tigt werden.<\/span><\/p>\n<p align=\"justify\"><span style=\"color: #1c351c; font-family: arial, helvetica, sans-serif; font-size: 12pt;\">Die Datenverarbeitung zum Zwecke der Kontaktaufnahme mit uns erfolgt nach Art.\u00a06 Abs.\u00a01 S.\u00a01 lit.\u00a0a DSGVO auf Grundlage Ihrer freiwillig erteilten Einwilligung.<\/span><\/p>\n<p align=\"justify\"><span style=\"color: #1c351c; font-family: arial, helvetica, sans-serif; font-size: 12pt;\">Die f\u00fcr die Benutzung des Kontaktformulars von uns erhobenen personenbezogenen Daten werden nach Erledigung der von Ihnen gestellten Anfrage automatisch gel\u00f6scht.<\/span><\/p>\n<p align=\"justify\"><span style=\"color: #1c351c; font-family: arial, helvetica, sans-serif; font-size: 12pt;\"><b>3. Weitergabe von Daten<\/b><\/span><\/p>\n<p align=\"justify\"><span style=\"color: #1c351c; font-family: arial, helvetica, sans-serif; font-size: 12pt;\">Eine \u00dcbermittlung Ihrer pers\u00f6nlichen Daten an Dritte zu anderen als den im Folgenden aufgef\u00fchrten Zwecken findet nicht statt.<\/span><\/p>\n<p align=\"justify\"><span style=\"color: #1c351c; font-family: arial, helvetica, sans-serif; font-size: 12pt;\">Wir geben Ihre pers\u00f6nlichen Daten nur an Dritte weiter, wenn:<\/span><\/p>\n<ul style=\"list-style-type: square;\">\n<li><span style=\"color: #1c351c; font-family: arial, helvetica, sans-serif; font-size: 12pt;\">Sie Ihre nach Art.\u00a06 Abs.\u00a01 S.\u00a01 lit.\u00a0a DSGVO ausdr\u00fcckliche Einwilligung dazu erteilt haben,<\/span><\/li>\n<li><span style=\"color: #1c351c; font-family: arial, helvetica, sans-serif; font-size: 12pt;\">die Weitergabe nach Art.\u00a06 Abs.\u00a01 S.\u00a01 lit.\u00a0f DSGVO zur Geltendmachung, Aus\u00fcbung oder Verteidigung von Rechtsanspr\u00fcchen erforderlich ist und kein Grund zur Annahme besteht, dass Sie ein \u00fcberwiegendes schutzw\u00fcrdiges Interesse an der Nichtweitergabe Ihrer Daten haben,<\/span><\/li>\n<li><span style=\"color: #1c351c; font-family: arial, helvetica, sans-serif; font-size: 12pt;\">f\u00fcr den Fall, dass f\u00fcr die Weitergabe nach Art.\u00a06 Abs.\u00a01 S.\u00a01 lit.\u00a0c DSGVO eine gesetzliche Verpflichtung besteht, sowie<\/span><\/li>\n<li><span style=\"color: #1c351c; font-family: arial, helvetica, sans-serif; font-size: 12pt;\">dies gesetzlich zul\u00e4ssig und nach Art.\u00a06 Abs.\u00a01 S.\u00a01 lit.\u00a0b DSGVO f\u00fcr die Abwicklung von Vertragsverh\u00e4ltnissen mit Ihnen erforderlich ist.<\/span><\/li>\n<\/ul>\n<p align=\"justify\"><span style=\"color: #1c351c; font-family: arial, helvetica, sans-serif; font-size: 12pt;\"><b>4. Cookies<\/b><\/span><\/p>\n<p align=\"justify\"><span style=\"color: #1c351c; font-family: arial, helvetica, sans-serif; font-size: 12pt;\">Wir setzen auf unserer Seite Cookies ein. Hierbei handelt es sich um kleine Dateien, die Ihr Browser automatisch erstellt und die auf Ihrem Endger\u00e4t (Laptop, Tablet, Smartphone o. \u00e4.) gespeichert werden, wenn Sie unsere Seite besuchen. Cookies richten auf Ihrem Endger\u00e4t keinen Schaden an, enthalten keine Viren, Trojaner oder sonstige Schadsoftware.<\/span><\/p>\n<p align=\"justify\"><span style=\"color: #1c351c; font-family: arial, helvetica, sans-serif; font-size: 12pt;\">In dem Cookie werden Informationen abgelegt, die sich jeweils im Zusammenhang mit dem spezifisch eingesetzten Endger\u00e4t ergeben. Dies bedeutet jedoch nicht, dass wir dadurch unmittelbar Kenntnis von Ihrer Identit\u00e4t erhalten.<\/span><\/p>\n<p align=\"justify\"><span style=\"color: #1c351c; font-family: arial, helvetica, sans-serif; font-size: 12pt;\">Der Einsatz von Cookies dient einerseits dazu, die Nutzung unseres Angebots f\u00fcr Sie angenehmer zu gestalten. So setzen wir sogenannte Session-Cookies ein, um zu erkennen, dass Sie einzelne Seiten unserer Website bereits besucht haben. Diese werden nach Verlassen unserer Seite automatisch gel\u00f6scht.<\/span><\/p>\n<p align=\"justify\"><span style=\"color: #1c351c; font-family: arial, helvetica, sans-serif; font-size: 12pt;\">Dar\u00fcber hinaus setzen wir ebenfalls zur Optimierung der Benutzerfreundlichkeit tempor\u00e4re Cookies ein, die f\u00fcr einen bestimmten festgelegten Zeitraum auf Ihrem Endger\u00e4t gespeichert werden. Besuchen Sie unsere Seite erneut, um unsere Dienste in Anspruch zu nehmen, wird automatisch erkannt, dass Sie bereits bei uns waren und welche Eingaben und Einstellungen sie get\u00e4tigt haben, um diese nicht noch einmal eingeben zu m\u00fcssen.<\/span><\/p>\n<p align=\"justify\"><span style=\"color: #1c351c; font-family: arial, helvetica, sans-serif; font-size: 12pt;\">Zum anderen setzten wir Cookies ein, um die Nutzung unserer Website statistisch zu erfassen und zum Zwecke der Optimierung unseres Angebotes f\u00fcr Sie auszuwerten (siehe Ziff.\u00a05). Diese Cookies erm\u00f6glichen es uns, bei einem erneuten Besuch unserer Seite automatisch zu erkennen, dass Sie bereits bei uns waren. Diese Cookies werden nach einer jeweils definierten Zeit automatisch gel\u00f6scht.<\/span><\/p>\n<p align=\"justify\"><span style=\"color: #1c351c; font-family: arial, helvetica, sans-serif; font-size: 12pt;\">Die durch Cookies verarbeiteten Daten sind f\u00fcr die genannten Zwecke zur Wahrung unserer berechtigten Interessen sowie der Dritter nach Art.\u00a06 Abs.\u00a01 S.\u00a01 lit.\u00a0f DSGVO erforderlich.<\/span><\/p>\n<p align=\"justify\"><span style=\"color: #1c351c; font-family: arial, helvetica, sans-serif; font-size: 12pt;\">Die meisten Browser akzeptieren Cookies automatisch. Sie k\u00f6nnen Ihren Browser jedoch so konfigurieren, dass keine Cookies auf Ihrem Computer gespeichert werden oder stets ein Hinweis erscheint, bevor ein neuer Cookie angelegt wird. Die vollst\u00e4ndige Deaktivierung von Cookies kann jedoch dazu f\u00fchren, dass Sie nicht alle Funktionen unserer Website nutzen k\u00f6nnen.<\/span><\/p>\n<p align=\"justify\"><span style=\"color: #1c351c; font-family: arial, helvetica, sans-serif; font-size: 12pt;\">Besuch nicht mehr erfasst wird.<\/span><\/p>\n<p align=\"justify\"><span style=\"color: #1c351c; font-family: arial, helvetica, sans-serif; font-size: 12pt;\"><b>5. Social Media Plug-ins<\/b><\/span><\/p>\n<p align=\"justify\"><span style=\"color: #1c351c; font-family: arial, helvetica, sans-serif; font-size: 12pt;\">Wir setzen auf unserer Website auf Grundlage des Art.\u00a06 Abs.\u00a01 S.\u00a01 lit.\u00a0f DSGVO Social Plug-ins der sozialen Netzwerke Facebook, Twitter und Instagram ein, um unsere Kanzlei hier\u00fcber bekannter zu machen. Der dahinterstehende werbliche Zweck ist als berechtigtes Interesse im Sinne der DSGVO anzusehen. Die Verantwortung f\u00fcr den datenschutzkonformen Betrieb ist durch deren jeweiligen Anbieter zu gew\u00e4hrleisten. Die Einbindung dieser Plug-ins durch uns erfolgt im Wege der sogenannten Zwei-Klick-Methode um Besucher unserer Webseite bestm\u00f6glich zu sch\u00fctzen.<\/span><\/p>\n<p align=\"justify\"><span style=\"color: #1c351c; font-family: arial, helvetica, sans-serif;\"><em><span style=\"font-size: 12pt;\">Facebook<\/span><\/em><\/span><\/p>\n<p align=\"justify\"><span style=\"color: #1c351c; font-family: arial, helvetica, sans-serif; font-size: 12pt;\">Auf unserer Website kommen Social-Media Plugins von Facebook zum Einsatz, um deren Nutzung pers\u00f6nlicher zu gestalten. Hierf\u00fcr nutzen wir den \u201eLIKE\u201c oder \u201eTEILEN\u201c-Button. Es handelt sich dabei um ein Angebot von Facebook.<\/span><\/p>\n<p align=\"justify\"><span style=\"color: #1c351c; font-family: arial, helvetica, sans-serif; font-size: 12pt;\">Wenn Sie eine Seite unseres Webauftritts aufrufen, die ein solches Plugin enth\u00e4lt, baut Ihr Browser eine direkte Verbindung mit den Servern von Facebook auf. Der Inhalt des Plugins wird von Facebook direkt an Ihren Browser \u00fcbermittelt und von diesem in die Webseite eingebunden.<\/span><\/p>\n<p align=\"justify\"><span style=\"color: #1c351c; font-family: arial, helvetica, sans-serif; font-size: 12pt;\">Durch die Einbindung der Plugins erh\u00e4lt Facebook die Information, dass Ihr Browser die entsprechende Seite unseres Webauftritts aufgerufen hat, auch wenn Sie kein Facebook-Konto besitzen oder gerade nicht bei Facebook eingeloggt sind. Diese Information (einschlie\u00dflich Ihrer IP-Adresse) wird von Ihrem Browser direkt an einen Server von Facebook in den USA \u00fcbermittelt und dort gespeichert.<\/span><\/p>\n<p align=\"justify\"><span style=\"color: #1c351c; font-family: arial, helvetica, sans-serif; font-size: 12pt;\">Sind Sie bei Facebook eingeloggt, kann Facebook den Besuch unserer Website Ihrem Facebook-Konto direkt zuordnen. Wenn Sie mit den Plugins interagieren, zum Beispiel den \u201eLIKE\u201c oder \u201eTEILEN\u201c-Button bet\u00e4tigen, wird die entsprechende Information ebenfalls direkt an einen Server von Facebook \u00fcbermittelt und dort gespeichert. Die Informationen werden zudem auf Facebook ver\u00f6ffentlicht und Ihren Facebook-Freunden angezeigt.<\/span><\/p>\n<p align=\"justify\"><span style=\"color: #1c351c; font-family: arial, helvetica, sans-serif; font-size: 12pt;\">Facebook kann diese Informationen zum Zwecke der Werbung, Marktforschung und bedarfsgerechten Gestaltung der Facebook-Seiten benutzen. Hierzu werden von Facebook Nutzungs-, Interessen- und Beziehungsprofile erstellt, z.\u00a0B. um Ihre Nutzung unserer Website im Hinblick auf die Ihnen bei Facebook eingeblendeten Werbeanzeigen auszuwerten, andere Facebook-Nutzer \u00fcber Ihre Aktivit\u00e4ten auf unserer Website zu informieren und um weitere mit der Nutzung von Facebook verbundene Dienstleistungen zu erbringen.<\/span><\/p>\n<p align=\"justify\"><span style=\"color: #1c351c; font-family: arial, helvetica, sans-serif; font-size: 12pt;\">Wenn Sie nicht m\u00f6chten, dass Facebook die \u00fcber unseren Webauftritt gesammelten Daten Ihrem Facebook-Konto zuordnet, m\u00fcssen Sie sich vor Ihrem Besuch unserer Website bei Facebook ausloggen.<\/span><\/p>\n<p align=\"justify\"><span style=\"font-family: arial, helvetica, sans-serif; font-size: 12pt; color: #1c351c;\">Zweck und Umfang der Datenerhebung und die weitere Verarbeitung und Nutzung der Daten durch Facebook sowie Ihre diesbez\u00fcglichen Rechte und Einstellungsm\u00f6glichkeiten zum Schutz Ihrer Privatsph\u00e4re entnehmen Sie bitte den <b>Datenschutzhinweisen<\/b> <a style=\"color: #1c351c;\" href=\"https:\/\/www.facebook.com\/about\/privacy\/\" target=\"_blank\" rel=\"noopener\"><u>(https:\/\/www.facebook.com\/about\/privacy\/<\/u><\/a>) von Facebook.<\/span><\/p>\n<p align=\"justify\"><span style=\"color: #1c351c; font-family: arial, helvetica, sans-serif; font-size: 12pt;\"><b>6. Betroffenenrechte<\/b><\/span><\/p>\n<p align=\"justify\"><span style=\"color: #1c351c; font-family: arial, helvetica, sans-serif; font-size: 12pt;\">Sie haben das Recht:<\/span><\/p>\n<ul style=\"list-style-type: square;\">\n<li><span style=\"color: #1c351c; font-family: arial, helvetica, sans-serif; font-size: 12pt;\">gem\u00e4\u00df Art.\u00a015 DSGVO Auskunft \u00fcber Ihre von uns verarbeiteten personenbezogenen Daten zu verlangen. Insbesondere k\u00f6nnen Sie Auskunft \u00fcber die Verarbeitungszwecke, die Kategorie der personenbezogenen Daten, die Kategorien von Empf\u00e4ngern, gegen\u00fcber denen Ihre Daten offengelegt wurden oder werden, die geplante Speicherdauer, das Bestehen eines Rechts auf Berichtigung, L\u00f6schung, Einschr\u00e4nkung der Verarbeitung oder Widerspruch, das Bestehen eines Beschwerderechts, die Herkunft ihrer Daten, sofern diese nicht bei uns erhoben wurden, sowie \u00fcber das Bestehen einer automatisierten Entscheidungsfindung einschlie\u00dflich Profiling und ggf. aussagekr\u00e4ftigen Informationen zu deren Einzelheiten verlangen;<\/span><\/li>\n<li><span style=\"color: #1c351c; font-family: arial, helvetica, sans-serif; font-size: 12pt;\">gem\u00e4\u00df Art.\u00a016 DSGVO unverz\u00fcglich die Berichtigung unrichtiger oder Vervollst\u00e4ndigung Ihrer bei uns gespeicherten personenbezogenen Daten zu verlangen;<\/span><\/li>\n<li><span style=\"color: #1c351c; font-family: arial, helvetica, sans-serif; font-size: 12pt;\">die Weitergabe nach Art.\u00a06 Abs.\u00a01 S.\u00a01 lit.\u00a0f DSGVO zur Geltendmachung, Aus\u00fcbung oder Verteidigung von Rechtsanspr\u00fcchen erforderlich ist und kein Grund zur Annahme besteht, dass Sie ein \u00fcberwiegendes schutzw\u00fcrdiges Interesse an der Nichtweitergabe Ihrer Daten haben,<\/span><\/li>\n<li><span style=\"color: #1c351c; font-family: arial, helvetica, sans-serif; font-size: 12pt;\">gem\u00e4\u00df Art.\u00a017 DSGVO die L\u00f6schung Ihrer bei uns gespeicherten personenbezogenen Daten zu verlangen, soweit nicht die Verarbeitung zur Aus\u00fcbung des Rechts auf freie Meinungs\u00e4u\u00dferung und Information, zur Erf\u00fcllung einer rechtlichen Verpflichtung, aus Gr\u00fcnden des \u00f6ffentlichen Interesses oder zur Geltendmachung, Aus\u00fcbung oder Verteidigung von Rechtsanspr\u00fcchen erforderlich ist;<\/span><\/li>\n<li><span style=\"color: #1c351c; font-family: arial, helvetica, sans-serif; font-size: 12pt;\">gem\u00e4\u00df Art.\u00a018 DSGVO die Einschr\u00e4nkung der Verarbeitung Ihrer personenbezogenen Daten zu verlangen, soweit die Richtigkeit der Daten von Ihnen bestritten wird, die Verarbeitung unrechtm\u00e4\u00dfig ist, Sie aber deren L\u00f6schung ablehnen und wir die Daten nicht mehr ben\u00f6tigen, Sie jedoch diese zur Geltendmachung, Aus\u00fcbung oder Verteidigung von Rechtsanspr\u00fcchen ben\u00f6tigen oder Sie gem\u00e4\u00df Art.\u00a021 DSGVO Widerspruch gegen die Verarbeitung eingelegt haben;<\/span><\/li>\n<li><span style=\"color: #1c351c; font-family: arial, helvetica, sans-serif; font-size: 12pt;\">gem\u00e4\u00df Art.\u00a020 DSGVO Ihre personenbezogenen Daten, die Sie uns bereitgestellt haben, in einem strukturierten, g\u00e4ngigen und maschinenlesebaren Format zu erhalten oder die \u00dcbermittlung an einen anderen Verantwortlichen zu verlangen;<\/span><\/li>\n<li><span style=\"color: #1c351c; font-family: arial, helvetica, sans-serif; font-size: 12pt;\">gem\u00e4\u00df Art.\u00a07 Abs.\u00a03 DSGVO Ihre einmal erteilte Einwilligung jederzeit gegen\u00fcber uns zu widerrufen. Dies hat zur Folge, dass wir die Datenverarbeitung, die auf dieser Einwilligung beruhte, f\u00fcr die Zukunft nicht mehr fortf\u00fchren d\u00fcrfen und<\/span><\/li>\n<li><span style=\"color: #1c351c; font-family: arial, helvetica, sans-serif; font-size: 12pt;\">gem\u00e4\u00df Art.\u00a077 DSGVO sich bei einer Aufsichtsbeh\u00f6rde zu beschweren. In der Regel k\u00f6nnen Sie sich hierf\u00fcr an die Aufsichtsbeh\u00f6rde Ihres \u00fcblichen Aufenthaltsortes oder Arbeitsplatzes oder unseres Kanzleisitzes wenden.<\/span><\/li>\n<\/ul>\n<p align=\"justify\"><span style=\"color: #1c351c; font-family: arial, helvetica, sans-serif; font-size: 12pt;\"><b>7. Widerspruchsrecht<\/b><\/span><\/p>\n<p align=\"justify\"><span style=\"color: #1c351c; font-family: arial, helvetica, sans-serif; font-size: 12pt;\">Sofern Ihre personenbezogenen Daten auf Grundlage von berechtigten Interessen gem\u00e4\u00df Art.\u00a06 Abs.\u00a01 S.\u00a01 lit.\u00a0f DSGVO verarbeitet werden, haben Sie das Recht, gem\u00e4\u00df Art.\u00a021 DSGVO Widerspruch gegen die Verarbeitung Ihrer personenbezogenen Daten einzulegen, soweit daf\u00fcr Gr\u00fcnde vorliegen, die sich aus Ihrer besonderen Situation ergeben oder sich der Widerspruch gegen Direktwerbung richtet. Im letzteren Fall haben Sie ein generelles Widerspruchsrecht, das ohne Angabe einer besonderen Situation von uns umgesetzt wird.<\/span><\/p>\n<p align=\"justify\"><span style=\"font-family: arial, helvetica, sans-serif; font-size: 12pt; color: #1c351c;\">M\u00f6chten Sie von Ihrem Widerrufs- oder Widerspruchsrecht Gebrauch machen, gen\u00fcgt eine E-Mail an webmaster[at]hs1955.de<\/span><\/p>\n<p align=\"justify\"><span style=\"color: #1c351c; font-family: arial, helvetica, sans-serif; font-size: 12pt;\"><b>8. Datensicherheit<\/b><\/span><\/p>\n<p align=\"justify\"><span style=\"color: #1c351c; font-family: arial, helvetica, sans-serif; font-size: 12pt;\">Wir verwenden innerhalb des Website-Besuchs das verbreitete SSL-Verfahren (Secure Socket Layer) in Verbindung mit der jeweils h\u00f6chsten Verschl\u00fcsselungsstufe, die von Ihrem Browser unterst\u00fctzt wird. In der Regel handelt es sich dabei um eine 256 Bit Verschl\u00fcsselung. Falls Ihr Browser keine 256-Bit Verschl\u00fcsselung unterst\u00fctzt, greifen wir stattdessen auf 128-Bit v3 Technologie zur\u00fcck. Ob eine einzelne Seite unseres Internetauftrittes verschl\u00fcsselt \u00fcbertragen wird, erkennen Sie an der geschlossenen Darstellung des Sch\u00fcssel- beziehungsweise Schloss-Symbols in der unteren Statusleiste Ihres Browsers.<\/span><\/p>\n<p align=\"justify\"><span style=\"color: #1c351c; font-family: arial, helvetica, sans-serif; font-size: 12pt;\">Wir bedienen uns im \u00dcbrigen geeigneter technischer und organisatorischer Sicherheitsma\u00dfnahmen, um Ihre Daten gegen zuf\u00e4llige oder vors\u00e4tzliche Manipulationen, teilweisen oder vollst\u00e4ndigen Verlust, Zerst\u00f6rung oder gegen den unbefugten Zugriff Dritter zu sch\u00fctzen. Unsere Sicherheitsma\u00dfnahmen werden entsprechend der technologischen Entwicklung fortlaufend verbessert.<\/span><\/p>\n<p align=\"justify\"><span style=\"color: #1c351c; font-family: arial, helvetica, sans-serif; font-size: 12pt;\"><b>9. Aktualit\u00e4t und \u00c4nderung dieser Datenschutzerkl\u00e4rung<\/b><\/span><\/p>\n<p align=\"justify\"><span style=\"color: #1c351c; font-family: arial, helvetica, sans-serif; font-size: 12pt;\">Diese Datenschutzerkl\u00e4rung ist aktuell g\u00fcltig und hat den Stand Mai 2018.<\/span><\/p>\n<p align=\"justify\"><span style=\"font-family: arial, helvetica, sans-serif; font-size: 12pt; color: #1c351c;\">Durch die Weiterentwicklung unserer Website und Angebote dar\u00fcber oder aufgrund ge\u00e4nderter gesetzlicher beziehungsweise beh\u00f6rdlicher Vorgaben kann es notwendig werden, diese Datenschutzerkl\u00e4rung zu \u00e4ndern. Die jeweils aktuelle Datenschutzerkl\u00e4rung kann jederzeit auf der Website unter <a style=\"color: #1c351c;\" href=\"http:\/\/hs1955.de\/ver2\/datenschutz\/\">http:\/\/hs1955.de\/ver2\/datenschutz\/<\/a>\u00a0von Ihnen abgerufen und ausgedruckt werden.<\/span><\/p>","protected":false},"excerpt":{"rendered":"<p>\u00a0 der St. Hubertussch\u00fctzen Neuss-Furth e. V. 1. Name und Kontaktdaten des f\u00fcr die Verarbeitung Verantwortlichen Diese Datenschutz-Information gilt f\u00fcr die Datenverarbeitung durch: die St. Hubertussch\u00fctzen Neuss-Furth e. V. Verantwortlicher: Vorstand der St. Hubertussch\u00fctzen Neuss-Furth e. V.vertreten durch den1. VorsitzendenMarcel H\u00e4hnenAm Leuchtenhof 6 a41462 Neuss\u00a0E-Mail: haehnen[at]hs1955.de 2. Erhebung und Speicherung personenbezogener Daten sowie Art und [&hellip;]<\/p>\n","protected":false},"author":1,"featured_media":0,"parent":127,"menu_order":1,"comment_status":"closed","ping_status":"closed","template":"","meta":{"footnotes":""},"class_list":["post-499","page","type-page","status-publish","hentry"],"aioseo_notices":[],"_links":{"self":[{"href":"https:\/\/hs1955.de\/ver2\/wp-json\/wp\/v2\/pages\/499","targetHints":{"allow":["GET"]}}],"collection":[{"href":"https:\/\/hs1955.de\/ver2\/wp-json\/wp\/v2\/pages"}],"about":[{"href":"https:\/\/hs1955.de\/ver2\/wp-json\/wp\/v2\/types\/page"}],"author":[{"embeddable":true,"href":"https:\/\/hs1955.de\/ver2\/wp-json\/wp\/v2\/users\/1"}],"replies":[{"embeddable":true,"href":"https:\/\/hs1955.de\/ver2\/wp-json\/wp\/v2\/comments?post=499"}],"version-history":[{"count":20,"href":"https:\/\/hs1955.de\/ver2\/wp-json\/wp\/v2\/pages\/499\/revisions"}],"predecessor-version":[{"id":3159,"href":"https:\/\/hs1955.de\/ver2\/wp-json\/wp\/v2\/pages\/499\/revisions\/3159"}],"up":[{"embeddable":true,"href":"https:\/\/hs1955.de\/ver2\/wp-json\/wp\/v2\/pages\/127"}],"wp:attachment":[{"href":"https:\/\/hs1955.de\/ver2\/wp-json\/wp\/v2\/media?parent=499"}],"curies":[{"name":"wp","href":"https:\/\/api.w.org\/{rel}","templated":true}]}}